{"id":38365,"date":"2020-06-05T09:45:41","date_gmt":"2020-06-05T09:45:41","guid":{"rendered":"https:\/\/koorwood.eu\/?page_id=38365"},"modified":"2025-08-13T15:09:21","modified_gmt":"2025-08-13T12:09:21","slug":"kontori-kontakt","status":"publish","type":"page","link":"https:\/\/koorwood.eu\/et\/kontori-kontakt\/","title":{"rendered":"Kontakt"},"content":{"rendered":"<h1 class=\"wp-block-heading\">V\u00f5ta \u00fchendust<\/h1><div  class=\"grids-section grids-is-advanced\" style=\"--_gs-gap-desktop:0px 0px;--_gs-m-desktop:10px 0 0 0;--_gs-p-desktop:0 0 0 0;--_gs-bg-desktop:transparent none;--_gs-bg-xp-desktop:0px;--_gs-zi-desktop:auto;--_gs-d-desktop:block;--_gs-mw-desktop:calc(100% - 0 - 0);--_gs-gap-tablet:0px 0px;--_gs-m-tablet:10px 0 0 0;--_gs-p-tablet:0 0 0 0;--_gs-bg-tablet:transparent none;--_gs-bg-xp-tablet:0px;--_gs-zi-tablet:auto;--_gs-d-tablet:block;--_gs-mw-tablet:calc(100% - 0 - 0);--_gs-gap-mobile:0px 0px;--_gs-m-mobile:10px 0 0 0;--_gs-p-mobile:0 0 0 0;--_gs-bg-mobile:transparent none;--_gs-bg-xp-mobile:0px;--_gs-zi-mobile:auto;--_gs-d-mobile:block;--_gs-mw-mobile:calc(100% - 0 - 0);--_gs-columns:12;--_gs-rows:6\"><div class=\"grids-s-w_i\">\n<div class=\"grids-area\" style=\"--_ga-column:1\/9;--_ga-row:1\/7;--_ga-m-desktop:0 15px 0 0;--_ga-p-desktop:0 0 0 0;--_ga-bg-desktop:transparent none;--_ga-zi-desktop:auto;--_ga-d-desktop:flex;--_ga-mw-desktop:calc(100% - 0 - 15px);--_ga-m-tablet:0 15px 0 0;--_ga-p-tablet:0 0 0 0;--_ga-bg-tablet:transparent none;--_ga-zi-tablet:auto;--_ga-d-tablet:flex;--_ga-mw-tablet:calc(100% - 0 - 15px);--_ga-m-mobile:0 0px 0 0;--_ga-p-mobile:0 0 0 0;--_ga-bg-mobile:transparent none;--_ga-zi-mobile:auto;--_ga-d-mobile:flex;--_ga-mw-mobile:calc(100% - 0 - 0px)\">\n<iframe loading=\"lazy\" src=\"https:\/\/www.google.com\/maps\/embed?pb=!1m18!1m12!1m3!1d2030.3362143831969!2d24.740085716342126!3d59.4107863816874!2m3!1f0!2f0!3f0!3m2!1i1024!2i768!4f13.1!3m3!1m2!1s0x469294c0b382ebcb%3A0xccfa049d47b030ee!2sT%C3%BCri%2010d%2C%2011313%20Tallinn%2C%20Estonia!5e0!3m2!1sen!2sus!4v1581349470699!5m2!1sen!2sus\" style=\"border:0;\" allowfullscreen=\"\" width=\"100%\" height=\"510\" frameborder=\"0\"><\/iframe>\n<\/div>\n\n<div class=\"grids-area\" style=\"--_ga-column:9\/13;--_ga-row:1\/7;--_ga-m-desktop:0 0 0 15px;--_ga-p-desktop:0 0 0 0;--_ga-bg-desktop:transparent none;--_ga-zi-desktop:auto;--_ga-d-desktop:flex;--_ga-mw-desktop:calc(100% - 15px - 0);--_ga-m-tablet:0 0 0 15px;--_ga-p-tablet:0 0 0 0;--_ga-bg-tablet:transparent none;--_ga-zi-tablet:auto;--_ga-d-tablet:flex;--_ga-mw-tablet:calc(100% - 15px - 0);--_ga-m-mobile:0 0 0 15px;--_ga-p-mobile:0 0 0 0;--_ga-bg-mobile:transparent none;--_ga-zi-mobile:auto;--_ga-d-mobile:flex;--_ga-mw-mobile:calc(100% - 15px - 0)\">\n<h2 class=\"wp-block-heading\">Kontori kontakt<\/h2>\n\n<p><strong>KOOR wood<\/strong><br>T\u00fcri 10D &#8211; 204,<br>11313 Tallinn<br>Estonia<\/p>\n\n<p><a href=\"mailto:info@koorwood.eu\">info@koorwood.eu<\/a><br><a rel=\"noreferrer noopener\" aria-label=\"@koor_wood (opens in a new tab)\" href=\"https:\/\/instagram.com\/koor_wood\/\" target=\"_blank\">@koor_wood<\/a><br><a href=\"tel:+3726040303\">+372 6040303<\/a><br><a href=\"tel:+37259949299\">+372 5594 9299<\/a><\/p>\n\n<div style=\"height:20px\" aria-hidden=\"true\" class=\"wp-block-spacer\"><\/div>\n\n<h2 class=\"wp-block-heading\">Arveldus info<\/h2>\n\n<p><strong>KW Meistrid O\u00dc<\/strong><br>Reg code: 10346780<br>VAT&nbsp;nr:&nbsp;EE100678316 <\/p>\n\n<p>T\u00fcri 10D &#8211; 204, <br>11313 Tallinn<br>Estonia<\/p>\n\n<p>IBAN:&nbsp;EE112200221059642340<br>SWIFT\/BIC: HABAEE2X<\/p>\n<\/div>\n<\/div><\/div><div style=\"height:50px\" aria-hidden=\"true\" class=\"wp-block-spacer\"><\/div><h2 class=\"wp-block-heading has-text-align-center\" id=\"about\">Meist<\/h2><p class=\"has-text-align-center\">Oleme puidut\u00f6\u00f6- ja disainiettev\u00f5te. Meie eesm\u00e4rgiks on luua esteetilisi, praktilisi ja keskkonnas\u00f5bralikke tooteid, mis sobiksid moodsasse elukeskkonda. T\u00f6\u00f6koda, kus toimub k\u00f5ik, alates kontseptsioonist kuni pakendamiseni, paikneb Tallinnas. KOOR wood on asutatud looduse, k\u00e4sit\u00f6\u00f6 ja tehnoloogia suhtes kirglike inimeste poolt. Meie kujundused on inspireeritud p\u00f5hjamaistest stiilidest, kultuuridest ja loodusest. KOOR woodi missiooniks on valmistada tooteid mis on kaunid, praktilised, keskkonnas\u00e4\u00e4stlikud ning sobituvad lihtsalt moodsa elustiiliga. <\/p><p class=\"has-text-align-center\">K\u00f5ik meie tooted on valmistatud, disainitud ja toodetud Eestis. Oleme alati avatud koost\u00f6\u00f6le ka teiste loominguliste ettev\u00f5tetega ja otsime v\u00f5imalust k\u00e4tt proovida uute ideede ning projektide ellu viimisel. Kui tekkis huvi meiega koost\u00f6\u00f6d teha v\u00f5i KOOR wood tiimiga liituda v\u00f5ta meiega julgelt allpool asuva kontaktivormi kaudu \u00fchendust! K\u00fclasta ka meie&nbsp;<a href=\"https:\/\/www.instagram.com\/koor_wood\/\">Instagrami<\/a>&nbsp;v\u00f5i&nbsp;<a href=\"https:\/\/www.facebook.com\/KOORwoodEesti\">Facebooki<\/a>&nbsp;lehek\u00fclgi ja j\u00e4lgi meie tegevusi ka tulevikus.<\/p><div class=\"wp-block-image\"><figure class=\"aligncenter size-large is-resized\"><a href=\"https:\/\/www.koda.ee\/et\/meist\/mis-eesti-kaubandus-toostuskoda\"><img decoding=\"async\" width=\"1024\" height=\"439\" src=\"https:\/\/koorwood.eu\/wp-content\/uploads\/2021\/01\/KODA_liige_EST_logo_horiz-1024x439.png\" alt=\"\" class=\"wp-image-39523\" style=\"width:256px;height:110px\" srcset=\"https:\/\/koorwood.eu\/wp-content\/uploads\/2021\/01\/KODA_liige_EST_logo_horiz-1024x439.png 1024w, https:\/\/koorwood.eu\/wp-content\/uploads\/2021\/01\/KODA_liige_EST_logo_horiz-500x214.png 500w, https:\/\/koorwood.eu\/wp-content\/uploads\/2021\/01\/KODA_liige_EST_logo_horiz-300x129.png 300w, https:\/\/koorwood.eu\/wp-content\/uploads\/2021\/01\/KODA_liige_EST_logo_horiz-768x329.png 768w, https:\/\/koorwood.eu\/wp-content\/uploads\/2021\/01\/KODA_liige_EST_logo_horiz-1536x658.png 1536w, https:\/\/koorwood.eu\/wp-content\/uploads\/2021\/01\/KODA_liige_EST_logo_horiz.png 1654w\" sizes=\"(max-width: 1024px) 100vw, 1024px\" \/><\/a><\/figure><\/div><div class=\"wp-block-image\"><figure class=\"aligncenter size-large is-resized\"><a href=\"https:\/\/gasell.aripaev.ee\/gaselli-kongress\/\"><img decoding=\"async\" width=\"315\" height=\"259\" src=\"https:\/\/koorwood.eu\/wp-content\/uploads\/2021\/02\/gasellfirma.png\" alt=\"\" class=\"wp-image-39563\" style=\"width:158px;height:130px\" srcset=\"https:\/\/koorwood.eu\/wp-content\/uploads\/2021\/02\/gasellfirma.png 315w, https:\/\/koorwood.eu\/wp-content\/uploads\/2021\/02\/gasellfirma-300x247.png 300w\" sizes=\"(max-width: 315px) 100vw, 315px\" \/><\/a><\/figure><\/div><div  class=\"grids-section grids-is-stretch alignwide\" style=\"--_gs-gap-desktop:0px 0px;--_gs-m-desktop:30px 0 0 0;--_gs-p-desktop:50px 0 50px 0;--_gs-bg-desktop:#ffffff none;--_gs-bg-xp-desktop:calc( 50% - 50vw );--_gs-zi-desktop:auto;--_gs-d-desktop:block;--_gs-mw-desktop:calc(100% - 0 - 0);--_gs-gap-tablet:0px 0px;--_gs-m-tablet:30px 0 0 0;--_gs-p-tablet:50px 0 50px 0;--_gs-bg-tablet:#ffffff none;--_gs-bg-xp-tablet:calc( 50% - 50vw );--_gs-zi-tablet:auto;--_gs-d-tablet:block;--_gs-mw-tablet:calc(100% - 0 - 0);--_gs-gap-mobile:0px 0px;--_gs-m-mobile:30px 0 0 0;--_gs-p-mobile:50px 0 50px 0;--_gs-bg-mobile:#ffffff none;--_gs-bg-xp-mobile:calc( 50% - 50vw );--_gs-zi-mobile:auto;--_gs-d-mobile:block;--_gs-mw-mobile:calc(100% - 0 - 0);--_gs-columns:1;--_gs-rows:1\"><div class=\"grids-s-w_i\">\n<div class=\"grids-area\" style=\"--_ga-column:1\/2;--_ga-row:1\/2;--_ga-m-desktop:0 0 0 0;--_ga-p-desktop:0 0 0 0;--_ga-bg-desktop:transparent none;--_ga-zi-desktop:auto;--_ga-d-desktop:flex;--_ga-mw-desktop:calc(100% - 0 - 0);--_ga-m-tablet:0 0 0 0;--_ga-p-tablet:0 0 0 0;--_ga-bg-tablet:transparent none;--_ga-zi-tablet:auto;--_ga-d-tablet:flex;--_ga-mw-tablet:calc(100% - 0 - 0);--_ga-m-mobile:0 0 0 0;--_ga-p-mobile:0 0 0 0;--_ga-bg-mobile:transparent none;--_ga-zi-mobile:auto;--_ga-d-mobile:flex;--_ga-mw-mobile:calc(100% - 0 - 0)\">\n<div id=\"staff-members-block_281ce86ba668f323b5bb31ee0c17c94e\" class=\"staff-members\">\n    \n        <div class=\"row\">\n\n        \n            <div class=\"col-12 col-sm-6 col-md-3 mb-3\">\n                                    <img decoding=\"async\" class=\"img-fluid\" src=\"https:\/\/koorwood.eu\/wp-content\/uploads\/2020\/03\/jaan.png\" alt=\"\" \/>\n                                                    <div class=\"staff-name\">\n                        <h4>JAAN STERN<\/h4>\n                    <\/div>\n                                                    <div class=\"staff-jobtitle\">\n                        <p>T\u00f6\u00f6koja juhataja<\/p>\n                    <\/div>\n                                <p>\n                                            <a class=\"staff-email\" href=\"mailto:workshop@koorwood.eu\">workshop@koorwood.eu<\/a><br>\n                                                                Phone: <a class=\"staff-phone\" href=\"tel:+372\u202d 5662 4277\u202c\">+372\u202d 5662 4277\u202c<\/a>\n                                    <\/p>\n            <\/div>\n\n        \n            <div class=\"col-12 col-sm-6 col-md-3 mb-3\">\n                                    <img decoding=\"async\" class=\"img-fluid\" src=\"https:\/\/koorwood.eu\/wp-content\/uploads\/2023\/10\/tuuli-295x300-1.png\" alt=\"\" \/>\n                                                    <div class=\"staff-name\">\n                        <h4>TUULI PELLENEN<\/h4>\n                    <\/div>\n                                                    <div class=\"staff-jobtitle\">\n                        <p>M\u00fc\u00fck ja turundus<\/p>\n                    <\/div>\n                                <p>\n                                            <a class=\"staff-email\" href=\"mailto:info@koorwood.eu\">info@koorwood.eu<\/a><br>\n                                                                Phone: <a class=\"staff-phone\" href=\"tel:+372 604 0303\u202c\">+372 604 0303\u202c<\/a>\n                                    <\/p>\n            <\/div>\n\n        \n            <div class=\"col-12 col-sm-6 col-md-3 mb-3\">\n                                    <img decoding=\"async\" class=\"img-fluid\" src=\"https:\/\/koorwood.eu\/wp-content\/uploads\/2020\/03\/Alex.png\" alt=\"\" \/>\n                                                    <div class=\"staff-name\">\n                        <h4>ALEKSANDER TOMAS<\/h4>\n                    <\/div>\n                                                    <div class=\"staff-jobtitle\">\n                        <p>Br\u00e4ndijuht<\/p>\n                    <\/div>\n                                <p>\n                                            <a class=\"staff-email\" href=\"mailto:alex@koorwood.eu\">alex@koorwood.eu<\/a><br>\n                                                                Phone: <a class=\"staff-phone\" href=\"tel:+372 604 0303\">+372 604 0303<\/a>\n                                    <\/p>\n            <\/div>\n\n        \n            <div class=\"col-12 col-sm-6 col-md-3 mb-3\">\n                                    <img decoding=\"async\" class=\"img-fluid\" src=\"https:\/\/koorwood.eu\/wp-content\/uploads\/2021\/01\/henri.png\" alt=\"\" \/>\n                                                    <div class=\"staff-name\">\n                        <h4>HENRI NURMELA<\/h4>\n                    <\/div>\n                                                    <div class=\"staff-jobtitle\">\n                        <p>Masinist<\/p>\n                    <\/div>\n                                <p>\n                                            <a class=\"staff-email\" href=\"mailto:info@koorwood.eu\">info@koorwood.eu<\/a><br>\n                                                                Phone: <a class=\"staff-phone\" href=\"tel:+372 604 0303\">+372 604 0303<\/a>\n                                    <\/p>\n            <\/div>\n\n        \n        <\/div>\n\n    <\/div>\n<\/div>\n<\/div><\/div>","protected":false},"excerpt":{"rendered":"<p>V\u00f5ta \u00fchendust Meist Oleme puidut\u00f6\u00f6- ja disainiettev\u00f5te. Meie eesm\u00e4rgiks on luua esteetilisi, praktilisi ja keskkonnas\u00f5bralikke tooteid, mis sobiksid moodsasse elukeskkonda. [&hellip;]<\/p>\n","protected":false},"author":1,"featured_media":0,"parent":0,"menu_order":0,"comment_status":"closed","ping_status":"closed","template":"","meta":{"_acf_changed":false,"_exactmetrics_skip_tracking":false,"_exactmetrics_sitenote_active":false,"_exactmetrics_sitenote_note":"","_exactmetrics_sitenote_category":0,"jetpack_post_was_ever_published":false,"footnotes":""},"class_list":["post-38365","page","type-page","status-publish","hentry"],"acf":[],"yoast_head":"<!-- This site is optimized with the Yoast SEO plugin v23.4 - https:\/\/yoast.com\/wordpress\/plugins\/seo\/ -->\n<title>Kontakt | Puut\u00f6\u00f6- ja disan | CNC ja laserl\u00f5ikus | KOOR wood<\/title>\n<meta name=\"description\" content=\"Pakume tasemel kujundamise, disaini, tootmise ja tootearendus- ning protot\u00fc\u00fcpimisteenuseid. Originaalsed meened, \u00e4rikingitused, graveerimine.\" \/>\n<meta name=\"robots\" content=\"index, follow, max-snippet:-1, max-image-preview:large, max-video-preview:-1\" \/>\n<link rel=\"canonical\" href=\"https:\/\/koorwood.eu\/et\/kontori-kontakt\/\" \/>\n<meta property=\"og:locale\" content=\"et_EE\" \/>\n<meta property=\"og:type\" content=\"article\" \/>\n<meta property=\"og:title\" content=\"Kontakt | Puut\u00f6\u00f6- ja disan | CNC ja laserl\u00f5ikus | KOOR wood\" \/>\n<meta property=\"og:description\" content=\"Pakume tasemel kujundamise, disaini, tootmise ja tootearendus- ning protot\u00fc\u00fcpimisteenuseid. Originaalsed meened, \u00e4rikingitused, graveerimine.\" \/>\n<meta property=\"og:url\" content=\"https:\/\/koorwood.eu\/et\/kontori-kontakt\/\" \/>\n<meta property=\"og:site_name\" content=\"KOOR wood\" \/>\n<meta property=\"article:publisher\" content=\"https:\/\/www.facebook.com\/KOORwoodEesti\/\" \/>\n<meta property=\"article:modified_time\" content=\"2025-08-13T12:09:21+00:00\" \/>\n<meta property=\"og:image\" content=\"https:\/\/koorwood.eu\/wp-content\/uploads\/2021\/01\/KODA_liige_EST_logo_horiz-1024x439.png\" \/>\n<meta name=\"twitter:card\" content=\"summary_large_image\" \/>\n<meta name=\"twitter:label1\" content=\"Est. reading time\" \/>\n\t<meta name=\"twitter:data1\" content=\"2 minutit\" \/>\n<script type=\"application\/ld+json\" class=\"yoast-schema-graph\">{\"@context\":\"https:\/\/schema.org\",\"@graph\":[{\"@type\":\"WebPage\",\"@id\":\"https:\/\/koorwood.eu\/et\/kontori-kontakt\/\",\"url\":\"https:\/\/koorwood.eu\/et\/kontori-kontakt\/\",\"name\":\"Kontakt | Puut\u00f6\u00f6- ja disan | CNC ja laserl\u00f5ikus | KOOR wood\",\"isPartOf\":{\"@id\":\"https:\/\/koorwood.eu\/et\/#website\"},\"primaryImageOfPage\":{\"@id\":\"https:\/\/koorwood.eu\/et\/kontori-kontakt\/#primaryimage\"},\"image\":{\"@id\":\"https:\/\/koorwood.eu\/et\/kontori-kontakt\/#primaryimage\"},\"thumbnailUrl\":\"https:\/\/koorwood.eu\/wp-content\/uploads\/2021\/01\/KODA_liige_EST_logo_horiz-1024x439.png\",\"datePublished\":\"2020-06-05T09:45:41+00:00\",\"dateModified\":\"2025-08-13T12:09:21+00:00\",\"description\":\"Pakume tasemel kujundamise, disaini, tootmise ja tootearendus- ning protot\u00fc\u00fcpimisteenuseid. Originaalsed meened, \u00e4rikingitused, graveerimine.\",\"breadcrumb\":{\"@id\":\"https:\/\/koorwood.eu\/et\/kontori-kontakt\/#breadcrumb\"},\"inLanguage\":\"et\",\"potentialAction\":[{\"@type\":\"ReadAction\",\"target\":[\"https:\/\/koorwood.eu\/et\/kontori-kontakt\/\"]}]},{\"@type\":\"ImageObject\",\"inLanguage\":\"et\",\"@id\":\"https:\/\/koorwood.eu\/et\/kontori-kontakt\/#primaryimage\",\"url\":\"https:\/\/koorwood.eu\/wp-content\/uploads\/2021\/01\/KODA_liige_EST_logo_horiz-1024x439.png\",\"contentUrl\":\"https:\/\/koorwood.eu\/wp-content\/uploads\/2021\/01\/KODA_liige_EST_logo_horiz-1024x439.png\"},{\"@type\":\"BreadcrumbList\",\"@id\":\"https:\/\/koorwood.eu\/et\/kontori-kontakt\/#breadcrumb\",\"itemListElement\":[{\"@type\":\"ListItem\",\"position\":1,\"name\":\"Home\",\"item\":\"https:\/\/koorwood.eu\/et\/\"},{\"@type\":\"ListItem\",\"position\":2,\"name\":\"Kontakt\"}]},{\"@type\":\"WebSite\",\"@id\":\"https:\/\/koorwood.eu\/et\/#website\",\"url\":\"https:\/\/koorwood.eu\/et\/\",\"name\":\"KOOR wood\",\"description\":\"a bit of nature at your side\",\"publisher\":{\"@id\":\"https:\/\/koorwood.eu\/et\/#organization\"},\"potentialAction\":[{\"@type\":\"SearchAction\",\"target\":{\"@type\":\"EntryPoint\",\"urlTemplate\":\"https:\/\/koorwood.eu\/et\/?s={search_term_string}\"},\"query-input\":{\"@type\":\"PropertyValueSpecification\",\"valueRequired\":true,\"valueName\":\"search_term_string\"}}],\"inLanguage\":\"et\"},{\"@type\":\"Organization\",\"@id\":\"https:\/\/koorwood.eu\/et\/#organization\",\"name\":\"KOOR wood\",\"url\":\"https:\/\/koorwood.eu\/et\/\",\"logo\":{\"@type\":\"ImageObject\",\"inLanguage\":\"et\",\"@id\":\"https:\/\/koorwood.eu\/et\/#\/schema\/logo\/image\/\",\"url\":\"https:\/\/i1.wp.com\/koorwood.eu\/wp-content\/uploads\/2020\/03\/KOOR-wood-a-bit-of-nature-in-Your-pocket-logo-244x82-1.png?fit=244%2C82&ssl=1\",\"contentUrl\":\"https:\/\/i1.wp.com\/koorwood.eu\/wp-content\/uploads\/2020\/03\/KOOR-wood-a-bit-of-nature-in-Your-pocket-logo-244x82-1.png?fit=244%2C82&ssl=1\",\"width\":244,\"height\":82,\"caption\":\"KOOR wood\"},\"image\":{\"@id\":\"https:\/\/koorwood.eu\/et\/#\/schema\/logo\/image\/\"},\"sameAs\":[\"https:\/\/www.facebook.com\/KOORwoodEesti\/\",\"https:\/\/www.instagram.com\/koor_wood\/\",\"https:\/\/ee.linkedin.com\/company\/koor-wood\",\"https:\/\/www.pinterest.com\/koorwood\/\",\"https:\/\/www.youtube.com\/channel\/UCHEstdKMn-jOYJYqhFRL_og\"]}]}<\/script>\n<!-- \/ Yoast SEO plugin. -->","yoast_head_json":{"title":"Kontakt | Puut\u00f6\u00f6- ja disan | CNC ja laserl\u00f5ikus | KOOR wood","description":"Pakume tasemel kujundamise, disaini, tootmise ja tootearendus- ning protot\u00fc\u00fcpimisteenuseid. Originaalsed meened, \u00e4rikingitused, graveerimine.","robots":{"index":"index","follow":"follow","max-snippet":"max-snippet:-1","max-image-preview":"max-image-preview:large","max-video-preview":"max-video-preview:-1"},"canonical":"https:\/\/koorwood.eu\/et\/kontori-kontakt\/","og_locale":"et_EE","og_type":"article","og_title":"Kontakt | Puut\u00f6\u00f6- ja disan | CNC ja laserl\u00f5ikus | KOOR wood","og_description":"Pakume tasemel kujundamise, disaini, tootmise ja tootearendus- ning protot\u00fc\u00fcpimisteenuseid. Originaalsed meened, \u00e4rikingitused, graveerimine.","og_url":"https:\/\/koorwood.eu\/et\/kontori-kontakt\/","og_site_name":"KOOR wood","article_publisher":"https:\/\/www.facebook.com\/KOORwoodEesti\/","article_modified_time":"2025-08-13T12:09:21+00:00","og_image":[{"url":"https:\/\/koorwood.eu\/wp-content\/uploads\/2021\/01\/KODA_liige_EST_logo_horiz-1024x439.png"}],"twitter_card":"summary_large_image","twitter_misc":{"Est. reading time":"2 minutit"},"schema":{"@context":"https:\/\/schema.org","@graph":[{"@type":"WebPage","@id":"https:\/\/koorwood.eu\/et\/kontori-kontakt\/","url":"https:\/\/koorwood.eu\/et\/kontori-kontakt\/","name":"Kontakt | Puut\u00f6\u00f6- ja disan | CNC ja laserl\u00f5ikus | KOOR wood","isPartOf":{"@id":"https:\/\/koorwood.eu\/et\/#website"},"primaryImageOfPage":{"@id":"https:\/\/koorwood.eu\/et\/kontori-kontakt\/#primaryimage"},"image":{"@id":"https:\/\/koorwood.eu\/et\/kontori-kontakt\/#primaryimage"},"thumbnailUrl":"https:\/\/koorwood.eu\/wp-content\/uploads\/2021\/01\/KODA_liige_EST_logo_horiz-1024x439.png","datePublished":"2020-06-05T09:45:41+00:00","dateModified":"2025-08-13T12:09:21+00:00","description":"Pakume tasemel kujundamise, disaini, tootmise ja tootearendus- ning protot\u00fc\u00fcpimisteenuseid. Originaalsed meened, \u00e4rikingitused, graveerimine.","breadcrumb":{"@id":"https:\/\/koorwood.eu\/et\/kontori-kontakt\/#breadcrumb"},"inLanguage":"et","potentialAction":[{"@type":"ReadAction","target":["https:\/\/koorwood.eu\/et\/kontori-kontakt\/"]}]},{"@type":"ImageObject","inLanguage":"et","@id":"https:\/\/koorwood.eu\/et\/kontori-kontakt\/#primaryimage","url":"https:\/\/koorwood.eu\/wp-content\/uploads\/2021\/01\/KODA_liige_EST_logo_horiz-1024x439.png","contentUrl":"https:\/\/koorwood.eu\/wp-content\/uploads\/2021\/01\/KODA_liige_EST_logo_horiz-1024x439.png"},{"@type":"BreadcrumbList","@id":"https:\/\/koorwood.eu\/et\/kontori-kontakt\/#breadcrumb","itemListElement":[{"@type":"ListItem","position":1,"name":"Home","item":"https:\/\/koorwood.eu\/et\/"},{"@type":"ListItem","position":2,"name":"Kontakt"}]},{"@type":"WebSite","@id":"https:\/\/koorwood.eu\/et\/#website","url":"https:\/\/koorwood.eu\/et\/","name":"KOOR wood","description":"a bit of nature at your side","publisher":{"@id":"https:\/\/koorwood.eu\/et\/#organization"},"potentialAction":[{"@type":"SearchAction","target":{"@type":"EntryPoint","urlTemplate":"https:\/\/koorwood.eu\/et\/?s={search_term_string}"},"query-input":{"@type":"PropertyValueSpecification","valueRequired":true,"valueName":"search_term_string"}}],"inLanguage":"et"},{"@type":"Organization","@id":"https:\/\/koorwood.eu\/et\/#organization","name":"KOOR wood","url":"https:\/\/koorwood.eu\/et\/","logo":{"@type":"ImageObject","inLanguage":"et","@id":"https:\/\/koorwood.eu\/et\/#\/schema\/logo\/image\/","url":"https:\/\/i1.wp.com\/koorwood.eu\/wp-content\/uploads\/2020\/03\/KOOR-wood-a-bit-of-nature-in-Your-pocket-logo-244x82-1.png?fit=244%2C82&ssl=1","contentUrl":"https:\/\/i1.wp.com\/koorwood.eu\/wp-content\/uploads\/2020\/03\/KOOR-wood-a-bit-of-nature-in-Your-pocket-logo-244x82-1.png?fit=244%2C82&ssl=1","width":244,"height":82,"caption":"KOOR wood"},"image":{"@id":"https:\/\/koorwood.eu\/et\/#\/schema\/logo\/image\/"},"sameAs":["https:\/\/www.facebook.com\/KOORwoodEesti\/","https:\/\/www.instagram.com\/koor_wood\/","https:\/\/ee.linkedin.com\/company\/koor-wood","https:\/\/www.pinterest.com\/koorwood\/","https:\/\/www.youtube.com\/channel\/UCHEstdKMn-jOYJYqhFRL_og"]}]}},"jetpack_sharing_enabled":true,"jetpack_shortlink":"https:\/\/wp.me\/P5aax0-9YN","_links":{"self":[{"href":"https:\/\/koorwood.eu\/et\/wp-json\/wp\/v2\/pages\/38365"}],"collection":[{"href":"https:\/\/koorwood.eu\/et\/wp-json\/wp\/v2\/pages"}],"about":[{"href":"https:\/\/koorwood.eu\/et\/wp-json\/wp\/v2\/types\/page"}],"author":[{"embeddable":true,"href":"https:\/\/koorwood.eu\/et\/wp-json\/wp\/v2\/users\/1"}],"replies":[{"embeddable":true,"href":"https:\/\/koorwood.eu\/et\/wp-json\/wp\/v2\/comments?post=38365"}],"version-history":[{"count":58,"href":"https:\/\/koorwood.eu\/et\/wp-json\/wp\/v2\/pages\/38365\/revisions"}],"predecessor-version":[{"id":45829,"href":"https:\/\/koorwood.eu\/et\/wp-json\/wp\/v2\/pages\/38365\/revisions\/45829"}],"wp:attachment":[{"href":"https:\/\/koorwood.eu\/et\/wp-json\/wp\/v2\/media?parent=38365"}],"curies":[{"name":"wp","href":"https:\/\/api.w.org\/{rel}","templated":true}]}}