{"id":38678,"date":"2020-07-23T14:31:00","date_gmt":"2020-07-23T14:31:00","guid":{"rendered":"https:\/\/koorwood.eu\/?page_id=38678"},"modified":"2022-02-15T14:44:02","modified_gmt":"2022-02-15T12:44:02","slug":"kkk","status":"publish","type":"page","link":"https:\/\/koorwood.eu\/et\/kkk\/","title":{"rendered":"KKK"},"content":{"rendered":"<p>Q: <strong>Kas teete eritellimusi?<\/strong><br>A: Muidugi! Kirjutage meile enda soov: info@koorwood.eu.<\/p><hr class=\"wp-block-separator\"\/><p>Q: <strong>Mis on KOOR skin telefonikate?<\/strong><br>A: KOOR telefonikate on \u00f5huke ja m\u00e4rkamatu looduslikust puidust kaitse teie seadme tagak\u00fcljele. See p\u00e4\u00e4stab selle kriimustuste, v\u00e4iksemate kahjustuste eest ja kaitseb objektiivi, kui telefon pikali panna. See ei kata k\u00fclgi. Meie telefonikatetel on spetsiaalne veep\u00f5hine liim, mille tagak\u00fcljel on vahajas kiht, mis tuleb enne peale panemist eemaldada. Telefonikate on lihtsasti eemaldatav.&nbsp;<\/p><hr class=\"wp-block-separator\"\/><p>Q: <strong>Kas see on t\u00f5esti LOODUSLIK puit, mitte m\u00f5ni PU-plastik?<\/strong><br>A: Jah! Eelistame kasutada looduslikke materjale, nagu puit ja k\u00f6\u00f6giviljapargitud nahk. M\u00f5nikord on meie projektide jaoks vaja v\u00e4ikest plastkomponenti, kuid \u00fcldiselt on see k\u00f5ik looduslik puit!<\/p><hr class=\"wp-block-separator\"\/><p>Q: <strong>Kas mu telefon sobib p\u00e4rast KOOR telefonikatte paigaldamist dokki \/ \u00fcmbrisesse?<\/strong><br>A: Meie telefonikatted lisavad teie seadmele vaevalt paksust. See sobib enamiku \u00fcmbristesse. Eriti kui korpus on elastne. Saate seda alati proovida krediitkaardiga &#8211; kui teie telefon sobib koos kaardiga \u00fcmbrisesse, sobib see ka KOOR telefonikattega!<\/p><hr class=\"wp-block-separator\"\/><p>Q: <strong>Mul on allergiaid. Kas kasutate kahjulikke kemikaale?<\/strong><br>A: \u00c4ra muretse! Oma toodete viimistlemiseks kasutame ainult looduslikke materjale, n\u00e4iteks mesilasvaha ja orgaanilisi \u00f5lisid.<\/p><hr class=\"wp-block-separator\"\/><p>Q: <strong>Mesilasvaha &#8211; kas p\u00e4ris?<\/strong><br>A: Jah, meekombidest j\u00e4\u00e4nud vaha on suurep\u00e4rane looduslik viis puidu mustuse ja niiskuse sulgemiseks!<\/p><hr class=\"wp-block-separator\"\/><p>Q: <strong>Kas k\u00e4ite oma projektide jaoks haruldasi puid raiumas?<\/strong><br>A: Tegelikult p\u00e4rineb suurem osa meie puidust m\u00f6\u00f6blitootjate pr\u00fcgikastidest. P\u00fc\u00fcame v\u00f5imalikult palju oma keskkonnale tekitatavat kahju minimeerida!<\/p><hr class=\"wp-block-separator\"\/><p>Q: <strong>Kas KOOR telefonikate sobib iPhone&#8217;i \u00fcmbristega?<\/strong><br>A: Jah, see sobib suurep\u00e4raselt k\u00f5igi iPhone&#8217;i \u00fcmbristega!<\/p><hr class=\"wp-block-separator\"\/><p>Q: <strong>Kas minu toode n\u00e4eb v\u00e4lja t\u00e4pselt selline, nagu veebipoes pildil n\u00e4idatud?<\/strong><br>A: P\u00fc\u00fcame tooteid v\u00f5imalikult t\u00e4pselt pildistada, kuid oodata on m\u00f5ningaid erinevusi. Kuna me kasutame looduslikke materjale, on igal tootel tekstuuri ja v\u00e4rvi osas v\u00e4ikesed erinevused.<\/p><hr class=\"wp-block-separator\"\/><p>Q: <strong>Kui kiiresti minu tellimus kohale toimetatakse?<\/strong><br>A: P\u00fc\u00fcame tellimused kohale toimetada nii kiiresti kui v\u00f5imalik! Teie tellimuse postitamine v\u00f5ib v\u00f5tta kuni 3 t\u00f6\u00f6p\u00e4eva, kui seda pole laos. Tavaliselt tellimuste valmistamine v\u00f5tab umbes sama aja. Edasi on see k\u00f5ik teie s\u00f5braliku naabruskonna postiljoni k\u00e4es. \u00dcldiselt oodatakse tarnimist Euroopas 3\u20138 p\u00e4eva jooksul ja mujale 6\u201314 p\u00e4eva jooksul.<\/p><hr class=\"wp-block-separator\"\/><p>Q: <strong>Kas teete k\u00f5ik need asjad ise?<\/strong><br>A: Muidugi! K\u00f5ik on valmistatud ja disainitud meie t\u00f6\u00f6kojas &#8211; Eestis.<\/p><hr class=\"wp-block-separator\"\/><p>Q: <strong>Eesti &#8230; Pole sellest kunagi kuulnud.<\/strong><\/p><p>A: Jah, me kuuleme seda palju. See on v\u00e4ike riik Euroopas, peaksite seda Googeldama!<\/p><hr class=\"wp-block-separator\"\/><p>Q: <strong>Kas KOOR telefonikate kannatab vett?<\/strong><br>A: \u00dcldiselt peaksite nutitelefoni veest eemal hoidma. Sama kehtib ka meie toodete kohta. T\u00f6\u00f6tleme puitu veekindla mesilasvahaga, kuid ulatuslik niiskus v\u00f5ib puidus deformeeruda!<\/p><hr class=\"wp-block-separator\"\/>","protected":false},"excerpt":{"rendered":"<p>Q: Kas teete eritellimusi?A: Muidugi! Kirjutage meile enda soov: info@koorwood.eu. Q: Mis on KOOR skin telefonikate?A: KOOR telefonikate on \u00f5huke [&hellip;]<\/p>\n","protected":false},"author":12,"featured_media":0,"parent":0,"menu_order":0,"comment_status":"closed","ping_status":"closed","template":"","meta":{"_acf_changed":false,"_exactmetrics_skip_tracking":false,"_exactmetrics_sitenote_active":false,"_exactmetrics_sitenote_note":"","_exactmetrics_sitenote_category":0,"jetpack_post_was_ever_published":false,"footnotes":""},"class_list":["post-38678","page","type-page","status-publish","hentry"],"acf":[],"yoast_head":"<!-- This site is optimized with the Yoast SEO plugin v23.4 - https:\/\/yoast.com\/wordpress\/plugins\/seo\/ -->\n<title>KKK | Eestis valmistatud puidust meened | KOOR wood<\/title>\n<meta name=\"description\" content=\"K\u00f5ige levinumatele k\u00fcsimustele leiate vastused siit. Q: Kas teete eritellimusi? A: Muidugi! Kirjutage meile enda soov: info@koorwood.eu\" \/>\n<meta name=\"robots\" content=\"index, follow, max-snippet:-1, max-image-preview:large, max-video-preview:-1\" \/>\n<link rel=\"canonical\" href=\"https:\/\/koorwood.eu\/et\/kkk\/\" \/>\n<meta property=\"og:locale\" content=\"et_EE\" \/>\n<meta property=\"og:type\" content=\"article\" \/>\n<meta property=\"og:title\" content=\"KKK | Eestis valmistatud puidust meened | KOOR wood\" \/>\n<meta property=\"og:description\" content=\"K\u00f5ige levinumatele k\u00fcsimustele leiate vastused siit. Q: Kas teete eritellimusi? A: Muidugi! Kirjutage meile enda soov: info@koorwood.eu\" \/>\n<meta property=\"og:url\" content=\"https:\/\/koorwood.eu\/et\/kkk\/\" \/>\n<meta property=\"og:site_name\" content=\"KOOR wood\" \/>\n<meta property=\"article:publisher\" content=\"https:\/\/www.facebook.com\/KOORwoodEesti\/\" \/>\n<meta property=\"article:modified_time\" content=\"2022-02-15T12:44:02+00:00\" \/>\n<meta name=\"twitter:card\" content=\"summary_large_image\" \/>\n<meta name=\"twitter:label1\" content=\"Est. reading time\" \/>\n\t<meta name=\"twitter:data1\" content=\"2 minutit\" \/>\n<script type=\"application\/ld+json\" class=\"yoast-schema-graph\">{\"@context\":\"https:\/\/schema.org\",\"@graph\":[{\"@type\":\"WebPage\",\"@id\":\"https:\/\/koorwood.eu\/et\/kkk\/\",\"url\":\"https:\/\/koorwood.eu\/et\/kkk\/\",\"name\":\"KKK | Eestis valmistatud puidust meened | KOOR wood\",\"isPartOf\":{\"@id\":\"https:\/\/koorwood.eu\/et\/#website\"},\"datePublished\":\"2020-07-23T14:31:00+00:00\",\"dateModified\":\"2022-02-15T12:44:02+00:00\",\"description\":\"K\u00f5ige levinumatele k\u00fcsimustele leiate vastused siit. Q: Kas teete eritellimusi? A: Muidugi! Kirjutage meile enda soov: info@koorwood.eu\",\"breadcrumb\":{\"@id\":\"https:\/\/koorwood.eu\/et\/kkk\/#breadcrumb\"},\"inLanguage\":\"et\",\"potentialAction\":[{\"@type\":\"ReadAction\",\"target\":[\"https:\/\/koorwood.eu\/et\/kkk\/\"]}]},{\"@type\":\"BreadcrumbList\",\"@id\":\"https:\/\/koorwood.eu\/et\/kkk\/#breadcrumb\",\"itemListElement\":[{\"@type\":\"ListItem\",\"position\":1,\"name\":\"Home\",\"item\":\"https:\/\/koorwood.eu\/et\/\"},{\"@type\":\"ListItem\",\"position\":2,\"name\":\"KKK\"}]},{\"@type\":\"WebSite\",\"@id\":\"https:\/\/koorwood.eu\/et\/#website\",\"url\":\"https:\/\/koorwood.eu\/et\/\",\"name\":\"KOOR wood\",\"description\":\"a bit of nature at your side\",\"publisher\":{\"@id\":\"https:\/\/koorwood.eu\/et\/#organization\"},\"potentialAction\":[{\"@type\":\"SearchAction\",\"target\":{\"@type\":\"EntryPoint\",\"urlTemplate\":\"https:\/\/koorwood.eu\/et\/?s={search_term_string}\"},\"query-input\":{\"@type\":\"PropertyValueSpecification\",\"valueRequired\":true,\"valueName\":\"search_term_string\"}}],\"inLanguage\":\"et\"},{\"@type\":\"Organization\",\"@id\":\"https:\/\/koorwood.eu\/et\/#organization\",\"name\":\"KOOR wood\",\"url\":\"https:\/\/koorwood.eu\/et\/\",\"logo\":{\"@type\":\"ImageObject\",\"inLanguage\":\"et\",\"@id\":\"https:\/\/koorwood.eu\/et\/#\/schema\/logo\/image\/\",\"url\":\"https:\/\/i1.wp.com\/koorwood.eu\/wp-content\/uploads\/2020\/03\/KOOR-wood-a-bit-of-nature-in-Your-pocket-logo-244x82-1.png?fit=244%2C82&ssl=1\",\"contentUrl\":\"https:\/\/i1.wp.com\/koorwood.eu\/wp-content\/uploads\/2020\/03\/KOOR-wood-a-bit-of-nature-in-Your-pocket-logo-244x82-1.png?fit=244%2C82&ssl=1\",\"width\":244,\"height\":82,\"caption\":\"KOOR wood\"},\"image\":{\"@id\":\"https:\/\/koorwood.eu\/et\/#\/schema\/logo\/image\/\"},\"sameAs\":[\"https:\/\/www.facebook.com\/KOORwoodEesti\/\",\"https:\/\/www.instagram.com\/koor_wood\/\",\"https:\/\/ee.linkedin.com\/company\/koor-wood\",\"https:\/\/www.pinterest.com\/koorwood\/\",\"https:\/\/www.youtube.com\/channel\/UCHEstdKMn-jOYJYqhFRL_og\"]}]}<\/script>\n<!-- \/ Yoast SEO plugin. -->","yoast_head_json":{"title":"KKK | Eestis valmistatud puidust meened | KOOR wood","description":"K\u00f5ige levinumatele k\u00fcsimustele leiate vastused siit. Q: Kas teete eritellimusi? A: Muidugi! Kirjutage meile enda soov: info@koorwood.eu","robots":{"index":"index","follow":"follow","max-snippet":"max-snippet:-1","max-image-preview":"max-image-preview:large","max-video-preview":"max-video-preview:-1"},"canonical":"https:\/\/koorwood.eu\/et\/kkk\/","og_locale":"et_EE","og_type":"article","og_title":"KKK | Eestis valmistatud puidust meened | KOOR wood","og_description":"K\u00f5ige levinumatele k\u00fcsimustele leiate vastused siit. Q: Kas teete eritellimusi? A: Muidugi! Kirjutage meile enda soov: info@koorwood.eu","og_url":"https:\/\/koorwood.eu\/et\/kkk\/","og_site_name":"KOOR wood","article_publisher":"https:\/\/www.facebook.com\/KOORwoodEesti\/","article_modified_time":"2022-02-15T12:44:02+00:00","twitter_card":"summary_large_image","twitter_misc":{"Est. reading time":"2 minutit"},"schema":{"@context":"https:\/\/schema.org","@graph":[{"@type":"WebPage","@id":"https:\/\/koorwood.eu\/et\/kkk\/","url":"https:\/\/koorwood.eu\/et\/kkk\/","name":"KKK | Eestis valmistatud puidust meened | KOOR wood","isPartOf":{"@id":"https:\/\/koorwood.eu\/et\/#website"},"datePublished":"2020-07-23T14:31:00+00:00","dateModified":"2022-02-15T12:44:02+00:00","description":"K\u00f5ige levinumatele k\u00fcsimustele leiate vastused siit. Q: Kas teete eritellimusi? A: Muidugi! Kirjutage meile enda soov: info@koorwood.eu","breadcrumb":{"@id":"https:\/\/koorwood.eu\/et\/kkk\/#breadcrumb"},"inLanguage":"et","potentialAction":[{"@type":"ReadAction","target":["https:\/\/koorwood.eu\/et\/kkk\/"]}]},{"@type":"BreadcrumbList","@id":"https:\/\/koorwood.eu\/et\/kkk\/#breadcrumb","itemListElement":[{"@type":"ListItem","position":1,"name":"Home","item":"https:\/\/koorwood.eu\/et\/"},{"@type":"ListItem","position":2,"name":"KKK"}]},{"@type":"WebSite","@id":"https:\/\/koorwood.eu\/et\/#website","url":"https:\/\/koorwood.eu\/et\/","name":"KOOR wood","description":"a bit of nature at your side","publisher":{"@id":"https:\/\/koorwood.eu\/et\/#organization"},"potentialAction":[{"@type":"SearchAction","target":{"@type":"EntryPoint","urlTemplate":"https:\/\/koorwood.eu\/et\/?s={search_term_string}"},"query-input":{"@type":"PropertyValueSpecification","valueRequired":true,"valueName":"search_term_string"}}],"inLanguage":"et"},{"@type":"Organization","@id":"https:\/\/koorwood.eu\/et\/#organization","name":"KOOR wood","url":"https:\/\/koorwood.eu\/et\/","logo":{"@type":"ImageObject","inLanguage":"et","@id":"https:\/\/koorwood.eu\/et\/#\/schema\/logo\/image\/","url":"https:\/\/i1.wp.com\/koorwood.eu\/wp-content\/uploads\/2020\/03\/KOOR-wood-a-bit-of-nature-in-Your-pocket-logo-244x82-1.png?fit=244%2C82&ssl=1","contentUrl":"https:\/\/i1.wp.com\/koorwood.eu\/wp-content\/uploads\/2020\/03\/KOOR-wood-a-bit-of-nature-in-Your-pocket-logo-244x82-1.png?fit=244%2C82&ssl=1","width":244,"height":82,"caption":"KOOR wood"},"image":{"@id":"https:\/\/koorwood.eu\/et\/#\/schema\/logo\/image\/"},"sameAs":["https:\/\/www.facebook.com\/KOORwoodEesti\/","https:\/\/www.instagram.com\/koor_wood\/","https:\/\/ee.linkedin.com\/company\/koor-wood","https:\/\/www.pinterest.com\/koorwood\/","https:\/\/www.youtube.com\/channel\/UCHEstdKMn-jOYJYqhFRL_og"]}]}},"jetpack_sharing_enabled":true,"jetpack_shortlink":"https:\/\/wp.me\/P5aax0-a3Q","_links":{"self":[{"href":"https:\/\/koorwood.eu\/et\/wp-json\/wp\/v2\/pages\/38678"}],"collection":[{"href":"https:\/\/koorwood.eu\/et\/wp-json\/wp\/v2\/pages"}],"about":[{"href":"https:\/\/koorwood.eu\/et\/wp-json\/wp\/v2\/types\/page"}],"author":[{"embeddable":true,"href":"https:\/\/koorwood.eu\/et\/wp-json\/wp\/v2\/users\/12"}],"replies":[{"embeddable":true,"href":"https:\/\/koorwood.eu\/et\/wp-json\/wp\/v2\/comments?post=38678"}],"version-history":[{"count":4,"href":"https:\/\/koorwood.eu\/et\/wp-json\/wp\/v2\/pages\/38678\/revisions"}],"predecessor-version":[{"id":38688,"href":"https:\/\/koorwood.eu\/et\/wp-json\/wp\/v2\/pages\/38678\/revisions\/38688"}],"wp:attachment":[{"href":"https:\/\/koorwood.eu\/et\/wp-json\/wp\/v2\/media?parent=38678"}],"curies":[{"name":"wp","href":"https:\/\/api.w.org\/{rel}","templated":true}]}}