{"id":40139,"date":"2018-05-22T08:48:42","date_gmt":"2018-05-22T08:48:42","guid":{"rendered":"https:\/\/koorwood.eu\/privacy-policy\/"},"modified":"2021-06-01T21:37:49","modified_gmt":"2021-06-01T18:37:49","slug":"privaatsuspoliitika","status":"publish","type":"page","link":"https:\/\/koorwood.eu\/et\/privaatsuspoliitika\/","title":{"rendered":"Privaatsuspoliitika"},"content":{"rendered":"<h2 id=\"privaatsuspoliitika-n\u00e4idis\">Privaatsuspoliitika<\/h2>\n<p><strong><em>KOOR wood on p\u00fchendunud oma klientide isikuandmete turvalisuse tagamisele. V\u00f5tke meiega \u00fchendust, kui teil on k\u00fcsimusi seoses oma esitatud isikuandmetega ning oleme teil kindlasti abiks.<\/em><\/strong><\/p>\n<p><strong>1. \u00dclds\u00e4tted<\/strong><\/p>\n<p>1.1. K\u00e4esolev privaatsuspoliitika reguleerib isikuandmete kogumist, t\u00f6\u00f6tlemist ja s\u00e4ilitamist k\u00e4sitlevaid p\u00f5him\u00f5tteid. Isikuandmeid kogub t\u00f6\u00f6tleb ja s\u00e4ilitab isikuandmete vastutav t\u00f6\u00f6tleja KW Meistrid O\u00dc 10346780 (edaspidi andmet\u00f6\u00f6tleja).<\/p>\n<p>1.2. Andmesubjekt privaatsuspoliitika t\u00e4henduses on klient v\u00f5i muu f\u00fc\u00fcsiline isik, kelle isikuandmeid andmet\u00f6\u00f6tleja t\u00f6\u00f6tleb.<\/p>\n<p>1.3. Klient privaatsuspoliitika t\u00e4henduses on iga\u00fcks, kes ostab andmet\u00f6\u00f6tleja kodulehelt kaupu v\u00f5i teenuseid.<\/p>\n<p>1.4. Andmet\u00f6\u00f6tleja j\u00e4rgib \u00f5igusaktides s\u00e4testatud andmete t\u00f6\u00f6tlemise p\u00f5him\u00f5tteid, muuhulgas t\u00f6\u00f6tleb andmet\u00f6\u00f6tleja isikuandmeid seaduslikult, \u00f5iglaselt ja turvaliselt. Andmet\u00f6\u00f6tleja on v\u00f5imeline kinnitama, et isikuandmeid on t\u00f6\u00f6deldud vastavalt \u00f5igusaktides s\u00e4testatule.<\/p>\n<p><strong>2. Isikuandmete kogumine, t\u00f6\u00f6tlemine ja s\u00e4ilitamine<\/strong><\/p>\n<p>2.1. Isikuandmed, mida andmet\u00f6\u00f6tleja kogub, t\u00f6\u00f6tleb ja s\u00e4ilitab, on kogutud elektrooniliselt, peamiselt kodulehe ja e-posti vahendusel.<strong>\u00a0<\/strong><\/p>\n<p>2.2. Oma isikuandmete jagamisega annab andmesubjekt andmet\u00f6\u00f6tlejale \u00f5iguse koguda, korraldada, kasutada ja hallata privaatsuspoliitikas m\u00e4\u00e4ratletud eesm\u00e4rgil isikuandmeid, mida andmesubjekt otse v\u00f5i kaudselt kodulehel kaupu v\u00f5i teenuseid ostes andmet\u00f6\u00f6tlejale jagab.<\/p>\n<p>2.3. Andmesubjekt vastutab selle eest, et tema poolt esitatud andmed oleksid t\u00e4psed, \u00f5iged ja terviklikud. Teadlikult valeandmete esitamist peetakse privaatsuspoliitika rikkumiseks. Andmesubjekt on kohustatud andmet\u00f6\u00f6tlejat viivitamatult teavitama esitatud andmete muutumisest.<\/p>\n<p>2.4. Andmet\u00f6\u00f6tleja ei vastuta andmesubjekti poolt valeandmete esitamisest p\u00f5hjustatud kahju eest andmesubjektile v\u00f5i kolmandatele osapooltele.<\/p>\n<p>2.5. KW Meistrid O\u00dc on isikuandmete vastutav t\u00f6\u00f6tleja, KW Meistrid O\u00dc ettev\u00f5te edastab maksete teostamiseks vajalikud isikuandmed volitatud t\u00f6\u00f6tleja Maksekeskus AS-ile, Stripe LLC-le ja Paypal LLC-le.<\/p>\n<p><strong>3. Klientide isikuandmete t\u00f6\u00f6tlemine<\/strong><\/p>\n<p>3.1. Andmet\u00f6\u00f6tleja v\u00f5ib t\u00f6\u00f6delda j\u00e4rgnevaid andmesubjekti isikuandmeid:<\/p>\n<p>3.1.1. Ees- ja perekonnanimi;<\/p>\n<p>3.1.2. Telefoninumber;<\/p>\n<p>3.1.3. E-posti aadress;<\/p>\n<p>3.1.4. Kohaletoimetamise aadress;<\/p>\n<p>3.1.5. Arvelduskonto number;<\/p>\n<p>3.1.6. Maksekaardi detailid;<\/p>\n<p>3.1.7. Kliendi lisatud failid<\/p>\n<p>3.2. Lisaks eeltoodule on andmet\u00f6\u00f6tlejal \u00f5igus koguda kliendi kohta andmeid, mis on k\u00e4ttesaadavad avalikes registrites.<\/p>\n<p>3.3. Isikuandmete t\u00f6\u00f6tlemise \u00f5iguslik alus on isikuandmete kaitse \u00fcldm\u00e4\u00e4ruse paragrahv 6 lg 1 p-d a), b), c) ja f):<\/p>\n<p>a) andmesubjekt on andnud n\u00f5usoleku t\u00f6\u00f6delda oma isikuandmeid \u00fchel v\u00f5i mitmel konkreetsel eesm\u00e4rgil;<\/p>\n<p>b) isikuandmete t\u00f6\u00f6tlemine on vajalik andmesubjekti osalusel s\u00f5lmitud lepingu t\u00e4itmiseks v\u00f5i lepingu s\u00f5lmimisele eelnevate meetmete v\u00f5tmiseks vastavalt andmesubjekti taotlusele;<\/p>\n<p>c) isikuandmete t\u00f6\u00f6tlemine on vajalik vastutava t\u00f6\u00f6tleja juriidilise kohustuse t\u00e4itmiseks;<\/p>\n<p>f) isikuandmete t\u00f6\u00f6tlemine on vajalik vastutava t\u00f6\u00f6tleja v\u00f5i kolmanda isiku \u00f5igustatud huvi korral, v\u00e4lja arvatud juhul, kui sellise huvi kaaluvad \u00fcles andmesubjekti huvid v\u00f5i p\u00f5hi\u00f5igused ja -vabadused, mille nimel tuleb kaitsta isikuandmeid, eriti juhul kui andmesubjekt on laps.<\/p>\n<p>3.4. Isikuandmete t\u00f6\u00f6tlemine vastavalt t\u00f6\u00f6tlemise eesm\u00e4rgile:<\/p>\n<p>3.4.1. T\u00f6\u00f6tlemise eesm\u00e4rk \u2013 julgeolek ja turvalisus<br \/>\nIsikuandmete s\u00e4ilitamise maksimaalne aeg \u2013 vastavalt seaduses nimetatud t\u00e4htaegadele<\/p>\n<p>3.4.2. T\u00f6\u00f6tlemise eesm\u00e4rk \u2013 tellimuse t\u00f6\u00f6tlemine<br \/>\nIsikuandmete s\u00e4ilitamise maksimaalne aeg \u2013 5 aastat<\/p>\n<p>3.4.3. T\u00f6\u00f6tlemise eesm\u00e4rk \u2013 e-poe teenuste toimimise tagamine<br \/>\nIsikuandmete s\u00e4ilitamise maksimaalne aeg \u2013\u00a05 aastat<\/p>\n<p>3.4.4. T\u00f6\u00f6tlemise eesm\u00e4rk \u2013 kliendihaldus<br \/>\nIsikuandmete s\u00e4ilitamise maksimaalne aeg \u2013 5 aastat<\/p>\n<p>3.4.5. T\u00f6\u00f6tlemise eesm\u00e4rk \u2013 finantstegevus, raamatupidamine<br \/>\nIsikuandmete s\u00e4ilitamise maksimaalne aeg \u2013 vastavalt seaduses nimetatud t\u00e4htaegadele<\/p>\n<p>3.4.6. T\u00f6\u00f6tlemise eesm\u00e4rk \u2013 turundus<br \/>\nIsikuandmete s\u00e4ilitamise maksimaalne aeg \u2013 5 aastat<\/p>\n<p>3.5. Andmet\u00f6\u00f6tlejal on \u00f5igus klientide isikuandmeid jagada kolmandate isikutega, kelleks on n\u00e4iteks volitatud andmet\u00f6\u00f6tlejad, raamatupidajad, transpordi- ja kullerettev\u00f5tted, \u00fclekandeteenuseid pakkuvad ettev\u00f5tted Andmet\u00f6\u00f6tleja on isikuandmete vastutav t\u00f6\u00f6tleja. Andmet\u00f6\u00f6tleja edastab maksete teostamiseks vajalikud isikuandmed volitatud t\u00f6\u00f6tleja Stripe LLC, Paypal LLC, Maksekeskus AS-ile.<\/p>\n<p>3.6. Andmesubjekti isikuandmete t\u00f6\u00f6tlemisel ja s\u00e4ilitamisel rakendab andmet\u00f6\u00f6tleja organisatoorseid ja tehnilisi meetmeid, mis tagavad isikuandmete kaitse juhusliku v\u00f5i ebaseadusliku h\u00e4vitamise, muutmise, avalikustamise ja mis tahes muu ebaseadusliku t\u00f6\u00f6tlemise eest.<\/p>\n<p>3.7. Andmet\u00f6\u00f6tleja s\u00e4ilitab andmesubjektide andmeid s\u00f5ltuvalt t\u00f6\u00f6tlemise eesm\u00e4rgist, kuid mitte kauem kui 5 aastat.<\/p>\n<p><strong>4. Andmesubjekti \u00f5igused<\/strong><\/p>\n<p>4.1. Andmesubjektil on \u00f5igus saada ligip\u00e4\u00e4s oma isikuandmetele ning nendega tutvuda.<\/p>\n<p>4.2. Andmesubjektil on \u00f5igus saada informatsiooni tema isikuandmete t\u00f6\u00f6tlemise kohta.<\/p>\n<p>4.3. Andmesubjektil on \u00f5igus t\u00e4iendada v\u00f5i parandada ebat\u00e4pseid andmeid.<\/p>\n<p>4.4. Kui andmet\u00f6\u00f6tleja t\u00f6\u00f6tleb andmesubjekti isikuandmeid andmesubjekti n\u00f5usoleku alusel, siis on andmesubjektil \u00f5igus igal ajal n\u00f5usolek tagasi v\u00f5tta.<\/p>\n<p>4.5. Andmesubjekt saab \u00f5iguste teostamiseks p\u00f6\u00f6rduda e-poe klienditoe poole aadressil info@koorwood.eu<\/p>\n<p>4.6. Andmesubjektil on oma \u00f5iguste kaitseks v\u00f5imalik esitada kaebus Andmekaitse Inspektsioonile.<\/p>\n<p><strong>5. L\u00f5pps\u00e4tted<\/strong><\/p>\n<p>5.1. K\u00e4esolevad andmekaitsetingimused on koostatud koosk\u00f5las Euroopa Parlamendi ja n\u00f5ukogu m\u00e4\u00e4rusega (EL) nr 2016\/679 f\u00fc\u00fcsiliste isikute kaitse kohta isikuandmete t\u00f6\u00f6tlemisel ja selliste andmete vaba liikumise ning direktiivi 95\/46 \/ E\u00dc kehtetuks tunnistamise kohta \/ E\u00dc (isikuandmete kaitse \u00fcldm\u00e4\u00e4rus), Eesti Vabariigi isikuandmete kaitse seadusega ning Eesti Vabariigi ja Euroopa Liidu \u00f5igusaktidega.<\/p>\n<p>5.2. Andmet\u00f6\u00f6tlejal on \u00f5igus andmekaitsetingimusi osaliselt v\u00f5i t\u00e4ielikult muuta, teavitades andmesubjekte muudatustest kodulehe\u00a0<strong>www.koorwood.eu <\/strong>kaudu.<\/p>\n<p>5.3. Teie ettev\u00f5te on isikuandmete vastutav t\u00f6\u00f6tleja, Teie ettev\u00f5te edastab maksete teostamiseks vajalikud isikuandmed volitatud t\u00f6\u00f6tleja Stripe LLC, Paypal LLC, Maksekeskus AS-ile.<\/p>\n","protected":false},"excerpt":{"rendered":"<p>Privaatsuspoliitika KOOR wood on p\u00fchendunud oma klientide isikuandmete turvalisuse tagamisele. V\u00f5tke meiega \u00fchendust, kui teil on k\u00fcsimusi seoses oma esitatud [&hellip;]<\/p>\n","protected":false},"author":2,"featured_media":0,"parent":0,"menu_order":0,"comment_status":"closed","ping_status":"closed","template":"","meta":{"_acf_changed":false,"_exactmetrics_skip_tracking":false,"_exactmetrics_sitenote_active":false,"_exactmetrics_sitenote_note":"","_exactmetrics_sitenote_category":0,"jetpack_post_was_ever_published":false,"footnotes":""},"class_list":["post-40139","page","type-page","status-publish","hentry"],"acf":[],"yoast_head":"<!-- This site is optimized with the Yoast SEO plugin v23.4 - https:\/\/yoast.com\/wordpress\/plugins\/seo\/ -->\n<title>Privaatsuspoliitika | KOOR wood<\/title>\n<meta name=\"robots\" content=\"index, follow, max-snippet:-1, max-image-preview:large, max-video-preview:-1\" \/>\n<link rel=\"canonical\" href=\"https:\/\/koorwood.eu\/et\/privaatsuspoliitika\/\" \/>\n<meta property=\"og:locale\" content=\"et_EE\" \/>\n<meta property=\"og:type\" content=\"article\" \/>\n<meta property=\"og:title\" content=\"Privaatsuspoliitika | KOOR wood\" \/>\n<meta property=\"og:description\" content=\"Privaatsuspoliitika KOOR wood on p\u00fchendunud oma klientide isikuandmete turvalisuse tagamisele. V\u00f5tke meiega \u00fchendust, kui teil on k\u00fcsimusi seoses oma esitatud [&hellip;]\" \/>\n<meta property=\"og:url\" content=\"https:\/\/koorwood.eu\/et\/privaatsuspoliitika\/\" \/>\n<meta property=\"og:site_name\" content=\"KOOR wood\" \/>\n<meta property=\"article:publisher\" content=\"https:\/\/www.facebook.com\/KOORwoodEesti\/\" \/>\n<meta property=\"article:modified_time\" content=\"2021-06-01T18:37:49+00:00\" \/>\n<meta name=\"twitter:card\" content=\"summary_large_image\" \/>\n<meta name=\"twitter:label1\" content=\"Est. reading time\" \/>\n\t<meta name=\"twitter:data1\" content=\"4 minutit\" \/>\n<script type=\"application\/ld+json\" class=\"yoast-schema-graph\">{\"@context\":\"https:\/\/schema.org\",\"@graph\":[{\"@type\":\"WebPage\",\"@id\":\"https:\/\/koorwood.eu\/et\/privaatsuspoliitika\/\",\"url\":\"https:\/\/koorwood.eu\/et\/privaatsuspoliitika\/\",\"name\":\"Privaatsuspoliitika | KOOR wood\",\"isPartOf\":{\"@id\":\"https:\/\/koorwood.eu\/et\/#website\"},\"datePublished\":\"2018-05-22T08:48:42+00:00\",\"dateModified\":\"2021-06-01T18:37:49+00:00\",\"breadcrumb\":{\"@id\":\"https:\/\/koorwood.eu\/et\/privaatsuspoliitika\/#breadcrumb\"},\"inLanguage\":\"et\",\"potentialAction\":[{\"@type\":\"ReadAction\",\"target\":[\"https:\/\/koorwood.eu\/et\/privaatsuspoliitika\/\"]}]},{\"@type\":\"BreadcrumbList\",\"@id\":\"https:\/\/koorwood.eu\/et\/privaatsuspoliitika\/#breadcrumb\",\"itemListElement\":[{\"@type\":\"ListItem\",\"position\":1,\"name\":\"Home\",\"item\":\"https:\/\/koorwood.eu\/et\/\"},{\"@type\":\"ListItem\",\"position\":2,\"name\":\"Privaatsuspoliitika\"}]},{\"@type\":\"WebSite\",\"@id\":\"https:\/\/koorwood.eu\/et\/#website\",\"url\":\"https:\/\/koorwood.eu\/et\/\",\"name\":\"KOOR wood\",\"description\":\"a bit of nature at your side\",\"publisher\":{\"@id\":\"https:\/\/koorwood.eu\/et\/#organization\"},\"potentialAction\":[{\"@type\":\"SearchAction\",\"target\":{\"@type\":\"EntryPoint\",\"urlTemplate\":\"https:\/\/koorwood.eu\/et\/?s={search_term_string}\"},\"query-input\":{\"@type\":\"PropertyValueSpecification\",\"valueRequired\":true,\"valueName\":\"search_term_string\"}}],\"inLanguage\":\"et\"},{\"@type\":\"Organization\",\"@id\":\"https:\/\/koorwood.eu\/et\/#organization\",\"name\":\"KOOR wood\",\"url\":\"https:\/\/koorwood.eu\/et\/\",\"logo\":{\"@type\":\"ImageObject\",\"inLanguage\":\"et\",\"@id\":\"https:\/\/koorwood.eu\/et\/#\/schema\/logo\/image\/\",\"url\":\"https:\/\/i1.wp.com\/koorwood.eu\/wp-content\/uploads\/2020\/03\/KOOR-wood-a-bit-of-nature-in-Your-pocket-logo-244x82-1.png?fit=244%2C82&ssl=1\",\"contentUrl\":\"https:\/\/i1.wp.com\/koorwood.eu\/wp-content\/uploads\/2020\/03\/KOOR-wood-a-bit-of-nature-in-Your-pocket-logo-244x82-1.png?fit=244%2C82&ssl=1\",\"width\":244,\"height\":82,\"caption\":\"KOOR wood\"},\"image\":{\"@id\":\"https:\/\/koorwood.eu\/et\/#\/schema\/logo\/image\/\"},\"sameAs\":[\"https:\/\/www.facebook.com\/KOORwoodEesti\/\",\"https:\/\/www.instagram.com\/koor_wood\/\",\"https:\/\/ee.linkedin.com\/company\/koor-wood\",\"https:\/\/www.pinterest.com\/koorwood\/\",\"https:\/\/www.youtube.com\/channel\/UCHEstdKMn-jOYJYqhFRL_og\"]}]}<\/script>\n<!-- \/ Yoast SEO plugin. -->","yoast_head_json":{"title":"Privaatsuspoliitika | KOOR wood","robots":{"index":"index","follow":"follow","max-snippet":"max-snippet:-1","max-image-preview":"max-image-preview:large","max-video-preview":"max-video-preview:-1"},"canonical":"https:\/\/koorwood.eu\/et\/privaatsuspoliitika\/","og_locale":"et_EE","og_type":"article","og_title":"Privaatsuspoliitika | KOOR wood","og_description":"Privaatsuspoliitika KOOR wood on p\u00fchendunud oma klientide isikuandmete turvalisuse tagamisele. V\u00f5tke meiega \u00fchendust, kui teil on k\u00fcsimusi seoses oma esitatud [&hellip;]","og_url":"https:\/\/koorwood.eu\/et\/privaatsuspoliitika\/","og_site_name":"KOOR wood","article_publisher":"https:\/\/www.facebook.com\/KOORwoodEesti\/","article_modified_time":"2021-06-01T18:37:49+00:00","twitter_card":"summary_large_image","twitter_misc":{"Est. reading time":"4 minutit"},"schema":{"@context":"https:\/\/schema.org","@graph":[{"@type":"WebPage","@id":"https:\/\/koorwood.eu\/et\/privaatsuspoliitika\/","url":"https:\/\/koorwood.eu\/et\/privaatsuspoliitika\/","name":"Privaatsuspoliitika | KOOR wood","isPartOf":{"@id":"https:\/\/koorwood.eu\/et\/#website"},"datePublished":"2018-05-22T08:48:42+00:00","dateModified":"2021-06-01T18:37:49+00:00","breadcrumb":{"@id":"https:\/\/koorwood.eu\/et\/privaatsuspoliitika\/#breadcrumb"},"inLanguage":"et","potentialAction":[{"@type":"ReadAction","target":["https:\/\/koorwood.eu\/et\/privaatsuspoliitika\/"]}]},{"@type":"BreadcrumbList","@id":"https:\/\/koorwood.eu\/et\/privaatsuspoliitika\/#breadcrumb","itemListElement":[{"@type":"ListItem","position":1,"name":"Home","item":"https:\/\/koorwood.eu\/et\/"},{"@type":"ListItem","position":2,"name":"Privaatsuspoliitika"}]},{"@type":"WebSite","@id":"https:\/\/koorwood.eu\/et\/#website","url":"https:\/\/koorwood.eu\/et\/","name":"KOOR wood","description":"a bit of nature at your side","publisher":{"@id":"https:\/\/koorwood.eu\/et\/#organization"},"potentialAction":[{"@type":"SearchAction","target":{"@type":"EntryPoint","urlTemplate":"https:\/\/koorwood.eu\/et\/?s={search_term_string}"},"query-input":{"@type":"PropertyValueSpecification","valueRequired":true,"valueName":"search_term_string"}}],"inLanguage":"et"},{"@type":"Organization","@id":"https:\/\/koorwood.eu\/et\/#organization","name":"KOOR wood","url":"https:\/\/koorwood.eu\/et\/","logo":{"@type":"ImageObject","inLanguage":"et","@id":"https:\/\/koorwood.eu\/et\/#\/schema\/logo\/image\/","url":"https:\/\/i1.wp.com\/koorwood.eu\/wp-content\/uploads\/2020\/03\/KOOR-wood-a-bit-of-nature-in-Your-pocket-logo-244x82-1.png?fit=244%2C82&ssl=1","contentUrl":"https:\/\/i1.wp.com\/koorwood.eu\/wp-content\/uploads\/2020\/03\/KOOR-wood-a-bit-of-nature-in-Your-pocket-logo-244x82-1.png?fit=244%2C82&ssl=1","width":244,"height":82,"caption":"KOOR wood"},"image":{"@id":"https:\/\/koorwood.eu\/et\/#\/schema\/logo\/image\/"},"sameAs":["https:\/\/www.facebook.com\/KOORwoodEesti\/","https:\/\/www.instagram.com\/koor_wood\/","https:\/\/ee.linkedin.com\/company\/koor-wood","https:\/\/www.pinterest.com\/koorwood\/","https:\/\/www.youtube.com\/channel\/UCHEstdKMn-jOYJYqhFRL_og"]}]}},"jetpack_sharing_enabled":true,"jetpack_shortlink":"https:\/\/wp.me\/P5aax0-arp","_links":{"self":[{"href":"https:\/\/koorwood.eu\/et\/wp-json\/wp\/v2\/pages\/40139"}],"collection":[{"href":"https:\/\/koorwood.eu\/et\/wp-json\/wp\/v2\/pages"}],"about":[{"href":"https:\/\/koorwood.eu\/et\/wp-json\/wp\/v2\/types\/page"}],"author":[{"embeddable":true,"href":"https:\/\/koorwood.eu\/et\/wp-json\/wp\/v2\/users\/2"}],"replies":[{"embeddable":true,"href":"https:\/\/koorwood.eu\/et\/wp-json\/wp\/v2\/comments?post=40139"}],"version-history":[{"count":9,"href":"https:\/\/koorwood.eu\/et\/wp-json\/wp\/v2\/pages\/40139\/revisions"}],"predecessor-version":[{"id":41548,"href":"https:\/\/koorwood.eu\/et\/wp-json\/wp\/v2\/pages\/40139\/revisions\/41548"}],"wp:attachment":[{"href":"https:\/\/koorwood.eu\/et\/wp-json\/wp\/v2\/media?parent=40139"}],"curies":[{"name":"wp","href":"https:\/\/api.w.org\/{rel}","templated":true}]}}