{"id":38403,"date":"2020-03-19T14:34:52","date_gmt":"2020-03-19T14:34:52","guid":{"rendered":"https:\/\/koorwood.eu\/product\/puidust-kirjaalus\/"},"modified":"2022-02-16T16:35:59","modified_gmt":"2022-02-16T14:35:59","slug":"puidust-kirjaalus","status":"publish","type":"product","link":"https:\/\/koorwood.eu\/et\/toode\/puidust-kirjaalus\/","title":{"rendered":"Puidust kirjutusalus CLIPPY"},"content":{"rendered":"<p>Kvaliteetsest vineerist kirjutusalus tugeva vedruklambriga.<\/p>\n<p>Saate valida omale meelep\u00e4rase viimistluse.<\/p>\n","protected":false},"excerpt":{"rendered":"<p>Kirjutusaluseid v\u00f5ib leida igast kontoritarvete poest, kuid selline kirjaalus, mis oleks ilus, kvaliteetne ja h\u00e4sti viimistletud, on harvem n\u00e4htus. Seet\u00f5ttu oleme loonud puidust kirjaaluse, mis on valmistatud parima kvaliteediga vineerist, viimistletud k\u00e4sitsi erinevate \u00f5lide ja vahadega.<\/p>\n<p>Kasutage seda toodet igap\u00e4evases kontorielus v\u00f5i m\u00f5nel pidulikul s\u00fcndmusel. Kirjaaluse \u00fclesse serva on lisatud aas, mille abil pastakat v\u00f5i pliiatsit ilusti aluse k\u00fcljes hoida.<\/p>\n<p>Vaata teisi KOOR woodi tooteid <a href=\"https:\/\/koorwood.eu\/et\/shop\/\">siit<\/a>.<\/p>\n","protected":false},"featured_media":40379,"template":"","meta":{"_acf_changed":false,"_exactmetrics_skip_tracking":false,"_exactmetrics_sitenote_active":false,"_exactmetrics_sitenote_note":"","_exactmetrics_sitenote_category":0,"jetpack_post_was_ever_published":false,"jetpack_publicize_message":"","jetpack_publicize_feature_enabled":true,"jetpack_social_post_already_shared":true,"jetpack_social_options":{"image_generator_settings":{"template":"highway","enabled":false},"version":2}},"product_brand":[],"product_cat":[270],"product_tag":[],"class_list":{"0":"post-38403","1":"product","2":"type-product","3":"status-publish","4":"has-post-thumbnail","6":"product_cat-kirjatarbed","8":"first","9":"instock","10":"taxable","11":"shipping-taxable","12":"purchasable","13":"product-type-variable"},"exclude_global_add_ons":false,"addons":[{"name":"V\u00c4RV","type":"multiple_choice","position":0,"required":true,"title_format":"label","default":"","description_enable":false,"description":"","placeholder_enable":false,"placeholder":"","display":"images","restrictions_type":"any_text","adjust_price":false,"price":"","price_type":"flat_fee","restrictions":false,"min":"0","max":"0","options":[{"label":"Valge","price":"","price_type":"flat_fee","image":40352,"visibility":true},{"label":"Punane Smaragd","price":"","price_type":"flat_fee","image":40344,"visibility":true},{"label":"Mururoheline","price":"","price_type":"flat_fee","image":40350,"visibility":true},{"label":"Rukkilillesinine","price":"","price_type":"flat_fee","image":40336,"visibility":true},{"label":"P\u00e4ikesekollane","price":"","price_type":"flat_fee","image":40348,"visibility":true},{"label":"Mandariinioran\u017e","price":"","price_type":"flat_fee","image":40346,"visibility":true},{"label":"P\u00e4hklipruun","price":"","price_type":"flat_fee","image":40342,"visibility":true},{"label":"Rosinapruun","price":"","price_type":"flat_fee","image":40340,"visibility":true},{"label":"Kohvipruun","price":"","price_type":"flat_fee","image":40354,"visibility":true},{"label":"Must","price":"","price_type":"flat_fee","image":40338,"visibility":true}]},{"name":"GRAVEERING TAGAK\u00dcLJEL","type":"multiple_choice","position":1,"required":true,"title_format":"label","default":"","description_enable":false,"description":"","placeholder_enable":false,"placeholder":"","display":"images","restrictions_type":"any_text","adjust_price":false,"price":"","price_type":"flat_fee","restrictions":false,"min":"0","max":"0","options":[{"label":"P\u00f5hjat\u00e4he graveering","price":"","price_type":"flat_fee","image":41455,"visibility":true},{"label":"Ilma P\u00f5hjat\u00e4he graveeringuta","price":"","price_type":"flat_fee","image":40488,"visibility":true}]},{"name":"Lisa graveeritav tekst - valikuline","type":"custom_text","position":2,"required":false,"title_format":"label","default":"","description_enable":false,"description":"","placeholder_enable":false,"placeholder":"","display":"select","restrictions_type":"any_text","adjust_price":true,"price":"3","price_type":"flat_fee","restrictions":true,"min":"0","max":"200","options":[]},{"name":"Graveeringu font - valikuline","type":"multiple_choice","position":3,"required":false,"title_format":"label","default":"","description_enable":false,"description":"","placeholder_enable":false,"placeholder":"","display":"images","restrictions_type":"any_text","adjust_price":false,"price":"","price_type":"flat_fee","restrictions":false,"min":"0","max":"0","options":[{"label":"Arvo","price":"","price_type":"flat_fee","image":40330,"visibility":true},{"label":"Quicksand","price":"","price_type":"flat_fee","image":40326,"visibility":true},{"label":"Alex brush","price":"","price_type":"flat_fee","image":40328,"visibility":true},{"label":"Six Caps","price":"","price_type":"flat_fee","image":40332,"visibility":true},{"label":"Helvetica","price":"","price_type":"flat_fee","image":40334,"visibility":true}]},{"name":"Lisa graveeritav logo v\u00f5i pilt - valikuline (mitte foto)","type":"file_upload","position":4,"required":false,"title_format":"label","default":"","description_enable":false,"description":"","placeholder_enable":false,"placeholder":"","display":"select","restrictions_type":"any_text","adjust_price":true,"price":"5","price_type":"flat_fee","restrictions":false,"min":"0","max":"0","options":[]},{"name":"Graveeringu asukoht - valikuline","type":"multiple_choice","position":5,"required":false,"title_format":"label","default":"","description_enable":false,"description":"","placeholder_enable":false,"placeholder":"","display":"images","restrictions_type":"any_text","adjust_price":false,"price":"","price_type":"flat_fee","restrictions":false,"min":"0","max":"0","options":[{"label":"Ees all servas (v\u00e4ike tekst v\u00f5i logo)","price":"","price_type":"flat_fee","image":41459,"visibility":true},{"label":"Ees \u00fcleval paremal servas (v\u00e4ike tekst v\u00f5i logo)","price":"","price_type":"flat_fee","image":41461,"visibility":true},{"label":"Taga keskel","price":"","price_type":"flat_fee","image":41457,"visibility":true},{"label":"Taga keskel SUURELT","price":"1","price_type":"flat_fee","image":41463,"visibility":true}]},{"name":"Kommentaarid tellimuse v\u00f5i kujunduse kohta \u2013 valikuline","type":"custom_text","position":6,"required":false,"title_format":"label","default":"","description_enable":false,"description":"","placeholder_enable":false,"placeholder":"","display":"select","restrictions_type":"any_text","adjust_price":false,"price":"100","price_type":"quantity_based","restrictions":false,"min":"0","max":"0","options":[]}],"jetpack_publicize_connections":[],"acf":[],"yoast_head":"<!-- This site is optimized with the Yoast SEO plugin v23.4 - https:\/\/yoast.com\/wordpress\/plugins\/seo\/ -->\n<title>Puidust kirjutusalus CLIPPY | KOOR wood | Saadaval erinevad suurused<\/title>\n<meta name=\"description\" content=\"Kirjutusalus on valmistatud parima kvaliteediga vineerist, viimistletud k\u00e4sitsi erinevate \u00f5lide ja vahadega. Kasutatud on tugevat vedruklambrit.\" \/>\n<meta name=\"robots\" content=\"index, follow, max-snippet:-1, max-image-preview:large, max-video-preview:-1\" \/>\n<link rel=\"canonical\" href=\"https:\/\/koorwood.eu\/et\/toode\/puidust-kirjaalus\/\" \/>\n<meta property=\"og:locale\" content=\"et_EE\" \/>\n<meta property=\"og:type\" content=\"article\" \/>\n<meta property=\"og:title\" content=\"Puidust kirjutusalus CLIPPY | KOOR wood | Saadaval erinevad suurused\" \/>\n<meta property=\"og:description\" content=\"Kirjutusalus on valmistatud parima kvaliteediga vineerist, viimistletud k\u00e4sitsi erinevate \u00f5lide ja vahadega. Kasutatud on tugevat vedruklambrit.\" \/>\n<meta property=\"og:url\" content=\"https:\/\/koorwood.eu\/et\/toode\/puidust-kirjaalus\/\" \/>\n<meta property=\"og:site_name\" content=\"KOOR wood\" \/>\n<meta property=\"article:publisher\" content=\"https:\/\/www.facebook.com\/KOORwoodEesti\/\" \/>\n<meta property=\"article:modified_time\" content=\"2022-02-16T14:35:59+00:00\" \/>\n<meta property=\"og:image\" content=\"https:\/\/i0.wp.com\/koorwood.eu\/wp-content\/uploads\/2020\/03\/wooden-clipboard-puidust-kirjutusalus-kirjaalus-1.png?fit=700%2C700&ssl=1\" \/>\n\t<meta property=\"og:image:width\" content=\"700\" \/>\n\t<meta property=\"og:image:height\" content=\"700\" \/>\n\t<meta property=\"og:image:type\" content=\"image\/png\" \/>\n<meta name=\"twitter:card\" content=\"summary_large_image\" \/>\n<meta name=\"twitter:label1\" content=\"Est. reading time\" \/>\n\t<meta name=\"twitter:data1\" content=\"1 minut\" \/>\n<script type=\"application\/ld+json\" class=\"yoast-schema-graph\">{\"@context\":\"https:\/\/schema.org\",\"@graph\":[{\"@type\":\"WebPage\",\"@id\":\"https:\/\/koorwood.eu\/et\/toode\/puidust-kirjaalus\/\",\"url\":\"https:\/\/koorwood.eu\/et\/toode\/puidust-kirjaalus\/\",\"name\":\"Puidust kirjutusalus CLIPPY | KOOR wood | Saadaval erinevad suurused\",\"isPartOf\":{\"@id\":\"https:\/\/koorwood.eu\/et\/#website\"},\"primaryImageOfPage\":{\"@id\":\"https:\/\/koorwood.eu\/et\/toode\/puidust-kirjaalus\/#primaryimage\"},\"image\":{\"@id\":\"https:\/\/koorwood.eu\/et\/toode\/puidust-kirjaalus\/#primaryimage\"},\"thumbnailUrl\":\"https:\/\/koorwood.eu\/wp-content\/uploads\/2020\/03\/wooden-clipboard-puidust-kirjutusalus-kirjaalus-1.png\",\"datePublished\":\"2020-03-19T14:34:52+00:00\",\"dateModified\":\"2022-02-16T14:35:59+00:00\",\"description\":\"Kirjutusalus on valmistatud parima kvaliteediga vineerist, viimistletud k\u00e4sitsi erinevate \u00f5lide ja vahadega. Kasutatud on tugevat vedruklambrit.\",\"breadcrumb\":{\"@id\":\"https:\/\/koorwood.eu\/et\/toode\/puidust-kirjaalus\/#breadcrumb\"},\"inLanguage\":\"et\",\"potentialAction\":[{\"@type\":\"ReadAction\",\"target\":[\"https:\/\/koorwood.eu\/et\/toode\/puidust-kirjaalus\/\"]}]},{\"@type\":\"ImageObject\",\"inLanguage\":\"et\",\"@id\":\"https:\/\/koorwood.eu\/et\/toode\/puidust-kirjaalus\/#primaryimage\",\"url\":\"https:\/\/koorwood.eu\/wp-content\/uploads\/2020\/03\/wooden-clipboard-puidust-kirjutusalus-kirjaalus-1.png\",\"contentUrl\":\"https:\/\/koorwood.eu\/wp-content\/uploads\/2020\/03\/wooden-clipboard-puidust-kirjutusalus-kirjaalus-1.png\",\"width\":700,\"height\":700,\"caption\":\"Puidust kirjutusalus\"},{\"@type\":\"BreadcrumbList\",\"@id\":\"https:\/\/koorwood.eu\/et\/toode\/puidust-kirjaalus\/#breadcrumb\",\"itemListElement\":[{\"@type\":\"ListItem\",\"position\":1,\"name\":\"Home\",\"item\":\"https:\/\/koorwood.eu\/et\/\"},{\"@type\":\"ListItem\",\"position\":2,\"name\":\"Shop\",\"item\":\"https:\/\/koorwood.eu\/et\/shop\/\"},{\"@type\":\"ListItem\",\"position\":3,\"name\":\"Puidust kirjutusalus CLIPPY\"}]},{\"@type\":\"WebSite\",\"@id\":\"https:\/\/koorwood.eu\/et\/#website\",\"url\":\"https:\/\/koorwood.eu\/et\/\",\"name\":\"KOOR wood\",\"description\":\"a bit of nature at your side\",\"publisher\":{\"@id\":\"https:\/\/koorwood.eu\/et\/#organization\"},\"potentialAction\":[{\"@type\":\"SearchAction\",\"target\":{\"@type\":\"EntryPoint\",\"urlTemplate\":\"https:\/\/koorwood.eu\/et\/?s={search_term_string}\"},\"query-input\":{\"@type\":\"PropertyValueSpecification\",\"valueRequired\":true,\"valueName\":\"search_term_string\"}}],\"inLanguage\":\"et\"},{\"@type\":\"Organization\",\"@id\":\"https:\/\/koorwood.eu\/et\/#organization\",\"name\":\"KOOR wood\",\"url\":\"https:\/\/koorwood.eu\/et\/\",\"logo\":{\"@type\":\"ImageObject\",\"inLanguage\":\"et\",\"@id\":\"https:\/\/koorwood.eu\/et\/#\/schema\/logo\/image\/\",\"url\":\"https:\/\/i1.wp.com\/koorwood.eu\/wp-content\/uploads\/2020\/03\/KOOR-wood-a-bit-of-nature-in-Your-pocket-logo-244x82-1.png?fit=244%2C82&ssl=1\",\"contentUrl\":\"https:\/\/i1.wp.com\/koorwood.eu\/wp-content\/uploads\/2020\/03\/KOOR-wood-a-bit-of-nature-in-Your-pocket-logo-244x82-1.png?fit=244%2C82&ssl=1\",\"width\":244,\"height\":82,\"caption\":\"KOOR wood\"},\"image\":{\"@id\":\"https:\/\/koorwood.eu\/et\/#\/schema\/logo\/image\/\"},\"sameAs\":[\"https:\/\/www.facebook.com\/KOORwoodEesti\/\",\"https:\/\/www.instagram.com\/koor_wood\/\",\"https:\/\/ee.linkedin.com\/company\/koor-wood\",\"https:\/\/www.pinterest.com\/koorwood\/\",\"https:\/\/www.youtube.com\/channel\/UCHEstdKMn-jOYJYqhFRL_og\"]}]}<\/script>\n<!-- \/ Yoast SEO plugin. -->","yoast_head_json":{"title":"Puidust kirjutusalus CLIPPY | KOOR wood | Saadaval erinevad suurused","description":"Kirjutusalus on valmistatud parima kvaliteediga vineerist, viimistletud k\u00e4sitsi erinevate \u00f5lide ja vahadega. Kasutatud on tugevat vedruklambrit.","robots":{"index":"index","follow":"follow","max-snippet":"max-snippet:-1","max-image-preview":"max-image-preview:large","max-video-preview":"max-video-preview:-1"},"canonical":"https:\/\/koorwood.eu\/et\/toode\/puidust-kirjaalus\/","og_locale":"et_EE","og_type":"article","og_title":"Puidust kirjutusalus CLIPPY | KOOR wood | Saadaval erinevad suurused","og_description":"Kirjutusalus on valmistatud parima kvaliteediga vineerist, viimistletud k\u00e4sitsi erinevate \u00f5lide ja vahadega. Kasutatud on tugevat vedruklambrit.","og_url":"https:\/\/koorwood.eu\/et\/toode\/puidust-kirjaalus\/","og_site_name":"KOOR wood","article_publisher":"https:\/\/www.facebook.com\/KOORwoodEesti\/","article_modified_time":"2022-02-16T14:35:59+00:00","og_image":[{"width":700,"height":700,"url":"https:\/\/i0.wp.com\/koorwood.eu\/wp-content\/uploads\/2020\/03\/wooden-clipboard-puidust-kirjutusalus-kirjaalus-1.png?fit=700%2C700&ssl=1","type":"image\/png"}],"twitter_card":"summary_large_image","twitter_misc":{"Est. reading time":"1 minut"},"schema":{"@context":"https:\/\/schema.org","@graph":[{"@type":"WebPage","@id":"https:\/\/koorwood.eu\/et\/toode\/puidust-kirjaalus\/","url":"https:\/\/koorwood.eu\/et\/toode\/puidust-kirjaalus\/","name":"Puidust kirjutusalus CLIPPY | KOOR wood | Saadaval erinevad suurused","isPartOf":{"@id":"https:\/\/koorwood.eu\/et\/#website"},"primaryImageOfPage":{"@id":"https:\/\/koorwood.eu\/et\/toode\/puidust-kirjaalus\/#primaryimage"},"image":{"@id":"https:\/\/koorwood.eu\/et\/toode\/puidust-kirjaalus\/#primaryimage"},"thumbnailUrl":"https:\/\/koorwood.eu\/wp-content\/uploads\/2020\/03\/wooden-clipboard-puidust-kirjutusalus-kirjaalus-1.png","datePublished":"2020-03-19T14:34:52+00:00","dateModified":"2022-02-16T14:35:59+00:00","description":"Kirjutusalus on valmistatud parima kvaliteediga vineerist, viimistletud k\u00e4sitsi erinevate \u00f5lide ja vahadega. Kasutatud on tugevat vedruklambrit.","breadcrumb":{"@id":"https:\/\/koorwood.eu\/et\/toode\/puidust-kirjaalus\/#breadcrumb"},"inLanguage":"et","potentialAction":[{"@type":"ReadAction","target":["https:\/\/koorwood.eu\/et\/toode\/puidust-kirjaalus\/"]}]},{"@type":"ImageObject","inLanguage":"et","@id":"https:\/\/koorwood.eu\/et\/toode\/puidust-kirjaalus\/#primaryimage","url":"https:\/\/koorwood.eu\/wp-content\/uploads\/2020\/03\/wooden-clipboard-puidust-kirjutusalus-kirjaalus-1.png","contentUrl":"https:\/\/koorwood.eu\/wp-content\/uploads\/2020\/03\/wooden-clipboard-puidust-kirjutusalus-kirjaalus-1.png","width":700,"height":700,"caption":"Puidust kirjutusalus"},{"@type":"BreadcrumbList","@id":"https:\/\/koorwood.eu\/et\/toode\/puidust-kirjaalus\/#breadcrumb","itemListElement":[{"@type":"ListItem","position":1,"name":"Home","item":"https:\/\/koorwood.eu\/et\/"},{"@type":"ListItem","position":2,"name":"Shop","item":"https:\/\/koorwood.eu\/et\/shop\/"},{"@type":"ListItem","position":3,"name":"Puidust kirjutusalus CLIPPY"}]},{"@type":"WebSite","@id":"https:\/\/koorwood.eu\/et\/#website","url":"https:\/\/koorwood.eu\/et\/","name":"KOOR wood","description":"a bit of nature at your side","publisher":{"@id":"https:\/\/koorwood.eu\/et\/#organization"},"potentialAction":[{"@type":"SearchAction","target":{"@type":"EntryPoint","urlTemplate":"https:\/\/koorwood.eu\/et\/?s={search_term_string}"},"query-input":{"@type":"PropertyValueSpecification","valueRequired":true,"valueName":"search_term_string"}}],"inLanguage":"et"},{"@type":"Organization","@id":"https:\/\/koorwood.eu\/et\/#organization","name":"KOOR wood","url":"https:\/\/koorwood.eu\/et\/","logo":{"@type":"ImageObject","inLanguage":"et","@id":"https:\/\/koorwood.eu\/et\/#\/schema\/logo\/image\/","url":"https:\/\/i1.wp.com\/koorwood.eu\/wp-content\/uploads\/2020\/03\/KOOR-wood-a-bit-of-nature-in-Your-pocket-logo-244x82-1.png?fit=244%2C82&ssl=1","contentUrl":"https:\/\/i1.wp.com\/koorwood.eu\/wp-content\/uploads\/2020\/03\/KOOR-wood-a-bit-of-nature-in-Your-pocket-logo-244x82-1.png?fit=244%2C82&ssl=1","width":244,"height":82,"caption":"KOOR wood"},"image":{"@id":"https:\/\/koorwood.eu\/et\/#\/schema\/logo\/image\/"},"sameAs":["https:\/\/www.facebook.com\/KOORwoodEesti\/","https:\/\/www.instagram.com\/koor_wood\/","https:\/\/ee.linkedin.com\/company\/koor-wood","https:\/\/www.pinterest.com\/koorwood\/","https:\/\/www.youtube.com\/channel\/UCHEstdKMn-jOYJYqhFRL_og"]}]}},"jetpack_sharing_enabled":true,"_links":{"self":[{"href":"https:\/\/koorwood.eu\/et\/wp-json\/wp\/v2\/product\/38403"}],"collection":[{"href":"https:\/\/koorwood.eu\/et\/wp-json\/wp\/v2\/product"}],"about":[{"href":"https:\/\/koorwood.eu\/et\/wp-json\/wp\/v2\/types\/product"}],"wp:featuredmedia":[{"embeddable":true,"href":"https:\/\/koorwood.eu\/et\/wp-json\/wp\/v2\/media\/40379"}],"wp:attachment":[{"href":"https:\/\/koorwood.eu\/et\/wp-json\/wp\/v2\/media?parent=38403"}],"wp:term":[{"taxonomy":"product_brand","embeddable":true,"href":"https:\/\/koorwood.eu\/et\/wp-json\/wp\/v2\/product_brand?post=38403"},{"taxonomy":"product_cat","embeddable":true,"href":"https:\/\/koorwood.eu\/et\/wp-json\/wp\/v2\/product_cat?post=38403"},{"taxonomy":"product_tag","embeddable":true,"href":"https:\/\/koorwood.eu\/et\/wp-json\/wp\/v2\/product_tag?post=38403"}],"curies":[{"name":"wp","href":"https:\/\/api.w.org\/{rel}","templated":true}]}}