{"id":38452,"date":"2020-03-19T14:34:51","date_gmt":"2020-03-19T14:34:51","guid":{"rendered":"https:\/\/koorwood.eu\/product\/portmone-krediitkaardihoidja\/"},"modified":"2022-02-09T14:42:23","modified_gmt":"2022-02-09T12:42:23","slug":"portmone-krediitkaardihoidja","status":"publish","type":"product","link":"https:\/\/koorwood.eu\/et\/toode\/portmone-krediitkaardihoidja\/","title":{"rendered":"Krediitkaardihoidja PORTMONE"},"content":{"rendered":"<h3>Kuidas kasutada:<\/h3>\n<p>1. Vaadake kaardihoidja k\u00fclgi hoolikalt. Nad on kahepoolsed, et saaksite valida mis v\u00e4rv teile parasjagu rohkem sobib &#8211; nad t\u00f6\u00f6tavad ideaalselt m\u00f5lemat pidi.<br \/>\n2. Et kaardid lihtsamini v\u00e4lja k\u00e4iksid, suruge kaardipakk p\u00f6idlaga \u00fcles, seej\u00e4rel saate puidust plaatide alumised servad kokku vajutada, moodustades kaardilehviku.<\/p>\n<h3>Portmon\u00e9 v\u00f5ib tellida j\u00e4rgmiste v\u00e4rvikombinatsioonidega:<\/h3>\n<ul>\n<li>P\u00e4ikesekollane\/Kohvipruun<\/li>\n<li>Rosinapruun\/Punane Smaragd<\/li>\n<li>Punane Smaragd\/Must<\/li>\n<\/ul>\n<h3>Eritellimus:<\/h3>\n<ol>\n<li>Valige v\u00e4rv, mis teile meeldib.<\/li>\n<li>Leidke pilt\/logo\/tekst, mida soovite peale graveerida.<\/li>\n<li>M\u00e4\u00e4rake kogus.<\/li>\n<li>Kinnitage oma tellimus.<\/li>\n<\/ol>\n<p>Tutvu teiste puidust aksessuaaridega <a href=\"https:\/\/koorwood.eu\/et\/shop\/\">siin<\/a>.<\/p>\n","protected":false},"excerpt":{"rendered":"<p>Portmon\u00e9 on lihtne, kuid elegantne alternatiiv tavalisele rahakotile. See mahutab mugavalt 12 kaarti ja isegi \u00fche v\u00f5i kaks m\u00fcnti. Sularaha ja kviitungid saad pista kaartide vahele v\u00f5i kaarditasku \u00fcmber oleva kummipaela vahele.<\/p>\n","protected":false},"featured_media":38939,"template":"","meta":{"_acf_changed":false,"_exactmetrics_skip_tracking":false,"_exactmetrics_sitenote_active":false,"_exactmetrics_sitenote_note":"","_exactmetrics_sitenote_category":0,"jetpack_post_was_ever_published":false,"jetpack_publicize_message":"","jetpack_publicize_feature_enabled":true,"jetpack_social_post_already_shared":true,"jetpack_social_options":{"image_generator_settings":{"template":"highway","enabled":false},"version":2}},"product_brand":[],"product_cat":[241],"product_tag":[],"class_list":{"0":"post-38452","1":"product","2":"type-product","3":"status-publish","4":"has-post-thumbnail","6":"product_cat-aksessuaarid","8":"first","9":"instock","10":"taxable","11":"shipping-taxable","12":"purchasable","13":"product-type-simple"},"exclude_global_add_ons":false,"addons":[{"name":"V\u00c4RV","type":"multiple_choice","position":0,"required":true,"title_format":"label","default":"","description_enable":false,"description":"","placeholder_enable":false,"placeholder":"","display":"images","restrictions_type":"any_text","adjust_price":false,"price":"","price_type":"flat_fee","restrictions":false,"min":"0","max":"0","options":[{"label":"Rosinapruun + Punane Smaragd","price":"","price_type":"flat_fee","image":41432,"visibility":true},{"label":"Punane Smaragd + Must","price":"","price_type":"flat_fee","image":41434,"visibility":true},{"label":"P\u00e4ikesekollane + Kohvipruun","price":"","price_type":"flat_fee","image":41436,"visibility":true}]},{"name":"PAELA V\u00c4RV","type":"multiple_choice","position":1,"required":true,"title_format":"label","default":"","description_enable":false,"description":"","placeholder_enable":false,"placeholder":"","display":"images","restrictions_type":"any_text","adjust_price":false,"price":"","price_type":"flat_fee","restrictions":false,"min":"0","max":"0","options":[{"label":"Tumehall","price":"","price_type":"flat_fee","image":41657,"visibility":true},{"label":"Sinine","price":"","price_type":"flat_fee","image":41659,"visibility":true}]},{"name":"Lisa graveeritav tekst - valikuline","type":"custom_text","position":2,"required":false,"title_format":"label","default":"","description_enable":false,"description":"","placeholder_enable":false,"placeholder":"","display":"select","restrictions_type":"any_text","adjust_price":true,"price":"3","price_type":"flat_fee","restrictions":true,"min":"0","max":"20","options":[]},{"name":"Graveeringu font - valikuline","type":"multiple_choice","position":3,"required":false,"title_format":"label","default":"","description_enable":false,"description":"","placeholder_enable":false,"placeholder":"","display":"images","restrictions_type":"any_text","adjust_price":false,"price":"","price_type":"flat_fee","restrictions":false,"min":"0","max":"0","options":[{"label":"Arvo","price":"","price_type":"flat_fee","image":40330,"visibility":true},{"label":"Quicksand","price":"","price_type":"flat_fee","image":40326,"visibility":true},{"label":"Alex brush","price":"","price_type":"flat_fee","image":40328,"visibility":true},{"label":"Six Caps","price":"","price_type":"flat_fee","image":40332,"visibility":true},{"label":"Helvetica","price":"","price_type":"flat_fee","image":40334,"visibility":true}]},{"name":"Lisa logo v\u00f5i pilt \u2013 valikuline","type":"file_upload","position":4,"required":false,"title_format":"label","default":"","description_enable":false,"description":"","placeholder_enable":false,"placeholder":"","display":"select","restrictions_type":"any_text","adjust_price":true,"price":"5","price_type":"flat_fee","restrictions":false,"min":"0","max":"0","options":[]},{"name":"Graveeringu asukoht - valikuline","type":"multiple_choice","position":5,"required":false,"title_format":"label","default":"","description_enable":false,"description":"","placeholder_enable":false,"placeholder":"","display":"images","restrictions_type":"any_text","adjust_price":false,"price":"","price_type":"flat_fee","restrictions":false,"min":"0","max":"0","options":[{"label":"\u00dcleval vasakul","price":"","price_type":"flat_fee","image":41446,"visibility":true},{"label":"All vasakul","price":"","price_type":"flat_fee","image":41442,"visibility":true},{"label":"All paremal","price":"","price_type":"flat_fee","image":41444,"visibility":true}]},{"name":"Kommentaarid tellimuse v\u00f5i kujunduse kohta \u2013 valikuline","type":"custom_text","position":6,"required":false,"title_format":"label","default":"","description_enable":false,"description":"","placeholder_enable":false,"placeholder":"","display":"select","restrictions_type":"any_text","adjust_price":false,"price":"100","price_type":"quantity_based","restrictions":false,"min":"0","max":"0","options":[]}],"jetpack_publicize_connections":[],"acf":[],"yoast_head":"<!-- This site is optimized with the Yoast SEO plugin v23.4 - https:\/\/yoast.com\/wordpress\/plugins\/seo\/ -->\n<title>Krediitkaardihoidja PORTMONE | Puidust kaarditasku | KOOR wood<\/title>\n<meta name=\"description\" content=\"Kaarditasku Portmone on lihtne, kuid elegantne alternatiiv tavalisele rahakotile. Krediitkaardihoidja mahutab kaardid, sularaha ja paar m\u00fcnti.\" \/>\n<meta name=\"robots\" content=\"index, follow, max-snippet:-1, max-image-preview:large, max-video-preview:-1\" \/>\n<link rel=\"canonical\" href=\"https:\/\/koorwood.eu\/et\/toode\/portmone-krediitkaardihoidja\/\" \/>\n<meta property=\"og:locale\" content=\"et_EE\" \/>\n<meta property=\"og:type\" content=\"article\" \/>\n<meta property=\"og:title\" content=\"Krediitkaardihoidja PORTMONE | Puidust kaarditasku | KOOR wood\" \/>\n<meta property=\"og:description\" content=\"Kaarditasku Portmone on lihtne, kuid elegantne alternatiiv tavalisele rahakotile. Krediitkaardihoidja mahutab kaardid, sularaha ja paar m\u00fcnti.\" \/>\n<meta property=\"og:url\" content=\"https:\/\/koorwood.eu\/et\/toode\/portmone-krediitkaardihoidja\/\" \/>\n<meta property=\"og:site_name\" content=\"KOOR wood\" \/>\n<meta property=\"article:publisher\" content=\"https:\/\/www.facebook.com\/KOORwoodEesti\/\" \/>\n<meta property=\"article:modified_time\" content=\"2022-02-09T12:42:23+00:00\" \/>\n<meta property=\"og:image\" content=\"https:\/\/i0.wp.com\/koorwood.eu\/wp-content\/uploads\/2020\/12\/krediitkaarditasku-puidust-kaarditasku-portmon\u00e9-wooden-credit-card-holder-koorwood.png?fit=1000%2C1000&ssl=1\" \/>\n\t<meta property=\"og:image:width\" content=\"1000\" \/>\n\t<meta property=\"og:image:height\" content=\"1000\" \/>\n\t<meta property=\"og:image:type\" content=\"image\/png\" \/>\n<meta name=\"twitter:card\" content=\"summary_large_image\" \/>\n<meta name=\"twitter:label1\" content=\"Est. reading time\" \/>\n\t<meta name=\"twitter:data1\" content=\"1 minut\" \/>\n<script type=\"application\/ld+json\" class=\"yoast-schema-graph\">{\"@context\":\"https:\/\/schema.org\",\"@graph\":[{\"@type\":\"WebPage\",\"@id\":\"https:\/\/koorwood.eu\/et\/toode\/portmone-krediitkaardihoidja\/\",\"url\":\"https:\/\/koorwood.eu\/et\/toode\/portmone-krediitkaardihoidja\/\",\"name\":\"Krediitkaardihoidja PORTMONE | Puidust kaarditasku | KOOR wood\",\"isPartOf\":{\"@id\":\"https:\/\/koorwood.eu\/et\/#website\"},\"primaryImageOfPage\":{\"@id\":\"https:\/\/koorwood.eu\/et\/toode\/portmone-krediitkaardihoidja\/#primaryimage\"},\"image\":{\"@id\":\"https:\/\/koorwood.eu\/et\/toode\/portmone-krediitkaardihoidja\/#primaryimage\"},\"thumbnailUrl\":\"https:\/\/koorwood.eu\/wp-content\/uploads\/2020\/12\/krediitkaarditasku-puidust-kaarditasku-portmon\u00e9-wooden-credit-card-holder-koorwood.png\",\"datePublished\":\"2020-03-19T14:34:51+00:00\",\"dateModified\":\"2022-02-09T12:42:23+00:00\",\"description\":\"Kaarditasku Portmone on lihtne, kuid elegantne alternatiiv tavalisele rahakotile. Krediitkaardihoidja mahutab kaardid, sularaha ja paar m\u00fcnti.\",\"breadcrumb\":{\"@id\":\"https:\/\/koorwood.eu\/et\/toode\/portmone-krediitkaardihoidja\/#breadcrumb\"},\"inLanguage\":\"et\",\"potentialAction\":[{\"@type\":\"ReadAction\",\"target\":[\"https:\/\/koorwood.eu\/et\/toode\/portmone-krediitkaardihoidja\/\"]}]},{\"@type\":\"ImageObject\",\"inLanguage\":\"et\",\"@id\":\"https:\/\/koorwood.eu\/et\/toode\/portmone-krediitkaardihoidja\/#primaryimage\",\"url\":\"https:\/\/koorwood.eu\/wp-content\/uploads\/2020\/12\/krediitkaarditasku-puidust-kaarditasku-portmon\u00e9-wooden-credit-card-holder-koorwood.png\",\"contentUrl\":\"https:\/\/koorwood.eu\/wp-content\/uploads\/2020\/12\/krediitkaarditasku-puidust-kaarditasku-portmon\u00e9-wooden-credit-card-holder-koorwood.png\",\"width\":1000,\"height\":1000,\"caption\":\"Portmone krediitkaardihoidja\"},{\"@type\":\"BreadcrumbList\",\"@id\":\"https:\/\/koorwood.eu\/et\/toode\/portmone-krediitkaardihoidja\/#breadcrumb\",\"itemListElement\":[{\"@type\":\"ListItem\",\"position\":1,\"name\":\"Home\",\"item\":\"https:\/\/koorwood.eu\/et\/\"},{\"@type\":\"ListItem\",\"position\":2,\"name\":\"Shop\",\"item\":\"https:\/\/koorwood.eu\/et\/shop\/\"},{\"@type\":\"ListItem\",\"position\":3,\"name\":\"Krediitkaardihoidja PORTMONE\"}]},{\"@type\":\"WebSite\",\"@id\":\"https:\/\/koorwood.eu\/et\/#website\",\"url\":\"https:\/\/koorwood.eu\/et\/\",\"name\":\"KOOR wood\",\"description\":\"a bit of nature at your side\",\"publisher\":{\"@id\":\"https:\/\/koorwood.eu\/et\/#organization\"},\"potentialAction\":[{\"@type\":\"SearchAction\",\"target\":{\"@type\":\"EntryPoint\",\"urlTemplate\":\"https:\/\/koorwood.eu\/et\/?s={search_term_string}\"},\"query-input\":{\"@type\":\"PropertyValueSpecification\",\"valueRequired\":true,\"valueName\":\"search_term_string\"}}],\"inLanguage\":\"et\"},{\"@type\":\"Organization\",\"@id\":\"https:\/\/koorwood.eu\/et\/#organization\",\"name\":\"KOOR wood\",\"url\":\"https:\/\/koorwood.eu\/et\/\",\"logo\":{\"@type\":\"ImageObject\",\"inLanguage\":\"et\",\"@id\":\"https:\/\/koorwood.eu\/et\/#\/schema\/logo\/image\/\",\"url\":\"https:\/\/i1.wp.com\/koorwood.eu\/wp-content\/uploads\/2020\/03\/KOOR-wood-a-bit-of-nature-in-Your-pocket-logo-244x82-1.png?fit=244%2C82&ssl=1\",\"contentUrl\":\"https:\/\/i1.wp.com\/koorwood.eu\/wp-content\/uploads\/2020\/03\/KOOR-wood-a-bit-of-nature-in-Your-pocket-logo-244x82-1.png?fit=244%2C82&ssl=1\",\"width\":244,\"height\":82,\"caption\":\"KOOR wood\"},\"image\":{\"@id\":\"https:\/\/koorwood.eu\/et\/#\/schema\/logo\/image\/\"},\"sameAs\":[\"https:\/\/www.facebook.com\/KOORwoodEesti\/\",\"https:\/\/www.instagram.com\/koor_wood\/\",\"https:\/\/ee.linkedin.com\/company\/koor-wood\",\"https:\/\/www.pinterest.com\/koorwood\/\",\"https:\/\/www.youtube.com\/channel\/UCHEstdKMn-jOYJYqhFRL_og\"]}]}<\/script>\n<!-- \/ Yoast SEO plugin. -->","yoast_head_json":{"title":"Krediitkaardihoidja PORTMONE | Puidust kaarditasku | KOOR wood","description":"Kaarditasku Portmone on lihtne, kuid elegantne alternatiiv tavalisele rahakotile. Krediitkaardihoidja mahutab kaardid, sularaha ja paar m\u00fcnti.","robots":{"index":"index","follow":"follow","max-snippet":"max-snippet:-1","max-image-preview":"max-image-preview:large","max-video-preview":"max-video-preview:-1"},"canonical":"https:\/\/koorwood.eu\/et\/toode\/portmone-krediitkaardihoidja\/","og_locale":"et_EE","og_type":"article","og_title":"Krediitkaardihoidja PORTMONE | Puidust kaarditasku | KOOR wood","og_description":"Kaarditasku Portmone on lihtne, kuid elegantne alternatiiv tavalisele rahakotile. Krediitkaardihoidja mahutab kaardid, sularaha ja paar m\u00fcnti.","og_url":"https:\/\/koorwood.eu\/et\/toode\/portmone-krediitkaardihoidja\/","og_site_name":"KOOR wood","article_publisher":"https:\/\/www.facebook.com\/KOORwoodEesti\/","article_modified_time":"2022-02-09T12:42:23+00:00","og_image":[{"width":1000,"height":1000,"url":"https:\/\/i0.wp.com\/koorwood.eu\/wp-content\/uploads\/2020\/12\/krediitkaarditasku-puidust-kaarditasku-portmon\u00e9-wooden-credit-card-holder-koorwood.png?fit=1000%2C1000&ssl=1","type":"image\/png"}],"twitter_card":"summary_large_image","twitter_misc":{"Est. reading time":"1 minut"},"schema":{"@context":"https:\/\/schema.org","@graph":[{"@type":"WebPage","@id":"https:\/\/koorwood.eu\/et\/toode\/portmone-krediitkaardihoidja\/","url":"https:\/\/koorwood.eu\/et\/toode\/portmone-krediitkaardihoidja\/","name":"Krediitkaardihoidja PORTMONE | Puidust kaarditasku | KOOR wood","isPartOf":{"@id":"https:\/\/koorwood.eu\/et\/#website"},"primaryImageOfPage":{"@id":"https:\/\/koorwood.eu\/et\/toode\/portmone-krediitkaardihoidja\/#primaryimage"},"image":{"@id":"https:\/\/koorwood.eu\/et\/toode\/portmone-krediitkaardihoidja\/#primaryimage"},"thumbnailUrl":"https:\/\/koorwood.eu\/wp-content\/uploads\/2020\/12\/krediitkaarditasku-puidust-kaarditasku-portmon\u00e9-wooden-credit-card-holder-koorwood.png","datePublished":"2020-03-19T14:34:51+00:00","dateModified":"2022-02-09T12:42:23+00:00","description":"Kaarditasku Portmone on lihtne, kuid elegantne alternatiiv tavalisele rahakotile. Krediitkaardihoidja mahutab kaardid, sularaha ja paar m\u00fcnti.","breadcrumb":{"@id":"https:\/\/koorwood.eu\/et\/toode\/portmone-krediitkaardihoidja\/#breadcrumb"},"inLanguage":"et","potentialAction":[{"@type":"ReadAction","target":["https:\/\/koorwood.eu\/et\/toode\/portmone-krediitkaardihoidja\/"]}]},{"@type":"ImageObject","inLanguage":"et","@id":"https:\/\/koorwood.eu\/et\/toode\/portmone-krediitkaardihoidja\/#primaryimage","url":"https:\/\/koorwood.eu\/wp-content\/uploads\/2020\/12\/krediitkaarditasku-puidust-kaarditasku-portmon\u00e9-wooden-credit-card-holder-koorwood.png","contentUrl":"https:\/\/koorwood.eu\/wp-content\/uploads\/2020\/12\/krediitkaarditasku-puidust-kaarditasku-portmon\u00e9-wooden-credit-card-holder-koorwood.png","width":1000,"height":1000,"caption":"Portmone krediitkaardihoidja"},{"@type":"BreadcrumbList","@id":"https:\/\/koorwood.eu\/et\/toode\/portmone-krediitkaardihoidja\/#breadcrumb","itemListElement":[{"@type":"ListItem","position":1,"name":"Home","item":"https:\/\/koorwood.eu\/et\/"},{"@type":"ListItem","position":2,"name":"Shop","item":"https:\/\/koorwood.eu\/et\/shop\/"},{"@type":"ListItem","position":3,"name":"Krediitkaardihoidja PORTMONE"}]},{"@type":"WebSite","@id":"https:\/\/koorwood.eu\/et\/#website","url":"https:\/\/koorwood.eu\/et\/","name":"KOOR wood","description":"a bit of nature at your side","publisher":{"@id":"https:\/\/koorwood.eu\/et\/#organization"},"potentialAction":[{"@type":"SearchAction","target":{"@type":"EntryPoint","urlTemplate":"https:\/\/koorwood.eu\/et\/?s={search_term_string}"},"query-input":{"@type":"PropertyValueSpecification","valueRequired":true,"valueName":"search_term_string"}}],"inLanguage":"et"},{"@type":"Organization","@id":"https:\/\/koorwood.eu\/et\/#organization","name":"KOOR wood","url":"https:\/\/koorwood.eu\/et\/","logo":{"@type":"ImageObject","inLanguage":"et","@id":"https:\/\/koorwood.eu\/et\/#\/schema\/logo\/image\/","url":"https:\/\/i1.wp.com\/koorwood.eu\/wp-content\/uploads\/2020\/03\/KOOR-wood-a-bit-of-nature-in-Your-pocket-logo-244x82-1.png?fit=244%2C82&ssl=1","contentUrl":"https:\/\/i1.wp.com\/koorwood.eu\/wp-content\/uploads\/2020\/03\/KOOR-wood-a-bit-of-nature-in-Your-pocket-logo-244x82-1.png?fit=244%2C82&ssl=1","width":244,"height":82,"caption":"KOOR wood"},"image":{"@id":"https:\/\/koorwood.eu\/et\/#\/schema\/logo\/image\/"},"sameAs":["https:\/\/www.facebook.com\/KOORwoodEesti\/","https:\/\/www.instagram.com\/koor_wood\/","https:\/\/ee.linkedin.com\/company\/koor-wood","https:\/\/www.pinterest.com\/koorwood\/","https:\/\/www.youtube.com\/channel\/UCHEstdKMn-jOYJYqhFRL_og"]}]}},"jetpack_sharing_enabled":true,"_links":{"self":[{"href":"https:\/\/koorwood.eu\/et\/wp-json\/wp\/v2\/product\/38452"}],"collection":[{"href":"https:\/\/koorwood.eu\/et\/wp-json\/wp\/v2\/product"}],"about":[{"href":"https:\/\/koorwood.eu\/et\/wp-json\/wp\/v2\/types\/product"}],"wp:featuredmedia":[{"embeddable":true,"href":"https:\/\/koorwood.eu\/et\/wp-json\/wp\/v2\/media\/38939"}],"wp:attachment":[{"href":"https:\/\/koorwood.eu\/et\/wp-json\/wp\/v2\/media?parent=38452"}],"wp:term":[{"taxonomy":"product_brand","embeddable":true,"href":"https:\/\/koorwood.eu\/et\/wp-json\/wp\/v2\/product_brand?post=38452"},{"taxonomy":"product_cat","embeddable":true,"href":"https:\/\/koorwood.eu\/et\/wp-json\/wp\/v2\/product_cat?post=38452"},{"taxonomy":"product_tag","embeddable":true,"href":"https:\/\/koorwood.eu\/et\/wp-json\/wp\/v2\/product_tag?post=38452"}],"curies":[{"name":"wp","href":"https:\/\/api.w.org\/{rel}","templated":true}]}}