{"id":38460,"date":"2020-03-19T14:34:51","date_gmt":"2020-03-19T14:34:51","guid":{"rendered":"https:\/\/koorwood.eu\/product\/prillitoos\/"},"modified":"2022-01-27T15:35:46","modified_gmt":"2022-01-27T13:35:46","slug":"prillitoos","status":"publish","type":"product","link":"https:\/\/koorwood.eu\/et\/toode\/prillitoos\/","title":{"rendered":"Prillitoos SPECSAFE"},"content":{"rendered":"<p>Prillitoos on vajalik aksessuaar igale liikuvale inimesele, kes kannab prille v\u00f5i p\u00e4ikseprille. Kas see m\u00f5ra oli juba ennem seal? Enam ei pea te m\u00f5tlema, kas prillid, mis te kotti panete, elavad reisi \u00fcle.<\/p>\n<p>Meie prillitoosi teeb eriliseks tema huvitav v\u00e4limus ja kaas, mis lihtsa nupuvajutusega lahti kl\u00f5psab, nii et saate prillid vajadusel ka n\u00e4iteks autoroolis k\u00e4tte. Prillitoos on m\u00f5eldud mahutama ka suuremaid p\u00e4ikseprille, mis v\u00f5imaldab sinna panna ka kaks prillipaari.<\/p>\n<h3>Kasutamine:<\/h3>\n<p>Avamiseks vajutage kuusnurkse nupu all olevale &#8220;astmele&#8221;. Vajutada tuleb tugevalt ja j\u00e4rsult, et kaas \u00fcle nupu libiseks. Karbi kaas on m\u00f5eldudki vetruma, \u00e4rge kartke, et ta sellest murdub!<\/p>\n<h3>Prillitoose saab tellida j\u00e4rgnevates v\u00e4rvides:<\/h3>\n<ul>\n<li>P\u00e4hklipruun<\/li>\n<li>Rosinapruun<\/li>\n<li>Kohvipruun<\/li>\n<li>Punane Smaragd<\/li>\n<li>Mururoheline<\/li>\n<li>Rukkilillesinine<\/li>\n<li>Mandariinioran\u017e<\/li>\n<li>P\u00e4ikesekollane<\/li>\n<li>Must<\/li>\n<li>Valge<\/li>\n<\/ul>\n<h3>Eritellimus:<\/h3>\n<ol>\n<li>Valige omale meelep\u00e4rane v\u00e4rv<\/li>\n<li>Leidke sobilik pilt v\u00f5i logo, mida prillitoosile graveerida<\/li>\n<li>M\u00e4\u00e4rake kogus<\/li>\n<li>Kinnitage tellimus<\/li>\n<\/ol>\n","protected":false},"excerpt":{"rendered":"<p>Kvaliteetsest kasevineerist, armsa tammenupuga prillitoos.<\/p>\n<p>Asetage siia oma prillid enne reisi algust ja te ei pea enam kunagi muretsema, et nad katki l\u00e4hevad!<\/p>\n","protected":false},"featured_media":40059,"template":"","meta":{"_acf_changed":false,"_exactmetrics_skip_tracking":false,"_exactmetrics_sitenote_active":false,"_exactmetrics_sitenote_note":"","_exactmetrics_sitenote_category":0,"jetpack_post_was_ever_published":false,"jetpack_publicize_message":"","jetpack_publicize_feature_enabled":true,"jetpack_social_post_already_shared":true,"jetpack_social_options":{"image_generator_settings":{"template":"highway","enabled":false},"version":2}},"product_brand":[],"product_cat":[241],"product_tag":[],"class_list":{"0":"post-38460","1":"product","2":"type-product","3":"status-publish","4":"has-post-thumbnail","6":"product_cat-aksessuaarid","8":"first","9":"instock","10":"taxable","11":"shipping-taxable","12":"purchasable","13":"product-type-simple"},"exclude_global_add_ons":false,"addons":[{"name":"V\u00c4RV","type":"multiple_choice","position":0,"required":true,"title_format":"label","default":"","description_enable":false,"description":"","placeholder_enable":false,"placeholder":"","display":"images","restrictions_type":"any_text","adjust_price":false,"price":"","price_type":"flat_fee","restrictions":false,"min":"0","max":"0","options":[{"label":"Valge","price":"","price_type":"flat_fee","image":40352,"visibility":true},{"label":"Punane Smaragd","price":"","price_type":"flat_fee","image":40344,"visibility":true},{"label":"Mururoheline","price":"","price_type":"flat_fee","image":40350,"visibility":true},{"label":"Rukkilillesinine","price":"","price_type":"flat_fee","image":40336,"visibility":true},{"label":"P\u00e4ikesekollane","price":"","price_type":"flat_fee","image":40348,"visibility":true},{"label":"Mandariinioran\u017e","price":"","price_type":"flat_fee","image":40346,"visibility":true},{"label":"P\u00e4hklipruun","price":"","price_type":"flat_fee","image":40342,"visibility":true},{"label":"Rosinapruun","price":"","price_type":"flat_fee","image":40340,"visibility":true},{"label":"Kohvipruun","price":"","price_type":"flat_fee","image":40354,"visibility":true},{"label":"Must","price":"","price_type":"flat_fee","image":40338,"visibility":true}]},{"name":"Lisa graveeritav tekst - valikuline","type":"custom_text","position":1,"required":false,"title_format":"label","default":"","description_enable":false,"description":"","placeholder_enable":false,"placeholder":"","display":"select","restrictions_type":"any_text","adjust_price":true,"price":"3","price_type":"flat_fee","restrictions":true,"min":"0","max":"100","options":[]},{"name":"Graveeringu font - valikuline","type":"multiple_choice","position":2,"required":false,"title_format":"label","default":"","description_enable":false,"description":"","placeholder_enable":false,"placeholder":"","display":"images","restrictions_type":"any_text","adjust_price":false,"price":"","price_type":"flat_fee","restrictions":false,"min":"0","max":"0","options":[{"label":"Arvo","price":"","price_type":"flat_fee","image":40330,"visibility":true},{"label":"Quicksand","price":"","price_type":"flat_fee","image":40326,"visibility":true},{"label":"Alex brush","price":"","price_type":"flat_fee","image":40328,"visibility":true},{"label":"Six Caps","price":"","price_type":"flat_fee","image":40332,"visibility":true},{"label":"Helvetica","price":"","price_type":"flat_fee","image":40334,"visibility":true}]},{"name":"Lisa graveeritav logo v\u00f5i pilt - valikuline (mitte foto)","type":"file_upload","position":3,"required":false,"title_format":"label","default":"","description_enable":false,"description":"","placeholder_enable":false,"placeholder":"","display":"select","restrictions_type":"any_text","adjust_price":true,"price":"5","price_type":"flat_fee","restrictions":false,"min":"0","max":"0","options":[]},{"name":"Graveeringu asukoht - valikuline","type":"multiple_choice","position":4,"required":false,"title_format":"label","default":"","description_enable":false,"description":"","placeholder_enable":false,"placeholder":"","display":"images","restrictions_type":"any_text","adjust_price":false,"price":"","price_type":"flat_fee","restrictions":false,"min":"0","max":"0","options":[{"label":"Ees","price":"","price_type":"flat_fee","image":41453,"visibility":true},{"label":"K\u00fcljel","price":"","price_type":"flat_fee","image":41449,"visibility":true}]},{"name":"Kommentaarid tellimuse v\u00f5i kujunduse kohta \u2013 valikuline","type":"custom_text","position":5,"required":false,"title_format":"label","default":"","description_enable":false,"description":"","placeholder_enable":false,"placeholder":"","display":"select","restrictions_type":"any_text","adjust_price":false,"price":"100","price_type":"quantity_based","restrictions":false,"min":"0","max":"0","options":[]}],"jetpack_publicize_connections":[],"acf":[],"yoast_head":"<!-- This site is optimized with the Yoast SEO plugin v23.4 - https:\/\/yoast.com\/wordpress\/plugins\/seo\/ -->\n<title>Puidust prillitoos armsa tammenupuga | KOOR wood<\/title>\n<meta name=\"description\" content=\"Prillitoos on vajalik aksessuaar igale liikuvale inimesele, kes kannab prille v\u00f5i p\u00e4ikseprille. Kvaliteetsest kasevineerist, armsa tammenupuga prillitoos.\" \/>\n<meta name=\"robots\" content=\"index, follow, max-snippet:-1, max-image-preview:large, max-video-preview:-1\" \/>\n<link rel=\"canonical\" href=\"https:\/\/koorwood.eu\/et\/toode\/prillitoos\/\" \/>\n<meta property=\"og:locale\" content=\"et_EE\" \/>\n<meta property=\"og:type\" content=\"article\" \/>\n<meta property=\"og:title\" content=\"Puidust prillitoos armsa tammenupuga | KOOR wood\" \/>\n<meta property=\"og:description\" content=\"Prillitoos on vajalik aksessuaar igale liikuvale inimesele, kes kannab prille v\u00f5i p\u00e4ikseprille. Kvaliteetsest kasevineerist, armsa tammenupuga prillitoos.\" \/>\n<meta property=\"og:url\" content=\"https:\/\/koorwood.eu\/et\/toode\/prillitoos\/\" \/>\n<meta property=\"og:site_name\" content=\"KOOR wood\" \/>\n<meta property=\"article:publisher\" content=\"https:\/\/www.facebook.com\/KOORwoodEesti\/\" \/>\n<meta property=\"article:modified_time\" content=\"2022-01-27T13:35:46+00:00\" \/>\n<meta property=\"og:image\" content=\"https:\/\/i0.wp.com\/koorwood.eu\/wp-content\/uploads\/2020\/03\/prillitoos.jpeg?fit=1600%2C1067&ssl=1\" \/>\n\t<meta property=\"og:image:width\" content=\"1600\" \/>\n\t<meta property=\"og:image:height\" content=\"1067\" \/>\n\t<meta property=\"og:image:type\" content=\"image\/jpeg\" \/>\n<meta name=\"twitter:card\" content=\"summary_large_image\" \/>\n<meta name=\"twitter:label1\" content=\"Est. reading time\" \/>\n\t<meta name=\"twitter:data1\" content=\"1 minut\" \/>\n<script type=\"application\/ld+json\" class=\"yoast-schema-graph\">{\"@context\":\"https:\/\/schema.org\",\"@graph\":[{\"@type\":\"WebPage\",\"@id\":\"https:\/\/koorwood.eu\/et\/toode\/prillitoos\/\",\"url\":\"https:\/\/koorwood.eu\/et\/toode\/prillitoos\/\",\"name\":\"Puidust prillitoos armsa tammenupuga | KOOR wood\",\"isPartOf\":{\"@id\":\"https:\/\/koorwood.eu\/et\/#website\"},\"primaryImageOfPage\":{\"@id\":\"https:\/\/koorwood.eu\/et\/toode\/prillitoos\/#primaryimage\"},\"image\":{\"@id\":\"https:\/\/koorwood.eu\/et\/toode\/prillitoos\/#primaryimage\"},\"thumbnailUrl\":\"https:\/\/koorwood.eu\/wp-content\/uploads\/2020\/03\/prillitoos.jpeg\",\"datePublished\":\"2020-03-19T14:34:51+00:00\",\"dateModified\":\"2022-01-27T13:35:46+00:00\",\"description\":\"Prillitoos on vajalik aksessuaar igale liikuvale inimesele, kes kannab prille v\u00f5i p\u00e4ikseprille. Kvaliteetsest kasevineerist, armsa tammenupuga prillitoos.\",\"breadcrumb\":{\"@id\":\"https:\/\/koorwood.eu\/et\/toode\/prillitoos\/#breadcrumb\"},\"inLanguage\":\"et\",\"potentialAction\":[{\"@type\":\"ReadAction\",\"target\":[\"https:\/\/koorwood.eu\/et\/toode\/prillitoos\/\"]}]},{\"@type\":\"ImageObject\",\"inLanguage\":\"et\",\"@id\":\"https:\/\/koorwood.eu\/et\/toode\/prillitoos\/#primaryimage\",\"url\":\"https:\/\/koorwood.eu\/wp-content\/uploads\/2020\/03\/prillitoos.jpeg\",\"contentUrl\":\"https:\/\/koorwood.eu\/wp-content\/uploads\/2020\/03\/prillitoos.jpeg\",\"width\":1200,\"height\":800,\"caption\":\"Puidust prillitoos\"},{\"@type\":\"BreadcrumbList\",\"@id\":\"https:\/\/koorwood.eu\/et\/toode\/prillitoos\/#breadcrumb\",\"itemListElement\":[{\"@type\":\"ListItem\",\"position\":1,\"name\":\"Home\",\"item\":\"https:\/\/koorwood.eu\/et\/\"},{\"@type\":\"ListItem\",\"position\":2,\"name\":\"Shop\",\"item\":\"https:\/\/koorwood.eu\/et\/shop\/\"},{\"@type\":\"ListItem\",\"position\":3,\"name\":\"Prillitoos SPECSAFE\"}]},{\"@type\":\"WebSite\",\"@id\":\"https:\/\/koorwood.eu\/et\/#website\",\"url\":\"https:\/\/koorwood.eu\/et\/\",\"name\":\"KOOR wood\",\"description\":\"a bit of nature at your side\",\"publisher\":{\"@id\":\"https:\/\/koorwood.eu\/et\/#organization\"},\"potentialAction\":[{\"@type\":\"SearchAction\",\"target\":{\"@type\":\"EntryPoint\",\"urlTemplate\":\"https:\/\/koorwood.eu\/et\/?s={search_term_string}\"},\"query-input\":{\"@type\":\"PropertyValueSpecification\",\"valueRequired\":true,\"valueName\":\"search_term_string\"}}],\"inLanguage\":\"et\"},{\"@type\":\"Organization\",\"@id\":\"https:\/\/koorwood.eu\/et\/#organization\",\"name\":\"KOOR wood\",\"url\":\"https:\/\/koorwood.eu\/et\/\",\"logo\":{\"@type\":\"ImageObject\",\"inLanguage\":\"et\",\"@id\":\"https:\/\/koorwood.eu\/et\/#\/schema\/logo\/image\/\",\"url\":\"https:\/\/i1.wp.com\/koorwood.eu\/wp-content\/uploads\/2020\/03\/KOOR-wood-a-bit-of-nature-in-Your-pocket-logo-244x82-1.png?fit=244%2C82&ssl=1\",\"contentUrl\":\"https:\/\/i1.wp.com\/koorwood.eu\/wp-content\/uploads\/2020\/03\/KOOR-wood-a-bit-of-nature-in-Your-pocket-logo-244x82-1.png?fit=244%2C82&ssl=1\",\"width\":244,\"height\":82,\"caption\":\"KOOR wood\"},\"image\":{\"@id\":\"https:\/\/koorwood.eu\/et\/#\/schema\/logo\/image\/\"},\"sameAs\":[\"https:\/\/www.facebook.com\/KOORwoodEesti\/\",\"https:\/\/www.instagram.com\/koor_wood\/\",\"https:\/\/ee.linkedin.com\/company\/koor-wood\",\"https:\/\/www.pinterest.com\/koorwood\/\",\"https:\/\/www.youtube.com\/channel\/UCHEstdKMn-jOYJYqhFRL_og\"]}]}<\/script>\n<!-- \/ Yoast SEO plugin. -->","yoast_head_json":{"title":"Puidust prillitoos armsa tammenupuga | KOOR wood","description":"Prillitoos on vajalik aksessuaar igale liikuvale inimesele, kes kannab prille v\u00f5i p\u00e4ikseprille. Kvaliteetsest kasevineerist, armsa tammenupuga prillitoos.","robots":{"index":"index","follow":"follow","max-snippet":"max-snippet:-1","max-image-preview":"max-image-preview:large","max-video-preview":"max-video-preview:-1"},"canonical":"https:\/\/koorwood.eu\/et\/toode\/prillitoos\/","og_locale":"et_EE","og_type":"article","og_title":"Puidust prillitoos armsa tammenupuga | KOOR wood","og_description":"Prillitoos on vajalik aksessuaar igale liikuvale inimesele, kes kannab prille v\u00f5i p\u00e4ikseprille. Kvaliteetsest kasevineerist, armsa tammenupuga prillitoos.","og_url":"https:\/\/koorwood.eu\/et\/toode\/prillitoos\/","og_site_name":"KOOR wood","article_publisher":"https:\/\/www.facebook.com\/KOORwoodEesti\/","article_modified_time":"2022-01-27T13:35:46+00:00","og_image":[{"width":1600,"height":1067,"url":"https:\/\/i0.wp.com\/koorwood.eu\/wp-content\/uploads\/2020\/03\/prillitoos.jpeg?fit=1600%2C1067&ssl=1","type":"image\/jpeg"}],"twitter_card":"summary_large_image","twitter_misc":{"Est. reading time":"1 minut"},"schema":{"@context":"https:\/\/schema.org","@graph":[{"@type":"WebPage","@id":"https:\/\/koorwood.eu\/et\/toode\/prillitoos\/","url":"https:\/\/koorwood.eu\/et\/toode\/prillitoos\/","name":"Puidust prillitoos armsa tammenupuga | KOOR wood","isPartOf":{"@id":"https:\/\/koorwood.eu\/et\/#website"},"primaryImageOfPage":{"@id":"https:\/\/koorwood.eu\/et\/toode\/prillitoos\/#primaryimage"},"image":{"@id":"https:\/\/koorwood.eu\/et\/toode\/prillitoos\/#primaryimage"},"thumbnailUrl":"https:\/\/koorwood.eu\/wp-content\/uploads\/2020\/03\/prillitoos.jpeg","datePublished":"2020-03-19T14:34:51+00:00","dateModified":"2022-01-27T13:35:46+00:00","description":"Prillitoos on vajalik aksessuaar igale liikuvale inimesele, kes kannab prille v\u00f5i p\u00e4ikseprille. Kvaliteetsest kasevineerist, armsa tammenupuga prillitoos.","breadcrumb":{"@id":"https:\/\/koorwood.eu\/et\/toode\/prillitoos\/#breadcrumb"},"inLanguage":"et","potentialAction":[{"@type":"ReadAction","target":["https:\/\/koorwood.eu\/et\/toode\/prillitoos\/"]}]},{"@type":"ImageObject","inLanguage":"et","@id":"https:\/\/koorwood.eu\/et\/toode\/prillitoos\/#primaryimage","url":"https:\/\/koorwood.eu\/wp-content\/uploads\/2020\/03\/prillitoos.jpeg","contentUrl":"https:\/\/koorwood.eu\/wp-content\/uploads\/2020\/03\/prillitoos.jpeg","width":1200,"height":800,"caption":"Puidust prillitoos"},{"@type":"BreadcrumbList","@id":"https:\/\/koorwood.eu\/et\/toode\/prillitoos\/#breadcrumb","itemListElement":[{"@type":"ListItem","position":1,"name":"Home","item":"https:\/\/koorwood.eu\/et\/"},{"@type":"ListItem","position":2,"name":"Shop","item":"https:\/\/koorwood.eu\/et\/shop\/"},{"@type":"ListItem","position":3,"name":"Prillitoos SPECSAFE"}]},{"@type":"WebSite","@id":"https:\/\/koorwood.eu\/et\/#website","url":"https:\/\/koorwood.eu\/et\/","name":"KOOR wood","description":"a bit of nature at your side","publisher":{"@id":"https:\/\/koorwood.eu\/et\/#organization"},"potentialAction":[{"@type":"SearchAction","target":{"@type":"EntryPoint","urlTemplate":"https:\/\/koorwood.eu\/et\/?s={search_term_string}"},"query-input":{"@type":"PropertyValueSpecification","valueRequired":true,"valueName":"search_term_string"}}],"inLanguage":"et"},{"@type":"Organization","@id":"https:\/\/koorwood.eu\/et\/#organization","name":"KOOR wood","url":"https:\/\/koorwood.eu\/et\/","logo":{"@type":"ImageObject","inLanguage":"et","@id":"https:\/\/koorwood.eu\/et\/#\/schema\/logo\/image\/","url":"https:\/\/i1.wp.com\/koorwood.eu\/wp-content\/uploads\/2020\/03\/KOOR-wood-a-bit-of-nature-in-Your-pocket-logo-244x82-1.png?fit=244%2C82&ssl=1","contentUrl":"https:\/\/i1.wp.com\/koorwood.eu\/wp-content\/uploads\/2020\/03\/KOOR-wood-a-bit-of-nature-in-Your-pocket-logo-244x82-1.png?fit=244%2C82&ssl=1","width":244,"height":82,"caption":"KOOR wood"},"image":{"@id":"https:\/\/koorwood.eu\/et\/#\/schema\/logo\/image\/"},"sameAs":["https:\/\/www.facebook.com\/KOORwoodEesti\/","https:\/\/www.instagram.com\/koor_wood\/","https:\/\/ee.linkedin.com\/company\/koor-wood","https:\/\/www.pinterest.com\/koorwood\/","https:\/\/www.youtube.com\/channel\/UCHEstdKMn-jOYJYqhFRL_og"]}]}},"jetpack_sharing_enabled":true,"_links":{"self":[{"href":"https:\/\/koorwood.eu\/et\/wp-json\/wp\/v2\/product\/38460"}],"collection":[{"href":"https:\/\/koorwood.eu\/et\/wp-json\/wp\/v2\/product"}],"about":[{"href":"https:\/\/koorwood.eu\/et\/wp-json\/wp\/v2\/types\/product"}],"wp:featuredmedia":[{"embeddable":true,"href":"https:\/\/koorwood.eu\/et\/wp-json\/wp\/v2\/media\/40059"}],"wp:attachment":[{"href":"https:\/\/koorwood.eu\/et\/wp-json\/wp\/v2\/media?parent=38460"}],"wp:term":[{"taxonomy":"product_brand","embeddable":true,"href":"https:\/\/koorwood.eu\/et\/wp-json\/wp\/v2\/product_brand?post=38460"},{"taxonomy":"product_cat","embeddable":true,"href":"https:\/\/koorwood.eu\/et\/wp-json\/wp\/v2\/product_cat?post=38460"},{"taxonomy":"product_tag","embeddable":true,"href":"https:\/\/koorwood.eu\/et\/wp-json\/wp\/v2\/product_tag?post=38460"}],"curies":[{"name":"wp","href":"https:\/\/api.w.org\/{rel}","templated":true}]}}