{"id":38467,"date":"2020-03-19T14:24:17","date_gmt":"2020-03-19T14:24:17","guid":{"rendered":"https:\/\/koorwood.eu\/product\/oma-kujundusega-iphone-koor\/"},"modified":"2021-10-04T17:13:35","modified_gmt":"2021-10-04T14:13:35","slug":"oma-kujundusega-koor-telefonikate","status":"publish","type":"product","link":"https:\/\/koorwood.eu\/et\/toode\/oma-kujundusega-koor-telefonikate\/","title":{"rendered":"Oma kujundusega KOOR telefonikate"},"content":{"rendered":"<p><span style=\"font-weight: 400;\">KOOR puidust telefonikatted on valmistatud selleks, et anda teie seadmele ainulaadne v\u00e4limus ja kaitsta seda kriimustuste eest. See v\u00f5ib p\u00e4\u00e4sta isegi kallist tagaklaasi asendamisest.<\/span><\/p>\n<p><span style=\"font-weight: 400;\">Valige puit, mis teile enim meeldib ning laadige \u00fcles endale meeldiv pilt v\u00f5i tekst, et luua oman\u00e4oline telefonikate, mida kellegil teisel ei ole.<\/span><\/p>\n<p><span style=\"font-weight: 400;\">KOOR telefonikatet disainides tahtsime anda nutitelefonidele t\u00e4iendava kaitsekihi, j\u00e4\u00e4des samas moodsaks. K\u00f5ik meie koored on valmistatud peenest puidust, hoolikalt k\u00e4sitsi viimistletud ja kaetud naturaalse mesilasvahaga. Mesilasvaha kaitseb puitu niiskuse ja mustuse eest, andes sellele pikema eluea.<\/span><\/p>\n<p><span style=\"font-weight: 400;\">Nii nagu te ei leia kahte identset puud, pole ka kahte sama KOOR telefonikatet.<\/span><\/p>\n<p><span style=\"font-weight: 400;\">Iga koor on ainulaadse tekstuuriga!<\/span><\/p>\n<p><span style=\"font-weight: 400;\">KOOR telefonikate kinnitub otse teie seadme tagumisele k\u00fcljele. See on h\u00f5lpsasti eemaldatav ega j\u00e4ta p\u00fcsivaid j\u00e4lgi. Telefonikate on m\u00f5eldud kasutamiseks ainult \u00fcks kord.<\/span><\/p>\n<p><span style=\"font-weight: 400;\">NB! Alates 2017. aasta detsembrist hakkasime kasutama uut liimi lahendust ja telefonikatet on n\u00fc\u00fcd veelgi lihtsam eemaldada.<\/span><\/p>\n<h3><\/h3>\n<h3>Kasutamine:<\/h3>\n<ol>\n<li><span style=\"font-weight: 400;\">Eemaldage kleepsu tagus<\/span><\/li>\n<li><span style=\"font-weight: 400;\">Asetage kate \u00f5igesse kohta<\/span><\/li>\n<li><span style=\"font-weight: 400;\">Vajutage koor igalt poolt kinni<\/span><\/li>\n<li><span style=\"font-weight: 400;\">Nautige oma uut telefonikatet<\/span><\/li>\n<li><span style=\"font-weight: 400;\">Eemaldamiseks lihtsalt t\u00f5mmake KOOR maha<\/span>\u2026<\/li>\n<li>\u2026 ja pange uus peale.<\/li>\n<\/ol>\n<h3>KOOR telefonitaguseid saate tellida j\u00e4rgmiste puiduliikide seast:<\/h3>\n<ul>\n<li>Padauk Crimson<\/li>\n<li>Mahagon<\/li>\n<li>Tamm<\/li>\n<li>Rabatamm<\/li>\n<li>P\u00e4hkel<\/li>\n<li>Kirss<\/li>\n<li>Pirn<\/li>\n<\/ul>\n","protected":false},"excerpt":{"rendered":"<p><span style=\"font-weight: 400;\">KOOR telefonikate kinnitub otse teie seadme tagumisele k\u00fcljele. See on h\u00f5lpsasti eemaldatav ega j\u00e4ta p\u00fcsivaid j\u00e4lgi. Telefonikate on m\u00f5eldud kasutamiseks ainult \u00fcks kord.<\/span><\/p>\n<p><span style=\"font-weight: 400;\">Nii nagu te ei leia kahte identset puud, pole ka kahte sama KOOR telefonikatet.<\/span><\/p>\n","protected":false},"featured_media":40550,"template":"","meta":{"_acf_changed":false,"_exactmetrics_skip_tracking":false,"_exactmetrics_sitenote_active":false,"_exactmetrics_sitenote_note":"","_exactmetrics_sitenote_category":0,"jetpack_post_was_ever_published":false,"jetpack_publicize_message":"","jetpack_publicize_feature_enabled":true,"jetpack_social_post_already_shared":true,"jetpack_social_options":{"image_generator_settings":{"template":"highway","enabled":false},"version":2}},"product_brand":[],"product_cat":[241],"product_tag":[],"class_list":{"0":"post-38467","1":"product","2":"type-product","3":"status-publish","4":"has-post-thumbnail","6":"product_cat-aksessuaarid","8":"first","9":"instock","10":"featured","11":"taxable","12":"shipping-taxable","13":"purchasable","14":"product-type-simple"},"exclude_global_add_ons":false,"addons":[{"name":"PUIDU T\u00dc\u00dcP","type":"multiple_choice","position":0,"required":true,"title_format":"label","default":"","description_enable":false,"description":"","placeholder_enable":false,"placeholder":"","display":"images","restrictions_type":"any_text","adjust_price":false,"price":"","price_type":"flat_fee","restrictions":false,"min":"0","max":"0","options":[{"label":"Mahagon","price":"","price_type":"flat_fee","image":40533,"visibility":true},{"label":"Punane Padauk","price":"","price_type":"flat_fee","image":40535,"visibility":true},{"label":"Pirn","price":"","price_type":"flat_fee","image":40537,"visibility":true}]},{"name":"TELEFONI MUDEL","type":"multiple_choice","position":1,"required":true,"title_format":"label","default":"","description_enable":false,"description":"","placeholder_enable":false,"placeholder":"","display":"select","restrictions_type":"any_text","adjust_price":false,"price":"","price_type":"flat_fee","restrictions":false,"min":"0","max":"0","options":[{"label":"iPhone 5\/5S\/SE","price":"","price_type":"flat_fee","image":0,"visibility":true},{"label":"iPhone 6","price":"","price_type":"flat_fee","image":0,"visibility":true},{"label":"iPhone 6 Plus","price":"","price_type":"flat_fee","image":0,"visibility":true},{"label":"iPhone 7","price":"","price_type":"flat_fee","image":0,"visibility":true},{"label":"iPhone 7 Plus","price":"","price_type":"flat_fee","image":0,"visibility":true},{"label":"iPhone 8","price":"","price_type":"flat_fee","image":0,"visibility":true},{"label":"iPhone 8 Plus","price":"","price_type":"flat_fee","image":0,"visibility":true},{"label":"iPhone X","price":"","price_type":"flat_fee","image":0,"visibility":true},{"label":"iPhone XS","price":"","price_type":"flat_fee","image":0,"visibility":true},{"label":"iPhone XS Max","price":"","price_type":"flat_fee","image":0,"visibility":true},{"label":"iPhone XR","price":"","price_type":"flat_fee","image":0,"visibility":true},{"label":"iPhone SE 2020","price":"","price_type":"flat_fee","image":0,"visibility":true},{"label":"iPhone 11","price":"","price_type":"flat_fee","image":0,"visibility":true},{"label":"iPhone 12","price":"","price_type":"flat_fee","image":0,"visibility":true},{"label":"iPhone 13 mini","price":"","price_type":"flat_fee","image":0,"visibility":true},{"label":"iPhone 13","price":"","price_type":"flat_fee","image":0,"visibility":true},{"label":"iPhone 13 Pro","price":"","price_type":"flat_fee","image":0,"visibility":true},{"label":"iPhone 13 Pro Max","price":"","price_type":"flat_fee","image":0,"visibility":true}]},{"name":"Lisa teksti graveering - valikuline","type":"custom_text","position":2,"required":false,"title_format":"label","default":"","description_enable":false,"description":"","placeholder_enable":false,"placeholder":"","display":"select","restrictions_type":"any_text","adjust_price":true,"price":"3","price_type":"flat_fee","restrictions":true,"min":"0","max":"100","options":[]},{"name":"Graveerimise font - valikuline","type":"multiple_choice","position":3,"required":false,"title_format":"label","default":"","description_enable":false,"description":"","placeholder_enable":false,"placeholder":"","display":"images","restrictions_type":"any_text","adjust_price":false,"price":"","price_type":"flat_fee","restrictions":false,"min":"0","max":"0","options":[{"label":"Helvetica Neue","price":"","price_type":"flat_fee","image":40334,"visibility":true},{"label":"Six Caps","price":"","price_type":"flat_fee","image":40332,"visibility":true},{"label":"Arvo","price":"","price_type":"flat_fee","image":40330,"visibility":true},{"label":"Alex Brush","price":"","price_type":"flat_fee","image":40328,"visibility":true},{"label":"Quicksand","price":"","price_type":"flat_fee","image":40326,"visibility":true}]},{"name":"Lisa logo v\u00f5i pilt (mitte foto) - valikuline","type":"file_upload","position":4,"required":false,"title_format":"label","default":"","description_enable":false,"description":"","placeholder_enable":false,"placeholder":"","display":"select","restrictions_type":"any_text","adjust_price":true,"price":"5","price_type":"flat_fee","restrictions":false,"min":"0","max":"0","options":[]},{"name":"Graveeringu asukoht - valikuline","type":"multiple_choice","position":5,"required":false,"title_format":"label","default":"","description_enable":false,"description":"","placeholder_enable":false,"placeholder":"","display":"select","restrictions_type":"any_text","adjust_price":false,"price":"","price_type":"flat_fee","restrictions":false,"min":"0","max":"0","options":[{"label":"\u00dcleval","price":"","price_type":"flat_fee","image":0,"visibility":true},{"label":"Keskel","price":"","price_type":"flat_fee","image":0,"visibility":true},{"label":"All","price":"","price_type":"flat_fee","image":0,"visibility":true},{"label":"\u00dcle terve ala (v\u00f5imalikult suurelt)","price":"1","price_type":"flat_fee","image":0,"visibility":true}]},{"name":"Tellimuse m\u00e4rkused","type":"custom_text","position":6,"required":false,"title_format":"label","default":"","description_enable":false,"description":"","placeholder_enable":false,"placeholder":"","display":"select","restrictions_type":"any_text","adjust_price":false,"price":"","price_type":"flat_fee","restrictions":true,"min":"0","max":"200","options":[]}],"jetpack_publicize_connections":[],"acf":[],"yoast_head":"<!-- This site is optimized with the Yoast SEO plugin v23.4 - https:\/\/yoast.com\/wordpress\/plugins\/seo\/ -->\n<title>Oma kujundusega KOOR telefonikate | KOOR wood<\/title>\n<meta name=\"description\" content=\"KOOR puidust telefonikatted on valmistatud selleks, et anda teie seadmele ainulaadne v\u00e4limus ja kaitsta seda kriimustuste eest.\" \/>\n<meta name=\"robots\" content=\"index, follow, max-snippet:-1, max-image-preview:large, max-video-preview:-1\" \/>\n<link rel=\"canonical\" href=\"https:\/\/koorwood.eu\/et\/toode\/oma-kujundusega-koor-telefonikate\/\" \/>\n<meta property=\"og:locale\" content=\"et_EE\" \/>\n<meta property=\"og:type\" content=\"article\" \/>\n<meta property=\"og:title\" content=\"Oma kujundusega KOOR telefonikate | KOOR wood\" \/>\n<meta property=\"og:description\" content=\"KOOR puidust telefonikatted on valmistatud selleks, et anda teie seadmele ainulaadne v\u00e4limus ja kaitsta seda kriimustuste eest.\" \/>\n<meta property=\"og:url\" content=\"https:\/\/koorwood.eu\/et\/toode\/oma-kujundusega-koor-telefonikate\/\" \/>\n<meta property=\"og:site_name\" content=\"KOOR wood\" \/>\n<meta property=\"article:publisher\" content=\"https:\/\/www.facebook.com\/KOORwoodEesti\/\" \/>\n<meta property=\"article:modified_time\" content=\"2021-10-04T14:13:35+00:00\" \/>\n<meta property=\"og:image\" content=\"https:\/\/i0.wp.com\/koorwood.eu\/wp-content\/uploads\/2020\/03\/KOOR-skin-crop-scaled.jpg?fit=1628%2C2560&ssl=1\" \/>\n\t<meta property=\"og:image:width\" content=\"1628\" \/>\n\t<meta property=\"og:image:height\" content=\"2560\" \/>\n\t<meta property=\"og:image:type\" content=\"image\/jpeg\" \/>\n<meta name=\"twitter:card\" content=\"summary_large_image\" \/>\n<meta name=\"twitter:label1\" content=\"Est. reading time\" \/>\n\t<meta name=\"twitter:data1\" content=\"1 minut\" \/>\n<script type=\"application\/ld+json\" class=\"yoast-schema-graph\">{\"@context\":\"https:\/\/schema.org\",\"@graph\":[{\"@type\":\"WebPage\",\"@id\":\"https:\/\/koorwood.eu\/et\/toode\/oma-kujundusega-koor-telefonikate\/\",\"url\":\"https:\/\/koorwood.eu\/et\/toode\/oma-kujundusega-koor-telefonikate\/\",\"name\":\"Oma kujundusega KOOR telefonikate | KOOR wood\",\"isPartOf\":{\"@id\":\"https:\/\/koorwood.eu\/et\/#website\"},\"primaryImageOfPage\":{\"@id\":\"https:\/\/koorwood.eu\/et\/toode\/oma-kujundusega-koor-telefonikate\/#primaryimage\"},\"image\":{\"@id\":\"https:\/\/koorwood.eu\/et\/toode\/oma-kujundusega-koor-telefonikate\/#primaryimage\"},\"thumbnailUrl\":\"https:\/\/koorwood.eu\/wp-content\/uploads\/2020\/03\/KOOR-skin-crop-scaled.jpg\",\"datePublished\":\"2020-03-19T14:24:17+00:00\",\"dateModified\":\"2021-10-04T14:13:35+00:00\",\"description\":\"KOOR puidust telefonikatted on valmistatud selleks, et anda teie seadmele ainulaadne v\u00e4limus ja kaitsta seda kriimustuste eest.\",\"breadcrumb\":{\"@id\":\"https:\/\/koorwood.eu\/et\/toode\/oma-kujundusega-koor-telefonikate\/#breadcrumb\"},\"inLanguage\":\"et\",\"potentialAction\":[{\"@type\":\"ReadAction\",\"target\":[\"https:\/\/koorwood.eu\/et\/toode\/oma-kujundusega-koor-telefonikate\/\"]}]},{\"@type\":\"ImageObject\",\"inLanguage\":\"et\",\"@id\":\"https:\/\/koorwood.eu\/et\/toode\/oma-kujundusega-koor-telefonikate\/#primaryimage\",\"url\":\"https:\/\/koorwood.eu\/wp-content\/uploads\/2020\/03\/KOOR-skin-crop-scaled.jpg\",\"contentUrl\":\"https:\/\/koorwood.eu\/wp-content\/uploads\/2020\/03\/KOOR-skin-crop-scaled.jpg\",\"width\":1200,\"height\":1887},{\"@type\":\"BreadcrumbList\",\"@id\":\"https:\/\/koorwood.eu\/et\/toode\/oma-kujundusega-koor-telefonikate\/#breadcrumb\",\"itemListElement\":[{\"@type\":\"ListItem\",\"position\":1,\"name\":\"Home\",\"item\":\"https:\/\/koorwood.eu\/et\/\"},{\"@type\":\"ListItem\",\"position\":2,\"name\":\"Shop\",\"item\":\"https:\/\/koorwood.eu\/et\/shop\/\"},{\"@type\":\"ListItem\",\"position\":3,\"name\":\"Oma kujundusega KOOR telefonikate\"}]},{\"@type\":\"WebSite\",\"@id\":\"https:\/\/koorwood.eu\/et\/#website\",\"url\":\"https:\/\/koorwood.eu\/et\/\",\"name\":\"KOOR wood\",\"description\":\"a bit of nature at your side\",\"publisher\":{\"@id\":\"https:\/\/koorwood.eu\/et\/#organization\"},\"potentialAction\":[{\"@type\":\"SearchAction\",\"target\":{\"@type\":\"EntryPoint\",\"urlTemplate\":\"https:\/\/koorwood.eu\/et\/?s={search_term_string}\"},\"query-input\":{\"@type\":\"PropertyValueSpecification\",\"valueRequired\":true,\"valueName\":\"search_term_string\"}}],\"inLanguage\":\"et\"},{\"@type\":\"Organization\",\"@id\":\"https:\/\/koorwood.eu\/et\/#organization\",\"name\":\"KOOR wood\",\"url\":\"https:\/\/koorwood.eu\/et\/\",\"logo\":{\"@type\":\"ImageObject\",\"inLanguage\":\"et\",\"@id\":\"https:\/\/koorwood.eu\/et\/#\/schema\/logo\/image\/\",\"url\":\"https:\/\/i1.wp.com\/koorwood.eu\/wp-content\/uploads\/2020\/03\/KOOR-wood-a-bit-of-nature-in-Your-pocket-logo-244x82-1.png?fit=244%2C82&ssl=1\",\"contentUrl\":\"https:\/\/i1.wp.com\/koorwood.eu\/wp-content\/uploads\/2020\/03\/KOOR-wood-a-bit-of-nature-in-Your-pocket-logo-244x82-1.png?fit=244%2C82&ssl=1\",\"width\":244,\"height\":82,\"caption\":\"KOOR wood\"},\"image\":{\"@id\":\"https:\/\/koorwood.eu\/et\/#\/schema\/logo\/image\/\"},\"sameAs\":[\"https:\/\/www.facebook.com\/KOORwoodEesti\/\",\"https:\/\/www.instagram.com\/koor_wood\/\",\"https:\/\/ee.linkedin.com\/company\/koor-wood\",\"https:\/\/www.pinterest.com\/koorwood\/\",\"https:\/\/www.youtube.com\/channel\/UCHEstdKMn-jOYJYqhFRL_og\"]}]}<\/script>\n<!-- \/ Yoast SEO plugin. -->","yoast_head_json":{"title":"Oma kujundusega KOOR telefonikate | KOOR wood","description":"KOOR puidust telefonikatted on valmistatud selleks, et anda teie seadmele ainulaadne v\u00e4limus ja kaitsta seda kriimustuste eest.","robots":{"index":"index","follow":"follow","max-snippet":"max-snippet:-1","max-image-preview":"max-image-preview:large","max-video-preview":"max-video-preview:-1"},"canonical":"https:\/\/koorwood.eu\/et\/toode\/oma-kujundusega-koor-telefonikate\/","og_locale":"et_EE","og_type":"article","og_title":"Oma kujundusega KOOR telefonikate | KOOR wood","og_description":"KOOR puidust telefonikatted on valmistatud selleks, et anda teie seadmele ainulaadne v\u00e4limus ja kaitsta seda kriimustuste eest.","og_url":"https:\/\/koorwood.eu\/et\/toode\/oma-kujundusega-koor-telefonikate\/","og_site_name":"KOOR wood","article_publisher":"https:\/\/www.facebook.com\/KOORwoodEesti\/","article_modified_time":"2021-10-04T14:13:35+00:00","og_image":[{"width":1628,"height":2560,"url":"https:\/\/i0.wp.com\/koorwood.eu\/wp-content\/uploads\/2020\/03\/KOOR-skin-crop-scaled.jpg?fit=1628%2C2560&ssl=1","type":"image\/jpeg"}],"twitter_card":"summary_large_image","twitter_misc":{"Est. reading time":"1 minut"},"schema":{"@context":"https:\/\/schema.org","@graph":[{"@type":"WebPage","@id":"https:\/\/koorwood.eu\/et\/toode\/oma-kujundusega-koor-telefonikate\/","url":"https:\/\/koorwood.eu\/et\/toode\/oma-kujundusega-koor-telefonikate\/","name":"Oma kujundusega KOOR telefonikate | KOOR wood","isPartOf":{"@id":"https:\/\/koorwood.eu\/et\/#website"},"primaryImageOfPage":{"@id":"https:\/\/koorwood.eu\/et\/toode\/oma-kujundusega-koor-telefonikate\/#primaryimage"},"image":{"@id":"https:\/\/koorwood.eu\/et\/toode\/oma-kujundusega-koor-telefonikate\/#primaryimage"},"thumbnailUrl":"https:\/\/koorwood.eu\/wp-content\/uploads\/2020\/03\/KOOR-skin-crop-scaled.jpg","datePublished":"2020-03-19T14:24:17+00:00","dateModified":"2021-10-04T14:13:35+00:00","description":"KOOR puidust telefonikatted on valmistatud selleks, et anda teie seadmele ainulaadne v\u00e4limus ja kaitsta seda kriimustuste eest.","breadcrumb":{"@id":"https:\/\/koorwood.eu\/et\/toode\/oma-kujundusega-koor-telefonikate\/#breadcrumb"},"inLanguage":"et","potentialAction":[{"@type":"ReadAction","target":["https:\/\/koorwood.eu\/et\/toode\/oma-kujundusega-koor-telefonikate\/"]}]},{"@type":"ImageObject","inLanguage":"et","@id":"https:\/\/koorwood.eu\/et\/toode\/oma-kujundusega-koor-telefonikate\/#primaryimage","url":"https:\/\/koorwood.eu\/wp-content\/uploads\/2020\/03\/KOOR-skin-crop-scaled.jpg","contentUrl":"https:\/\/koorwood.eu\/wp-content\/uploads\/2020\/03\/KOOR-skin-crop-scaled.jpg","width":1200,"height":1887},{"@type":"BreadcrumbList","@id":"https:\/\/koorwood.eu\/et\/toode\/oma-kujundusega-koor-telefonikate\/#breadcrumb","itemListElement":[{"@type":"ListItem","position":1,"name":"Home","item":"https:\/\/koorwood.eu\/et\/"},{"@type":"ListItem","position":2,"name":"Shop","item":"https:\/\/koorwood.eu\/et\/shop\/"},{"@type":"ListItem","position":3,"name":"Oma kujundusega KOOR telefonikate"}]},{"@type":"WebSite","@id":"https:\/\/koorwood.eu\/et\/#website","url":"https:\/\/koorwood.eu\/et\/","name":"KOOR wood","description":"a bit of nature at your side","publisher":{"@id":"https:\/\/koorwood.eu\/et\/#organization"},"potentialAction":[{"@type":"SearchAction","target":{"@type":"EntryPoint","urlTemplate":"https:\/\/koorwood.eu\/et\/?s={search_term_string}"},"query-input":{"@type":"PropertyValueSpecification","valueRequired":true,"valueName":"search_term_string"}}],"inLanguage":"et"},{"@type":"Organization","@id":"https:\/\/koorwood.eu\/et\/#organization","name":"KOOR wood","url":"https:\/\/koorwood.eu\/et\/","logo":{"@type":"ImageObject","inLanguage":"et","@id":"https:\/\/koorwood.eu\/et\/#\/schema\/logo\/image\/","url":"https:\/\/i1.wp.com\/koorwood.eu\/wp-content\/uploads\/2020\/03\/KOOR-wood-a-bit-of-nature-in-Your-pocket-logo-244x82-1.png?fit=244%2C82&ssl=1","contentUrl":"https:\/\/i1.wp.com\/koorwood.eu\/wp-content\/uploads\/2020\/03\/KOOR-wood-a-bit-of-nature-in-Your-pocket-logo-244x82-1.png?fit=244%2C82&ssl=1","width":244,"height":82,"caption":"KOOR wood"},"image":{"@id":"https:\/\/koorwood.eu\/et\/#\/schema\/logo\/image\/"},"sameAs":["https:\/\/www.facebook.com\/KOORwoodEesti\/","https:\/\/www.instagram.com\/koor_wood\/","https:\/\/ee.linkedin.com\/company\/koor-wood","https:\/\/www.pinterest.com\/koorwood\/","https:\/\/www.youtube.com\/channel\/UCHEstdKMn-jOYJYqhFRL_og"]}]}},"jetpack_sharing_enabled":true,"_links":{"self":[{"href":"https:\/\/koorwood.eu\/et\/wp-json\/wp\/v2\/product\/38467"}],"collection":[{"href":"https:\/\/koorwood.eu\/et\/wp-json\/wp\/v2\/product"}],"about":[{"href":"https:\/\/koorwood.eu\/et\/wp-json\/wp\/v2\/types\/product"}],"wp:featuredmedia":[{"embeddable":true,"href":"https:\/\/koorwood.eu\/et\/wp-json\/wp\/v2\/media\/40550"}],"wp:attachment":[{"href":"https:\/\/koorwood.eu\/et\/wp-json\/wp\/v2\/media?parent=38467"}],"wp:term":[{"taxonomy":"product_brand","embeddable":true,"href":"https:\/\/koorwood.eu\/et\/wp-json\/wp\/v2\/product_brand?post=38467"},{"taxonomy":"product_cat","embeddable":true,"href":"https:\/\/koorwood.eu\/et\/wp-json\/wp\/v2\/product_cat?post=38467"},{"taxonomy":"product_tag","embeddable":true,"href":"https:\/\/koorwood.eu\/et\/wp-json\/wp\/v2\/product_tag?post=38467"}],"curies":[{"name":"wp","href":"https:\/\/api.w.org\/{rel}","templated":true}]}}