{"id":38478,"date":"2020-03-19T14:24:17","date_gmt":"2020-03-19T14:24:17","guid":{"rendered":"https:\/\/koorwood.eu\/product\/naturaalne-must-rabatammest-wood-koor\/"},"modified":"2021-10-04T16:57:59","modified_gmt":"2021-10-04T13:57:59","slug":"naturaalne-must-rabatammest-wood-koor","status":"publish","type":"product","link":"https:\/\/koorwood.eu\/et\/toode\/naturaalne-must-rabatammest-wood-koor\/","title":{"rendered":"Naturaalne must \u2013 Rabatammest KOOR telefonikate"},"content":{"rendered":"<p>KOOR puidust telefonikatted on valmistatud selleks, et anda teie seadmele ainulaadne v\u00e4limus ja kaitsta seda kriimustuste eest. See v\u00f5ib p\u00e4\u00e4sta isegi kallist tagaklaasi asendamisest.<\/p>\n<p>KOOR telefonikatet disainides tahtsime anda nutitelefonidele t\u00e4iendava kaitsekihi, j\u00e4\u00e4des samas moodsaks. K\u00f5ik meie koored on valmistatud peenest puidust, hoolikalt k\u00e4sitsi viimistletud ja kaetud naturaalse mesilasvahaga. Mesilasvaha kaitseb puitu niiskuse ja mustuse eest, andes sellele pikema eluea. KOOR skin on t\u00e4ielikult \u00fchilduv Magsafe ja Qi juhtmevaba laadimise seadmetega.<\/p>\n<p>KOOR telefonikate kinnitub otse teie seadme tagumisele k\u00fcljele. See on h\u00f5lpsasti eemaldatav ega j\u00e4ta p\u00fcsivaid j\u00e4lgi. Telefonikate on m\u00f5eldud kasutamiseks ainult \u00fcks kord.<\/p>\n<h3>Kasutamine:<\/h3>\n<ol>\n<li>Eemaldage kleepsu tagus<\/li>\n<li>Asetage kate \u00f5igesse kohta<\/li>\n<li>Vajutage koor igalt poolt kinni<\/li>\n<li>Nautige oma uut telefonikatet<\/li>\n<li>Eemaldamiseks lihtsalt t\u00f5mmake KOOR maha\u2026<\/li>\n<li>\u2026 ja pange uus peale.<\/li>\n<\/ol>\n","protected":false},"excerpt":{"rendered":"<p>KOOR telefonikate kinnitub otse teie seadme tagumisele k\u00fcljele. See on h\u00f5lpsasti eemaldatav ega j\u00e4ta p\u00fcsivaid j\u00e4lgi. Telefonikate on m\u00f5eldud kasutamiseks ainult \u00fcks kord.<\/p>\n<p>Nii nagu te ei leia kahte identset puud, pole ka kahte sama KOOR telefonikatet.<\/p>\n","protected":false},"featured_media":41373,"template":"","meta":{"_acf_changed":false,"_exactmetrics_skip_tracking":false,"_exactmetrics_sitenote_active":false,"_exactmetrics_sitenote_note":"","_exactmetrics_sitenote_category":0,"jetpack_post_was_ever_published":false,"jetpack_publicize_message":"","jetpack_publicize_feature_enabled":true,"jetpack_social_post_already_shared":true,"jetpack_social_options":{"image_generator_settings":{"template":"highway","enabled":false},"version":2}},"product_brand":[],"product_cat":[241],"product_tag":[],"class_list":{"0":"post-38478","1":"product","2":"type-product","3":"status-publish","4":"has-post-thumbnail","6":"product_cat-aksessuaarid","8":"first","9":"instock","10":"featured","11":"taxable","12":"shipping-taxable","13":"purchasable","14":"product-type-simple"},"exclude_global_add_ons":false,"addons":[{"name":"Telefoni mudel","type":"multiple_choice","position":0,"required":true,"title_format":"label","default":"","description_enable":false,"description":"","placeholder_enable":false,"placeholder":"","display":"select","restrictions_type":"any_text","adjust_price":false,"price":"","price_type":"flat_fee","restrictions":false,"min":"0","max":"0","options":[{"label":"iPhone 5\/5S\/SE","price":"","price_type":"flat_fee","image":0,"visibility":true},{"label":"iPhone 6","price":"","price_type":"flat_fee","image":0,"visibility":true},{"label":"iPhone 6 Plus","price":"","price_type":"flat_fee","image":0,"visibility":true},{"label":"iPhone 7","price":"","price_type":"flat_fee","image":0,"visibility":true},{"label":"iPhone 7 Plus","price":"","price_type":"flat_fee","image":0,"visibility":true},{"label":"iPhone 8","price":"","price_type":"flat_fee","image":0,"visibility":true},{"label":"iPhone 8 Plus","price":"","price_type":"flat_fee","image":0,"visibility":true},{"label":"iPhone X","price":"","price_type":"flat_fee","image":0,"visibility":true},{"label":"iPhone XS","price":"","price_type":"flat_fee","image":0,"visibility":true},{"label":"iPhone XS Max","price":"","price_type":"flat_fee","image":0,"visibility":true},{"label":"iPhone XR","price":"","price_type":"flat_fee","image":0,"visibility":true},{"label":"iPhone SE 2020","price":"","price_type":"flat_fee","image":0,"visibility":true},{"label":"iPhone 11","price":"","price_type":"flat_fee","image":0,"visibility":true},{"label":"iPhone 12","price":"","price_type":"flat_fee","image":0,"visibility":true},{"label":"iPhone 13 mini","price":"","price_type":"flat_fee","image":0,"visibility":true},{"label":"iPhone 13","price":"","price_type":"flat_fee","image":0,"visibility":true},{"label":"iPhone 13 Pro","price":"","price_type":"flat_fee","image":0,"visibility":true},{"label":"iPhone 13 Pro Max","price":"","price_type":"flat_fee","image":0,"visibility":true}]}],"jetpack_publicize_connections":[],"acf":[],"yoast_head":"<!-- This site is optimized with the Yoast SEO plugin v23.4 - https:\/\/yoast.com\/wordpress\/plugins\/seo\/ -->\n<title>Naturaalne must \u2013 Rabatammest KOOR telefonikate | KOOR wood<\/title>\n<meta name=\"description\" content=\"KOOR puidust telefonikatted on valmistatud selleks, et anda teie seadmele ainulaadne v\u00e4limus ja kaitsta seda kriimustuste eest.\" \/>\n<meta name=\"robots\" content=\"index, follow, max-snippet:-1, max-image-preview:large, max-video-preview:-1\" \/>\n<link rel=\"canonical\" href=\"https:\/\/koorwood.eu\/et\/toode\/naturaalne-must-rabatammest-wood-koor\/\" \/>\n<meta property=\"og:locale\" content=\"et_EE\" \/>\n<meta property=\"og:type\" content=\"article\" \/>\n<meta property=\"og:title\" content=\"Naturaalne must \u2013 Rabatammest KOOR telefonikate | KOOR wood\" \/>\n<meta property=\"og:description\" content=\"KOOR puidust telefonikatted on valmistatud selleks, et anda teie seadmele ainulaadne v\u00e4limus ja kaitsta seda kriimustuste eest.\" \/>\n<meta property=\"og:url\" content=\"https:\/\/koorwood.eu\/et\/toode\/naturaalne-must-rabatammest-wood-koor\/\" \/>\n<meta property=\"og:site_name\" content=\"KOOR wood\" \/>\n<meta property=\"article:publisher\" content=\"https:\/\/www.facebook.com\/KOORwoodEesti\/\" \/>\n<meta property=\"article:modified_time\" content=\"2021-10-04T13:57:59+00:00\" \/>\n<meta property=\"og:image\" content=\"https:\/\/i0.wp.com\/koorwood.eu\/wp-content\/uploads\/2020\/03\/koor-skin-telefoni-tagus-telefoni-umbris-iphone-skin-phone-skin-bog-oak-rabatamm-koorwood.png?fit=700%2C700&ssl=1\" \/>\n\t<meta property=\"og:image:width\" content=\"700\" \/>\n\t<meta property=\"og:image:height\" content=\"700\" \/>\n\t<meta property=\"og:image:type\" content=\"image\/png\" \/>\n<meta name=\"twitter:card\" content=\"summary_large_image\" \/>\n<meta name=\"twitter:label1\" content=\"Est. reading time\" \/>\n\t<meta name=\"twitter:data1\" content=\"1 minut\" \/>\n<script type=\"application\/ld+json\" class=\"yoast-schema-graph\">{\"@context\":\"https:\/\/schema.org\",\"@graph\":[{\"@type\":\"WebPage\",\"@id\":\"https:\/\/koorwood.eu\/et\/toode\/naturaalne-must-rabatammest-wood-koor\/\",\"url\":\"https:\/\/koorwood.eu\/et\/toode\/naturaalne-must-rabatammest-wood-koor\/\",\"name\":\"Naturaalne must \u2013 Rabatammest KOOR telefonikate | KOOR wood\",\"isPartOf\":{\"@id\":\"https:\/\/koorwood.eu\/et\/#website\"},\"primaryImageOfPage\":{\"@id\":\"https:\/\/koorwood.eu\/et\/toode\/naturaalne-must-rabatammest-wood-koor\/#primaryimage\"},\"image\":{\"@id\":\"https:\/\/koorwood.eu\/et\/toode\/naturaalne-must-rabatammest-wood-koor\/#primaryimage\"},\"thumbnailUrl\":\"https:\/\/koorwood.eu\/wp-content\/uploads\/2020\/03\/koor-skin-telefoni-tagus-telefoni-umbris-iphone-skin-phone-skin-bog-oak-rabatamm-koorwood.png\",\"datePublished\":\"2020-03-19T14:24:17+00:00\",\"dateModified\":\"2021-10-04T13:57:59+00:00\",\"description\":\"KOOR puidust telefonikatted on valmistatud selleks, et anda teie seadmele ainulaadne v\u00e4limus ja kaitsta seda kriimustuste eest.\",\"breadcrumb\":{\"@id\":\"https:\/\/koorwood.eu\/et\/toode\/naturaalne-must-rabatammest-wood-koor\/#breadcrumb\"},\"inLanguage\":\"et\",\"potentialAction\":[{\"@type\":\"ReadAction\",\"target\":[\"https:\/\/koorwood.eu\/et\/toode\/naturaalne-must-rabatammest-wood-koor\/\"]}]},{\"@type\":\"ImageObject\",\"inLanguage\":\"et\",\"@id\":\"https:\/\/koorwood.eu\/et\/toode\/naturaalne-must-rabatammest-wood-koor\/#primaryimage\",\"url\":\"https:\/\/koorwood.eu\/wp-content\/uploads\/2020\/03\/koor-skin-telefoni-tagus-telefoni-umbris-iphone-skin-phone-skin-bog-oak-rabatamm-koorwood.png\",\"contentUrl\":\"https:\/\/koorwood.eu\/wp-content\/uploads\/2020\/03\/koor-skin-telefoni-tagus-telefoni-umbris-iphone-skin-phone-skin-bog-oak-rabatamm-koorwood.png\",\"width\":700,\"height\":700},{\"@type\":\"BreadcrumbList\",\"@id\":\"https:\/\/koorwood.eu\/et\/toode\/naturaalne-must-rabatammest-wood-koor\/#breadcrumb\",\"itemListElement\":[{\"@type\":\"ListItem\",\"position\":1,\"name\":\"Home\",\"item\":\"https:\/\/koorwood.eu\/et\/\"},{\"@type\":\"ListItem\",\"position\":2,\"name\":\"Shop\",\"item\":\"https:\/\/koorwood.eu\/et\/shop\/\"},{\"@type\":\"ListItem\",\"position\":3,\"name\":\"Naturaalne must \u2013 Rabatammest KOOR telefonikate\"}]},{\"@type\":\"WebSite\",\"@id\":\"https:\/\/koorwood.eu\/et\/#website\",\"url\":\"https:\/\/koorwood.eu\/et\/\",\"name\":\"KOOR wood\",\"description\":\"a bit of nature at your side\",\"publisher\":{\"@id\":\"https:\/\/koorwood.eu\/et\/#organization\"},\"potentialAction\":[{\"@type\":\"SearchAction\",\"target\":{\"@type\":\"EntryPoint\",\"urlTemplate\":\"https:\/\/koorwood.eu\/et\/?s={search_term_string}\"},\"query-input\":{\"@type\":\"PropertyValueSpecification\",\"valueRequired\":true,\"valueName\":\"search_term_string\"}}],\"inLanguage\":\"et\"},{\"@type\":\"Organization\",\"@id\":\"https:\/\/koorwood.eu\/et\/#organization\",\"name\":\"KOOR wood\",\"url\":\"https:\/\/koorwood.eu\/et\/\",\"logo\":{\"@type\":\"ImageObject\",\"inLanguage\":\"et\",\"@id\":\"https:\/\/koorwood.eu\/et\/#\/schema\/logo\/image\/\",\"url\":\"https:\/\/i1.wp.com\/koorwood.eu\/wp-content\/uploads\/2020\/03\/KOOR-wood-a-bit-of-nature-in-Your-pocket-logo-244x82-1.png?fit=244%2C82&ssl=1\",\"contentUrl\":\"https:\/\/i1.wp.com\/koorwood.eu\/wp-content\/uploads\/2020\/03\/KOOR-wood-a-bit-of-nature-in-Your-pocket-logo-244x82-1.png?fit=244%2C82&ssl=1\",\"width\":244,\"height\":82,\"caption\":\"KOOR wood\"},\"image\":{\"@id\":\"https:\/\/koorwood.eu\/et\/#\/schema\/logo\/image\/\"},\"sameAs\":[\"https:\/\/www.facebook.com\/KOORwoodEesti\/\",\"https:\/\/www.instagram.com\/koor_wood\/\",\"https:\/\/ee.linkedin.com\/company\/koor-wood\",\"https:\/\/www.pinterest.com\/koorwood\/\",\"https:\/\/www.youtube.com\/channel\/UCHEstdKMn-jOYJYqhFRL_og\"]}]}<\/script>\n<!-- \/ Yoast SEO plugin. -->","yoast_head_json":{"title":"Naturaalne must \u2013 Rabatammest KOOR telefonikate | KOOR wood","description":"KOOR puidust telefonikatted on valmistatud selleks, et anda teie seadmele ainulaadne v\u00e4limus ja kaitsta seda kriimustuste eest.","robots":{"index":"index","follow":"follow","max-snippet":"max-snippet:-1","max-image-preview":"max-image-preview:large","max-video-preview":"max-video-preview:-1"},"canonical":"https:\/\/koorwood.eu\/et\/toode\/naturaalne-must-rabatammest-wood-koor\/","og_locale":"et_EE","og_type":"article","og_title":"Naturaalne must \u2013 Rabatammest KOOR telefonikate | KOOR wood","og_description":"KOOR puidust telefonikatted on valmistatud selleks, et anda teie seadmele ainulaadne v\u00e4limus ja kaitsta seda kriimustuste eest.","og_url":"https:\/\/koorwood.eu\/et\/toode\/naturaalne-must-rabatammest-wood-koor\/","og_site_name":"KOOR wood","article_publisher":"https:\/\/www.facebook.com\/KOORwoodEesti\/","article_modified_time":"2021-10-04T13:57:59+00:00","og_image":[{"width":700,"height":700,"url":"https:\/\/i0.wp.com\/koorwood.eu\/wp-content\/uploads\/2020\/03\/koor-skin-telefoni-tagus-telefoni-umbris-iphone-skin-phone-skin-bog-oak-rabatamm-koorwood.png?fit=700%2C700&ssl=1","type":"image\/png"}],"twitter_card":"summary_large_image","twitter_misc":{"Est. reading time":"1 minut"},"schema":{"@context":"https:\/\/schema.org","@graph":[{"@type":"WebPage","@id":"https:\/\/koorwood.eu\/et\/toode\/naturaalne-must-rabatammest-wood-koor\/","url":"https:\/\/koorwood.eu\/et\/toode\/naturaalne-must-rabatammest-wood-koor\/","name":"Naturaalne must \u2013 Rabatammest KOOR telefonikate | KOOR wood","isPartOf":{"@id":"https:\/\/koorwood.eu\/et\/#website"},"primaryImageOfPage":{"@id":"https:\/\/koorwood.eu\/et\/toode\/naturaalne-must-rabatammest-wood-koor\/#primaryimage"},"image":{"@id":"https:\/\/koorwood.eu\/et\/toode\/naturaalne-must-rabatammest-wood-koor\/#primaryimage"},"thumbnailUrl":"https:\/\/koorwood.eu\/wp-content\/uploads\/2020\/03\/koor-skin-telefoni-tagus-telefoni-umbris-iphone-skin-phone-skin-bog-oak-rabatamm-koorwood.png","datePublished":"2020-03-19T14:24:17+00:00","dateModified":"2021-10-04T13:57:59+00:00","description":"KOOR puidust telefonikatted on valmistatud selleks, et anda teie seadmele ainulaadne v\u00e4limus ja kaitsta seda kriimustuste eest.","breadcrumb":{"@id":"https:\/\/koorwood.eu\/et\/toode\/naturaalne-must-rabatammest-wood-koor\/#breadcrumb"},"inLanguage":"et","potentialAction":[{"@type":"ReadAction","target":["https:\/\/koorwood.eu\/et\/toode\/naturaalne-must-rabatammest-wood-koor\/"]}]},{"@type":"ImageObject","inLanguage":"et","@id":"https:\/\/koorwood.eu\/et\/toode\/naturaalne-must-rabatammest-wood-koor\/#primaryimage","url":"https:\/\/koorwood.eu\/wp-content\/uploads\/2020\/03\/koor-skin-telefoni-tagus-telefoni-umbris-iphone-skin-phone-skin-bog-oak-rabatamm-koorwood.png","contentUrl":"https:\/\/koorwood.eu\/wp-content\/uploads\/2020\/03\/koor-skin-telefoni-tagus-telefoni-umbris-iphone-skin-phone-skin-bog-oak-rabatamm-koorwood.png","width":700,"height":700},{"@type":"BreadcrumbList","@id":"https:\/\/koorwood.eu\/et\/toode\/naturaalne-must-rabatammest-wood-koor\/#breadcrumb","itemListElement":[{"@type":"ListItem","position":1,"name":"Home","item":"https:\/\/koorwood.eu\/et\/"},{"@type":"ListItem","position":2,"name":"Shop","item":"https:\/\/koorwood.eu\/et\/shop\/"},{"@type":"ListItem","position":3,"name":"Naturaalne must \u2013 Rabatammest KOOR telefonikate"}]},{"@type":"WebSite","@id":"https:\/\/koorwood.eu\/et\/#website","url":"https:\/\/koorwood.eu\/et\/","name":"KOOR wood","description":"a bit of nature at your side","publisher":{"@id":"https:\/\/koorwood.eu\/et\/#organization"},"potentialAction":[{"@type":"SearchAction","target":{"@type":"EntryPoint","urlTemplate":"https:\/\/koorwood.eu\/et\/?s={search_term_string}"},"query-input":{"@type":"PropertyValueSpecification","valueRequired":true,"valueName":"search_term_string"}}],"inLanguage":"et"},{"@type":"Organization","@id":"https:\/\/koorwood.eu\/et\/#organization","name":"KOOR wood","url":"https:\/\/koorwood.eu\/et\/","logo":{"@type":"ImageObject","inLanguage":"et","@id":"https:\/\/koorwood.eu\/et\/#\/schema\/logo\/image\/","url":"https:\/\/i1.wp.com\/koorwood.eu\/wp-content\/uploads\/2020\/03\/KOOR-wood-a-bit-of-nature-in-Your-pocket-logo-244x82-1.png?fit=244%2C82&ssl=1","contentUrl":"https:\/\/i1.wp.com\/koorwood.eu\/wp-content\/uploads\/2020\/03\/KOOR-wood-a-bit-of-nature-in-Your-pocket-logo-244x82-1.png?fit=244%2C82&ssl=1","width":244,"height":82,"caption":"KOOR wood"},"image":{"@id":"https:\/\/koorwood.eu\/et\/#\/schema\/logo\/image\/"},"sameAs":["https:\/\/www.facebook.com\/KOORwoodEesti\/","https:\/\/www.instagram.com\/koor_wood\/","https:\/\/ee.linkedin.com\/company\/koor-wood","https:\/\/www.pinterest.com\/koorwood\/","https:\/\/www.youtube.com\/channel\/UCHEstdKMn-jOYJYqhFRL_og"]}]}},"jetpack_sharing_enabled":true,"_links":{"self":[{"href":"https:\/\/koorwood.eu\/et\/wp-json\/wp\/v2\/product\/38478"}],"collection":[{"href":"https:\/\/koorwood.eu\/et\/wp-json\/wp\/v2\/product"}],"about":[{"href":"https:\/\/koorwood.eu\/et\/wp-json\/wp\/v2\/types\/product"}],"wp:featuredmedia":[{"embeddable":true,"href":"https:\/\/koorwood.eu\/et\/wp-json\/wp\/v2\/media\/41373"}],"wp:attachment":[{"href":"https:\/\/koorwood.eu\/et\/wp-json\/wp\/v2\/media?parent=38478"}],"wp:term":[{"taxonomy":"product_brand","embeddable":true,"href":"https:\/\/koorwood.eu\/et\/wp-json\/wp\/v2\/product_brand?post=38478"},{"taxonomy":"product_cat","embeddable":true,"href":"https:\/\/koorwood.eu\/et\/wp-json\/wp\/v2\/product_cat?post=38478"},{"taxonomy":"product_tag","embeddable":true,"href":"https:\/\/koorwood.eu\/et\/wp-json\/wp\/v2\/product_tag?post=38478"}],"curies":[{"name":"wp","href":"https:\/\/api.w.org\/{rel}","templated":true}]}}