{"id":38480,"date":"2020-03-19T14:24:17","date_gmt":"2020-03-19T14:24:17","guid":{"rendered":"https:\/\/koorwood.eu\/product\/naturaalne-pahklist-koor-telefonikate\/"},"modified":"2021-05-31T17:35:44","modified_gmt":"2021-05-31T14:35:44","slug":"naturaalne-pahklist-koor-telefonikate","status":"publish","type":"product","link":"https:\/\/koorwood.eu\/et\/toode\/naturaalne-pahklist-koor-telefonikate\/","title":{"rendered":"Naturaalne \u2013 P\u00e4hklist KOOR telefonikate"},"content":{"rendered":"<p>KOOR puidust telefonikatted on valmistatud selleks, et anda teie seadmele ainulaadne v\u00e4limus ja kaitsta seda kriimustuste eest. See v\u00f5ib p\u00e4\u00e4sta isegi kallist tagaklaasi asendamisest.<\/p>\n<p>Valige puit, mis teile enim meeldib ning laadige \u00fcles endale meeldiv pilt v\u00f5i tekst, et luua oman\u00e4oline telefonikate, mida kellegil teisel ei ole.<\/p>\n<p>KOOR telefonikatet disainides tahtsime anda nutitelefonidele t\u00e4iendava kaitsekihi, j\u00e4\u00e4des samas moodsaks. K\u00f5ik meie koored on valmistatud peenest puidust, hoolikalt k\u00e4sitsi viimistletud ja kaetud naturaalse mesilasvahaga. Mesilasvaha kaitseb puitu niiskuse ja mustuse eest, andes sellele pikema eluea.<\/p>\n<p>Nii nagu te ei leia kahte identset puud, pole ka kahte sama KOOR telefonikatet.<\/p>\n<p>Iga koor on ainulaadse tekstuuriga!<\/p>\n<p>KOOR telefonikate kinnitub otse teie seadme tagumisele k\u00fcljele. See on h\u00f5lpsasti eemaldatav ega j\u00e4ta p\u00fcsivaid j\u00e4lgi. Telefonikate on m\u00f5eldud kasutamiseks ainult \u00fcks kord.<\/p>\n<p>NB! Alates 2017. aasta detsembrist hakkasime kasutama uut liimi lahendust ja telefonikatet on n\u00fc\u00fcd veelgi lihtsam eemaldada.<\/p>\n<h3><\/h3>\n<h3>Kasutamine:<\/h3>\n<ol>\n<li>Eemaldage kleepsu tagus<\/li>\n<li>Asetage kate \u00f5igesse kohta<\/li>\n<li>Vajutage koor igalt poolt kinni<\/li>\n<li>Nautige oma uut telefonikatet<\/li>\n<li>Eemaldamiseks lihtsalt t\u00f5mmake KOOR maha\u2026<\/li>\n<li>\u2026 ja pange uus peale.<\/li>\n<\/ol>\n","protected":false},"excerpt":{"rendered":"<p>KOOR telefonikate kinnitub otse teie seadme tagumisele k\u00fcljele. See on h\u00f5lpsasti eemaldatav ega j\u00e4ta p\u00fcsivaid j\u00e4lgi. Telefonikate on m\u00f5eldud kasutamiseks ainult \u00fcks kord.<\/p>\n<p>Nii nagu te ei leia kahte identset puud, pole ka kahte sama KOOR telefonikatet.<\/p>\n","protected":false},"featured_media":37746,"template":"","meta":{"_acf_changed":false,"_exactmetrics_skip_tracking":false,"_exactmetrics_sitenote_active":false,"_exactmetrics_sitenote_note":"","_exactmetrics_sitenote_category":0,"jetpack_post_was_ever_published":false,"jetpack_publicize_message":"","jetpack_publicize_feature_enabled":true,"jetpack_social_post_already_shared":true,"jetpack_social_options":{"image_generator_settings":{"template":"highway","enabled":false},"version":2}},"product_brand":[],"product_cat":[242],"product_tag":[],"class_list":{"0":"post-38480","1":"product","2":"type-product","3":"status-publish","4":"has-post-thumbnail","6":"product_cat-iphone-koored","8":"first","9":"instock","10":"featured","11":"taxable","12":"shipping-taxable","13":"purchasable","14":"product-type-simple"},"exclude_global_add_ons":false,"addons":[{"name":"Telefoni mudel","type":"multiple_choice","position":0,"required":true,"title_format":"label","default":"","description_enable":false,"description":"","placeholder_enable":false,"placeholder":"","display":"select","restrictions_type":"any_text","adjust_price":false,"price":"","price_type":"flat_fee","restrictions":false,"min":"0","max":"0","options":[{"label":"iPhone 5\/5S\/SE","price":"","price_type":"flat_fee","image":0,"visibility":true},{"label":"iPhone 6","price":"","price_type":"flat_fee","image":0,"visibility":true},{"label":"iPhone 6 Plus","price":"","price_type":"flat_fee","image":0,"visibility":true},{"label":"iPhone 7","price":"","price_type":"flat_fee","image":0,"visibility":true},{"label":"iPhone 7 Plus","price":"","price_type":"flat_fee","image":0,"visibility":true},{"label":"iPhone 8","price":"","price_type":"flat_fee","image":0,"visibility":true},{"label":"iPhone 8 Plus","price":"","price_type":"flat_fee","image":0,"visibility":true},{"label":"iPhone X","price":"","price_type":"flat_fee","image":0,"visibility":true},{"label":"iPhone XS","price":"","price_type":"flat_fee","image":0,"visibility":true},{"label":"iPhone XS Max","price":"","price_type":"flat_fee","image":0,"visibility":true},{"label":"iPhone XR","price":"","price_type":"flat_fee","image":0,"visibility":true},{"label":"iPhone SE 2020","price":"","price_type":"flat_fee","image":0,"visibility":true},{"label":"iPhone 11","price":"","price_type":"flat_fee","image":0,"visibility":true},{"label":"iPhone 12","price":"","price_type":"flat_fee","image":0,"visibility":true}]},{"name":"Graveeritav tekst","type":"custom_text","position":1,"required":false,"title_format":"label","default":"","description_enable":false,"description":"","placeholder_enable":false,"placeholder":"","display":"select","restrictions_type":"any_text","adjust_price":true,"price":"3","price_type":"flat_fee","restrictions":true,"min":"0","max":"20","options":[]},{"name":"Vali font","type":"multiple_choice","position":2,"required":false,"title_format":"label","default":"","description_enable":false,"description":"","placeholder_enable":false,"placeholder":"","display":"select","restrictions_type":"any_text","adjust_price":false,"price":"","price_type":"flat_fee","restrictions":false,"min":"0","max":"0","options":[{"label":"Rochester","price":"","price_type":"flat_fee","image":0,"visibility":true},{"label":"Caviar Dreams","price":"","price_type":"flat_fee","image":0,"visibility":true},{"label":"Noteworthy","price":"","price_type":"flat_fee","image":0,"visibility":true},{"label":"Six Caps","price":"","price_type":"flat_fee","image":0,"visibility":true},{"label":"Helvetica Neue","price":"","price_type":"flat_fee","image":0,"visibility":true}]},{"name":"Graveeri teksti asemel pilt","type":"file_upload","position":3,"required":false,"title_format":"label","default":"","description_enable":true,"description":"Minimaalne suurus 1500 x 1500px","placeholder_enable":false,"placeholder":"","display":"select","restrictions_type":"any_text","adjust_price":true,"price":"6","price_type":"flat_fee","restrictions":false,"min":"0","max":"0","options":[]}],"jetpack_publicize_connections":[],"acf":[],"yoast_head":"<!-- This site is optimized with the Yoast SEO plugin v23.4 - https:\/\/yoast.com\/wordpress\/plugins\/seo\/ -->\n<title>Naturaalne \u2013 P\u00e4hklist KOOR telefonikate | KOOR wood<\/title>\n<meta name=\"robots\" content=\"index, follow, max-snippet:-1, max-image-preview:large, max-video-preview:-1\" \/>\n<link rel=\"canonical\" href=\"https:\/\/koorwood.eu\/et\/toode\/naturaalne-pahklist-koor-telefonikate\/\" \/>\n<meta property=\"og:locale\" content=\"et_EE\" \/>\n<meta property=\"og:type\" content=\"article\" \/>\n<meta property=\"og:title\" content=\"Naturaalne \u2013 P\u00e4hklist KOOR telefonikate | KOOR wood\" \/>\n<meta property=\"og:description\" content=\"KOOR telefonikate kinnitub otse teie seadme tagumisele k\u00fcljele. See on h\u00f5lpsasti eemaldatav ega j\u00e4ta p\u00fcsivaid j\u00e4lgi. Telefonikate on m\u00f5eldud kasutamiseks ainult \u00fcks kord.  Nii nagu te ei leia kahte identset puud, pole ka kahte sama KOOR telefonikatet.\" \/>\n<meta property=\"og:url\" content=\"https:\/\/koorwood.eu\/et\/toode\/naturaalne-pahklist-koor-telefonikate\/\" \/>\n<meta property=\"og:site_name\" content=\"KOOR wood\" \/>\n<meta property=\"article:publisher\" content=\"https:\/\/www.facebook.com\/KOORwoodEesti\/\" \/>\n<meta property=\"article:modified_time\" content=\"2021-05-31T14:35:44+00:00\" \/>\n<meta property=\"og:image\" content=\"https:\/\/i0.wp.com\/koorwood.eu\/wp-content\/uploads\/2020\/03\/walnut-iphone-skin-thumbnail.jpg?fit=500%2C500&ssl=1\" \/>\n\t<meta property=\"og:image:width\" content=\"500\" \/>\n\t<meta property=\"og:image:height\" content=\"500\" \/>\n\t<meta property=\"og:image:type\" content=\"image\/jpeg\" \/>\n<meta name=\"twitter:card\" content=\"summary_large_image\" \/>\n<meta name=\"twitter:label1\" content=\"Est. reading time\" \/>\n\t<meta name=\"twitter:data1\" content=\"1 minut\" \/>\n<script type=\"application\/ld+json\" class=\"yoast-schema-graph\">{\"@context\":\"https:\/\/schema.org\",\"@graph\":[{\"@type\":\"WebPage\",\"@id\":\"https:\/\/koorwood.eu\/et\/toode\/naturaalne-pahklist-koor-telefonikate\/\",\"url\":\"https:\/\/koorwood.eu\/et\/toode\/naturaalne-pahklist-koor-telefonikate\/\",\"name\":\"Naturaalne \u2013 P\u00e4hklist KOOR telefonikate | KOOR wood\",\"isPartOf\":{\"@id\":\"https:\/\/koorwood.eu\/et\/#website\"},\"primaryImageOfPage\":{\"@id\":\"https:\/\/koorwood.eu\/et\/toode\/naturaalne-pahklist-koor-telefonikate\/#primaryimage\"},\"image\":{\"@id\":\"https:\/\/koorwood.eu\/et\/toode\/naturaalne-pahklist-koor-telefonikate\/#primaryimage\"},\"thumbnailUrl\":\"https:\/\/koorwood.eu\/wp-content\/uploads\/2020\/03\/walnut-iphone-skin-thumbnail.jpg\",\"datePublished\":\"2020-03-19T14:24:17+00:00\",\"dateModified\":\"2021-05-31T14:35:44+00:00\",\"breadcrumb\":{\"@id\":\"https:\/\/koorwood.eu\/et\/toode\/naturaalne-pahklist-koor-telefonikate\/#breadcrumb\"},\"inLanguage\":\"et\",\"potentialAction\":[{\"@type\":\"ReadAction\",\"target\":[\"https:\/\/koorwood.eu\/et\/toode\/naturaalne-pahklist-koor-telefonikate\/\"]}]},{\"@type\":\"ImageObject\",\"inLanguage\":\"et\",\"@id\":\"https:\/\/koorwood.eu\/et\/toode\/naturaalne-pahklist-koor-telefonikate\/#primaryimage\",\"url\":\"https:\/\/koorwood.eu\/wp-content\/uploads\/2020\/03\/walnut-iphone-skin-thumbnail.jpg\",\"contentUrl\":\"https:\/\/koorwood.eu\/wp-content\/uploads\/2020\/03\/walnut-iphone-skin-thumbnail.jpg\",\"width\":500,\"height\":500,\"caption\":\"telefonikate\"},{\"@type\":\"BreadcrumbList\",\"@id\":\"https:\/\/koorwood.eu\/et\/toode\/naturaalne-pahklist-koor-telefonikate\/#breadcrumb\",\"itemListElement\":[{\"@type\":\"ListItem\",\"position\":1,\"name\":\"Home\",\"item\":\"https:\/\/koorwood.eu\/et\/\"},{\"@type\":\"ListItem\",\"position\":2,\"name\":\"Shop\",\"item\":\"https:\/\/koorwood.eu\/et\/shop\/\"},{\"@type\":\"ListItem\",\"position\":3,\"name\":\"Naturaalne \u2013 P\u00e4hklist KOOR telefonikate\"}]},{\"@type\":\"WebSite\",\"@id\":\"https:\/\/koorwood.eu\/et\/#website\",\"url\":\"https:\/\/koorwood.eu\/et\/\",\"name\":\"KOOR wood\",\"description\":\"a bit of nature at your side\",\"publisher\":{\"@id\":\"https:\/\/koorwood.eu\/et\/#organization\"},\"potentialAction\":[{\"@type\":\"SearchAction\",\"target\":{\"@type\":\"EntryPoint\",\"urlTemplate\":\"https:\/\/koorwood.eu\/et\/?s={search_term_string}\"},\"query-input\":{\"@type\":\"PropertyValueSpecification\",\"valueRequired\":true,\"valueName\":\"search_term_string\"}}],\"inLanguage\":\"et\"},{\"@type\":\"Organization\",\"@id\":\"https:\/\/koorwood.eu\/et\/#organization\",\"name\":\"KOOR wood\",\"url\":\"https:\/\/koorwood.eu\/et\/\",\"logo\":{\"@type\":\"ImageObject\",\"inLanguage\":\"et\",\"@id\":\"https:\/\/koorwood.eu\/et\/#\/schema\/logo\/image\/\",\"url\":\"https:\/\/i1.wp.com\/koorwood.eu\/wp-content\/uploads\/2020\/03\/KOOR-wood-a-bit-of-nature-in-Your-pocket-logo-244x82-1.png?fit=244%2C82&ssl=1\",\"contentUrl\":\"https:\/\/i1.wp.com\/koorwood.eu\/wp-content\/uploads\/2020\/03\/KOOR-wood-a-bit-of-nature-in-Your-pocket-logo-244x82-1.png?fit=244%2C82&ssl=1\",\"width\":244,\"height\":82,\"caption\":\"KOOR wood\"},\"image\":{\"@id\":\"https:\/\/koorwood.eu\/et\/#\/schema\/logo\/image\/\"},\"sameAs\":[\"https:\/\/www.facebook.com\/KOORwoodEesti\/\",\"https:\/\/www.instagram.com\/koor_wood\/\",\"https:\/\/ee.linkedin.com\/company\/koor-wood\",\"https:\/\/www.pinterest.com\/koorwood\/\",\"https:\/\/www.youtube.com\/channel\/UCHEstdKMn-jOYJYqhFRL_og\"]}]}<\/script>\n<!-- \/ Yoast SEO plugin. -->","yoast_head_json":{"title":"Naturaalne \u2013 P\u00e4hklist KOOR telefonikate | KOOR wood","robots":{"index":"index","follow":"follow","max-snippet":"max-snippet:-1","max-image-preview":"max-image-preview:large","max-video-preview":"max-video-preview:-1"},"canonical":"https:\/\/koorwood.eu\/et\/toode\/naturaalne-pahklist-koor-telefonikate\/","og_locale":"et_EE","og_type":"article","og_title":"Naturaalne \u2013 P\u00e4hklist KOOR telefonikate | KOOR wood","og_description":"KOOR telefonikate kinnitub otse teie seadme tagumisele k\u00fcljele. See on h\u00f5lpsasti eemaldatav ega j\u00e4ta p\u00fcsivaid j\u00e4lgi. Telefonikate on m\u00f5eldud kasutamiseks ainult \u00fcks kord.  Nii nagu te ei leia kahte identset puud, pole ka kahte sama KOOR telefonikatet.","og_url":"https:\/\/koorwood.eu\/et\/toode\/naturaalne-pahklist-koor-telefonikate\/","og_site_name":"KOOR wood","article_publisher":"https:\/\/www.facebook.com\/KOORwoodEesti\/","article_modified_time":"2021-05-31T14:35:44+00:00","og_image":[{"width":500,"height":500,"url":"https:\/\/i0.wp.com\/koorwood.eu\/wp-content\/uploads\/2020\/03\/walnut-iphone-skin-thumbnail.jpg?fit=500%2C500&ssl=1","type":"image\/jpeg"}],"twitter_card":"summary_large_image","twitter_misc":{"Est. reading time":"1 minut"},"schema":{"@context":"https:\/\/schema.org","@graph":[{"@type":"WebPage","@id":"https:\/\/koorwood.eu\/et\/toode\/naturaalne-pahklist-koor-telefonikate\/","url":"https:\/\/koorwood.eu\/et\/toode\/naturaalne-pahklist-koor-telefonikate\/","name":"Naturaalne \u2013 P\u00e4hklist KOOR telefonikate | KOOR wood","isPartOf":{"@id":"https:\/\/koorwood.eu\/et\/#website"},"primaryImageOfPage":{"@id":"https:\/\/koorwood.eu\/et\/toode\/naturaalne-pahklist-koor-telefonikate\/#primaryimage"},"image":{"@id":"https:\/\/koorwood.eu\/et\/toode\/naturaalne-pahklist-koor-telefonikate\/#primaryimage"},"thumbnailUrl":"https:\/\/koorwood.eu\/wp-content\/uploads\/2020\/03\/walnut-iphone-skin-thumbnail.jpg","datePublished":"2020-03-19T14:24:17+00:00","dateModified":"2021-05-31T14:35:44+00:00","breadcrumb":{"@id":"https:\/\/koorwood.eu\/et\/toode\/naturaalne-pahklist-koor-telefonikate\/#breadcrumb"},"inLanguage":"et","potentialAction":[{"@type":"ReadAction","target":["https:\/\/koorwood.eu\/et\/toode\/naturaalne-pahklist-koor-telefonikate\/"]}]},{"@type":"ImageObject","inLanguage":"et","@id":"https:\/\/koorwood.eu\/et\/toode\/naturaalne-pahklist-koor-telefonikate\/#primaryimage","url":"https:\/\/koorwood.eu\/wp-content\/uploads\/2020\/03\/walnut-iphone-skin-thumbnail.jpg","contentUrl":"https:\/\/koorwood.eu\/wp-content\/uploads\/2020\/03\/walnut-iphone-skin-thumbnail.jpg","width":500,"height":500,"caption":"telefonikate"},{"@type":"BreadcrumbList","@id":"https:\/\/koorwood.eu\/et\/toode\/naturaalne-pahklist-koor-telefonikate\/#breadcrumb","itemListElement":[{"@type":"ListItem","position":1,"name":"Home","item":"https:\/\/koorwood.eu\/et\/"},{"@type":"ListItem","position":2,"name":"Shop","item":"https:\/\/koorwood.eu\/et\/shop\/"},{"@type":"ListItem","position":3,"name":"Naturaalne \u2013 P\u00e4hklist KOOR telefonikate"}]},{"@type":"WebSite","@id":"https:\/\/koorwood.eu\/et\/#website","url":"https:\/\/koorwood.eu\/et\/","name":"KOOR wood","description":"a bit of nature at your side","publisher":{"@id":"https:\/\/koorwood.eu\/et\/#organization"},"potentialAction":[{"@type":"SearchAction","target":{"@type":"EntryPoint","urlTemplate":"https:\/\/koorwood.eu\/et\/?s={search_term_string}"},"query-input":{"@type":"PropertyValueSpecification","valueRequired":true,"valueName":"search_term_string"}}],"inLanguage":"et"},{"@type":"Organization","@id":"https:\/\/koorwood.eu\/et\/#organization","name":"KOOR wood","url":"https:\/\/koorwood.eu\/et\/","logo":{"@type":"ImageObject","inLanguage":"et","@id":"https:\/\/koorwood.eu\/et\/#\/schema\/logo\/image\/","url":"https:\/\/i1.wp.com\/koorwood.eu\/wp-content\/uploads\/2020\/03\/KOOR-wood-a-bit-of-nature-in-Your-pocket-logo-244x82-1.png?fit=244%2C82&ssl=1","contentUrl":"https:\/\/i1.wp.com\/koorwood.eu\/wp-content\/uploads\/2020\/03\/KOOR-wood-a-bit-of-nature-in-Your-pocket-logo-244x82-1.png?fit=244%2C82&ssl=1","width":244,"height":82,"caption":"KOOR wood"},"image":{"@id":"https:\/\/koorwood.eu\/et\/#\/schema\/logo\/image\/"},"sameAs":["https:\/\/www.facebook.com\/KOORwoodEesti\/","https:\/\/www.instagram.com\/koor_wood\/","https:\/\/ee.linkedin.com\/company\/koor-wood","https:\/\/www.pinterest.com\/koorwood\/","https:\/\/www.youtube.com\/channel\/UCHEstdKMn-jOYJYqhFRL_og"]}]}},"jetpack_sharing_enabled":true,"_links":{"self":[{"href":"https:\/\/koorwood.eu\/et\/wp-json\/wp\/v2\/product\/38480"}],"collection":[{"href":"https:\/\/koorwood.eu\/et\/wp-json\/wp\/v2\/product"}],"about":[{"href":"https:\/\/koorwood.eu\/et\/wp-json\/wp\/v2\/types\/product"}],"wp:featuredmedia":[{"embeddable":true,"href":"https:\/\/koorwood.eu\/et\/wp-json\/wp\/v2\/media\/37746"}],"wp:attachment":[{"href":"https:\/\/koorwood.eu\/et\/wp-json\/wp\/v2\/media?parent=38480"}],"wp:term":[{"taxonomy":"product_brand","embeddable":true,"href":"https:\/\/koorwood.eu\/et\/wp-json\/wp\/v2\/product_brand?post=38480"},{"taxonomy":"product_cat","embeddable":true,"href":"https:\/\/koorwood.eu\/et\/wp-json\/wp\/v2\/product_cat?post=38480"},{"taxonomy":"product_tag","embeddable":true,"href":"https:\/\/koorwood.eu\/et\/wp-json\/wp\/v2\/product_tag?post=38480"}],"curies":[{"name":"wp","href":"https:\/\/api.w.org\/{rel}","templated":true}]}}