{"id":40097,"date":"2021-05-05T13:28:20","date_gmt":"2021-05-10T10:15:27","guid":{"rendered":"https:\/\/koorwood.eu\/?post_type=product&#038;p=40097"},"modified":"2022-02-08T12:53:07","modified_gmt":"2022-02-08T10:53:07","slug":"sulearvuti-alus-standy","status":"publish","type":"product","link":"https:\/\/koorwood.eu\/et\/toode\/sulearvuti-alus-standy\/","title":{"rendered":"S\u00fclearvuti alus STANDY"},"content":{"rendered":"<p>STANDY on valmistatud k\u00f5rgeima kvaliteediga kasevineerist ning on k\u00e4sitsi lihvitud ja viimistletud.<\/p>\n<h3>Eritellimus:<\/h3>\n<ol>\n<li>Valige omale meelep\u00e4rane v\u00e4rv<\/li>\n<li>Leidke sobilik pilt, logo v\u00f5i tekst, mida graveerida<\/li>\n<li>M\u00e4\u00e4rake kogus<\/li>\n<li>Kinnitage tellimus<\/li>\n<\/ol>\n","protected":false},"excerpt":{"rendered":"<p>STANDY on praktiline alus sinu s\u00fclearvutile, tahvelarvutile v\u00f5i klaviatuurile. Aluse kuju tagab, et vaataksid ekraani \u00f5ige nurga alt ja aitab sul istudes korrektset poosi hoida. S\u00fclearvuti alusel hoidmine tagab t\u00f5husa ventilatsiooni ja v\u00e4hendab \u00fclekuumenemise ohtu.<\/p>\n<p>Aluse kaks osa on \u00fchendatud hingedega, seet\u00f5ttu on seda lihtne kokku &#8220;voltida&#8221; ja kotti asetades ei v\u00f5ta see palju ruumi.<\/p>\n","protected":false},"featured_media":41617,"template":"","meta":{"_acf_changed":false,"_exactmetrics_skip_tracking":false,"_exactmetrics_sitenote_active":false,"_exactmetrics_sitenote_note":"","_exactmetrics_sitenote_category":0,"jetpack_post_was_ever_published":false,"jetpack_publicize_message":"","jetpack_publicize_feature_enabled":true,"jetpack_social_post_already_shared":true,"jetpack_social_options":{"image_generator_settings":{"template":"highway","enabled":false},"version":2}},"product_brand":[],"product_cat":[270],"product_tag":[],"class_list":{"0":"post-40097","1":"product","2":"type-product","3":"status-publish","4":"has-post-thumbnail","6":"product_cat-kirjatarbed","8":"first","9":"instock","10":"taxable","11":"shipping-taxable","12":"purchasable","13":"product-type-simple"},"exclude_global_add_ons":false,"addons":[{"name":"V\u00c4RV","type":"multiple_choice","position":0,"required":true,"title_format":"label","default":"","description_enable":false,"description":"","placeholder_enable":false,"placeholder":"","display":"images","restrictions_type":"any_text","adjust_price":false,"price":"","price_type":"flat_fee","restrictions":false,"min":"0","max":"0","options":[{"label":"Valge","price":"","price_type":"flat_fee","image":40352,"visibility":true},{"label":"Punane Smaragd","price":"","price_type":"flat_fee","image":40344,"visibility":true},{"label":"Mururoheline","price":"","price_type":"flat_fee","image":40350,"visibility":true},{"label":"Rukkilillesinine","price":"","price_type":"flat_fee","image":40336,"visibility":true},{"label":"P\u00e4ikesekollane","price":"","price_type":"flat_fee","image":40348,"visibility":true},{"label":"Mandariinioran\u017e","price":"","price_type":"flat_fee","image":40346,"visibility":true},{"label":"P\u00e4hklipruun","price":"","price_type":"flat_fee","image":40342,"visibility":true},{"label":"Rosinapruun","price":"","price_type":"flat_fee","image":41477,"visibility":true},{"label":"Kohvipruun","price":"","price_type":"flat_fee","image":40354,"visibility":true},{"label":"Must","price":"","price_type":"flat_fee","image":40338,"visibility":true}]},{"name":"Graveeritav tekst - valikuline","type":"custom_text","position":1,"required":false,"title_format":"label","default":"","description_enable":false,"description":"","placeholder_enable":false,"placeholder":"","display":"select","restrictions_type":"any_text","adjust_price":true,"price":"3","price_type":"flat_fee","restrictions":true,"min":"0","max":"200","options":[]},{"name":"Graveeringu font - valikuline","type":"multiple_choice","position":2,"required":false,"title_format":"label","default":"","description_enable":false,"description":"","placeholder_enable":false,"placeholder":"","display":"images","restrictions_type":"any_text","adjust_price":false,"price":"","price_type":"flat_fee","restrictions":false,"min":"0","max":"0","options":[{"label":"Helvetica Neue","price":"","price_type":"flat_fee","image":40334,"visibility":true},{"label":"Six Caps","price":"","price_type":"flat_fee","image":40332,"visibility":true},{"label":"Arvo","price":"","price_type":"flat_fee","image":40330,"visibility":true},{"label":"Alex Brush","price":"","price_type":"flat_fee","image":40328,"visibility":true},{"label":"Quicksand","price":"","price_type":"flat_fee","image":40326,"visibility":true}]},{"name":"Lisa logo v\u00f5i pilt \u2013 valikuline (mitte foto)","type":"file_upload","position":3,"required":false,"title_format":"label","default":"","description_enable":false,"description":"","placeholder_enable":false,"placeholder":"","display":"select","restrictions_type":"any_text","adjust_price":true,"price":"6","price_type":"flat_fee","restrictions":false,"min":"0","max":"0","options":[]},{"name":"Kommentaarid tellimuse v\u00f5i kujunduse kohta \u2013 valikuline","type":"multiple_choice","position":4,"required":false,"title_format":"label","default":"","description_enable":false,"description":"","placeholder_enable":false,"placeholder":"","display":"images","restrictions_type":"any_text","adjust_price":false,"price":"","price_type":"flat_fee","restrictions":false,"min":"0","max":"0","options":[{"label":"","price":"","price_type":"flat_fee","image":41680,"visibility":true},{"label":"","price":"","price_type":"flat_fee","image":41682,"visibility":true}]},{"name":"Grgaveeringu asukoht \u2013 valikuline","type":"custom_text","position":5,"required":false,"title_format":"label","default":"","description_enable":false,"description":"","placeholder_enable":false,"placeholder":"","display":"select","restrictions_type":"any_text","adjust_price":false,"price":"","price_type":"flat_fee","restrictions":false,"min":"0","max":"0","options":[]}],"jetpack_publicize_connections":[],"acf":[],"yoast_head":"<!-- This site is optimized with the Yoast SEO plugin v23.4 - https:\/\/yoast.com\/wordpress\/plugins\/seo\/ -->\n<title>Puidust s\u00fclearvuti alus<\/title>\n<meta name=\"description\" content=\"Puidust alus s\u00fclearvutile v\u00f5i tahvelarvutile ja klaviatuurile. Tagab, et vaataksid ekraani \u00f5ige nurga alt ja aitab korrektset poosi hoida.\" \/>\n<meta name=\"robots\" content=\"index, follow, max-snippet:-1, max-image-preview:large, max-video-preview:-1\" \/>\n<link rel=\"canonical\" href=\"https:\/\/koorwood.eu\/et\/toode\/sulearvuti-alus-standy\/\" \/>\n<meta property=\"og:locale\" content=\"et_EE\" \/>\n<meta property=\"og:type\" content=\"article\" \/>\n<meta property=\"og:title\" content=\"Puidust s\u00fclearvuti alus\" \/>\n<meta property=\"og:description\" content=\"Puidust alus s\u00fclearvutile v\u00f5i tahvelarvutile ja klaviatuurile. Tagab, et vaataksid ekraani \u00f5ige nurga alt ja aitab korrektset poosi hoida.\" \/>\n<meta property=\"og:url\" content=\"https:\/\/koorwood.eu\/et\/toode\/sulearvuti-alus-standy\/\" \/>\n<meta property=\"og:site_name\" content=\"KOOR wood\" \/>\n<meta property=\"article:publisher\" content=\"https:\/\/www.facebook.com\/KOORwoodEesti\/\" \/>\n<meta property=\"article:modified_time\" content=\"2022-02-08T10:53:07+00:00\" \/>\n<meta property=\"og:image\" content=\"https:\/\/i0.wp.com\/koorwood.eu\/wp-content\/uploads\/2021\/05\/standy-sulearvuti-alus-laptopi-alus-laptop-stand-koorwood.png?fit=700%2C700&ssl=1\" \/>\n\t<meta property=\"og:image:width\" content=\"700\" \/>\n\t<meta property=\"og:image:height\" content=\"700\" \/>\n\t<meta property=\"og:image:type\" content=\"image\/png\" \/>\n<meta name=\"twitter:card\" content=\"summary_large_image\" \/>\n<meta name=\"twitter:label1\" content=\"Est. reading time\" \/>\n\t<meta name=\"twitter:data1\" content=\"1 minut\" \/>\n<script type=\"application\/ld+json\" class=\"yoast-schema-graph\">{\"@context\":\"https:\/\/schema.org\",\"@graph\":[{\"@type\":\"WebPage\",\"@id\":\"https:\/\/koorwood.eu\/et\/toode\/sulearvuti-alus-standy\/\",\"url\":\"https:\/\/koorwood.eu\/et\/toode\/sulearvuti-alus-standy\/\",\"name\":\"Puidust s\u00fclearvuti alus\",\"isPartOf\":{\"@id\":\"https:\/\/koorwood.eu\/et\/#website\"},\"primaryImageOfPage\":{\"@id\":\"https:\/\/koorwood.eu\/et\/toode\/sulearvuti-alus-standy\/#primaryimage\"},\"image\":{\"@id\":\"https:\/\/koorwood.eu\/et\/toode\/sulearvuti-alus-standy\/#primaryimage\"},\"thumbnailUrl\":\"https:\/\/koorwood.eu\/wp-content\/uploads\/2021\/05\/standy-sulearvuti-alus-laptopi-alus-laptop-stand-koorwood.png\",\"datePublished\":\"2021-05-10T10:15:27+00:00\",\"dateModified\":\"2022-02-08T10:53:07+00:00\",\"description\":\"Puidust alus s\u00fclearvutile v\u00f5i tahvelarvutile ja klaviatuurile. Tagab, et vaataksid ekraani \u00f5ige nurga alt ja aitab korrektset poosi hoida.\",\"breadcrumb\":{\"@id\":\"https:\/\/koorwood.eu\/et\/toode\/sulearvuti-alus-standy\/#breadcrumb\"},\"inLanguage\":\"et\",\"potentialAction\":[{\"@type\":\"ReadAction\",\"target\":[\"https:\/\/koorwood.eu\/et\/toode\/sulearvuti-alus-standy\/\"]}]},{\"@type\":\"ImageObject\",\"inLanguage\":\"et\",\"@id\":\"https:\/\/koorwood.eu\/et\/toode\/sulearvuti-alus-standy\/#primaryimage\",\"url\":\"https:\/\/koorwood.eu\/wp-content\/uploads\/2021\/05\/standy-sulearvuti-alus-laptopi-alus-laptop-stand-koorwood.png\",\"contentUrl\":\"https:\/\/koorwood.eu\/wp-content\/uploads\/2021\/05\/standy-sulearvuti-alus-laptopi-alus-laptop-stand-koorwood.png\",\"width\":700,\"height\":700,\"caption\":\"STANDY on praktiline alus sinu s\u00fclearvutile v\u00f5i tahvelarvutile ja klaviatuurile\"},{\"@type\":\"BreadcrumbList\",\"@id\":\"https:\/\/koorwood.eu\/et\/toode\/sulearvuti-alus-standy\/#breadcrumb\",\"itemListElement\":[{\"@type\":\"ListItem\",\"position\":1,\"name\":\"Home\",\"item\":\"https:\/\/koorwood.eu\/et\/\"},{\"@type\":\"ListItem\",\"position\":2,\"name\":\"Shop\",\"item\":\"https:\/\/koorwood.eu\/et\/shop\/\"},{\"@type\":\"ListItem\",\"position\":3,\"name\":\"S\u00fclearvuti alus STANDY\"}]},{\"@type\":\"WebSite\",\"@id\":\"https:\/\/koorwood.eu\/et\/#website\",\"url\":\"https:\/\/koorwood.eu\/et\/\",\"name\":\"KOOR wood\",\"description\":\"a bit of nature at your side\",\"publisher\":{\"@id\":\"https:\/\/koorwood.eu\/et\/#organization\"},\"potentialAction\":[{\"@type\":\"SearchAction\",\"target\":{\"@type\":\"EntryPoint\",\"urlTemplate\":\"https:\/\/koorwood.eu\/et\/?s={search_term_string}\"},\"query-input\":{\"@type\":\"PropertyValueSpecification\",\"valueRequired\":true,\"valueName\":\"search_term_string\"}}],\"inLanguage\":\"et\"},{\"@type\":\"Organization\",\"@id\":\"https:\/\/koorwood.eu\/et\/#organization\",\"name\":\"KOOR wood\",\"url\":\"https:\/\/koorwood.eu\/et\/\",\"logo\":{\"@type\":\"ImageObject\",\"inLanguage\":\"et\",\"@id\":\"https:\/\/koorwood.eu\/et\/#\/schema\/logo\/image\/\",\"url\":\"https:\/\/i1.wp.com\/koorwood.eu\/wp-content\/uploads\/2020\/03\/KOOR-wood-a-bit-of-nature-in-Your-pocket-logo-244x82-1.png?fit=244%2C82&ssl=1\",\"contentUrl\":\"https:\/\/i1.wp.com\/koorwood.eu\/wp-content\/uploads\/2020\/03\/KOOR-wood-a-bit-of-nature-in-Your-pocket-logo-244x82-1.png?fit=244%2C82&ssl=1\",\"width\":244,\"height\":82,\"caption\":\"KOOR wood\"},\"image\":{\"@id\":\"https:\/\/koorwood.eu\/et\/#\/schema\/logo\/image\/\"},\"sameAs\":[\"https:\/\/www.facebook.com\/KOORwoodEesti\/\",\"https:\/\/www.instagram.com\/koor_wood\/\",\"https:\/\/ee.linkedin.com\/company\/koor-wood\",\"https:\/\/www.pinterest.com\/koorwood\/\",\"https:\/\/www.youtube.com\/channel\/UCHEstdKMn-jOYJYqhFRL_og\"]}]}<\/script>\n<!-- \/ Yoast SEO plugin. -->","yoast_head_json":{"title":"Puidust s\u00fclearvuti alus","description":"Puidust alus s\u00fclearvutile v\u00f5i tahvelarvutile ja klaviatuurile. Tagab, et vaataksid ekraani \u00f5ige nurga alt ja aitab korrektset poosi hoida.","robots":{"index":"index","follow":"follow","max-snippet":"max-snippet:-1","max-image-preview":"max-image-preview:large","max-video-preview":"max-video-preview:-1"},"canonical":"https:\/\/koorwood.eu\/et\/toode\/sulearvuti-alus-standy\/","og_locale":"et_EE","og_type":"article","og_title":"Puidust s\u00fclearvuti alus","og_description":"Puidust alus s\u00fclearvutile v\u00f5i tahvelarvutile ja klaviatuurile. Tagab, et vaataksid ekraani \u00f5ige nurga alt ja aitab korrektset poosi hoida.","og_url":"https:\/\/koorwood.eu\/et\/toode\/sulearvuti-alus-standy\/","og_site_name":"KOOR wood","article_publisher":"https:\/\/www.facebook.com\/KOORwoodEesti\/","article_modified_time":"2022-02-08T10:53:07+00:00","og_image":[{"width":700,"height":700,"url":"https:\/\/i0.wp.com\/koorwood.eu\/wp-content\/uploads\/2021\/05\/standy-sulearvuti-alus-laptopi-alus-laptop-stand-koorwood.png?fit=700%2C700&ssl=1","type":"image\/png"}],"twitter_card":"summary_large_image","twitter_misc":{"Est. reading time":"1 minut"},"schema":{"@context":"https:\/\/schema.org","@graph":[{"@type":"WebPage","@id":"https:\/\/koorwood.eu\/et\/toode\/sulearvuti-alus-standy\/","url":"https:\/\/koorwood.eu\/et\/toode\/sulearvuti-alus-standy\/","name":"Puidust s\u00fclearvuti alus","isPartOf":{"@id":"https:\/\/koorwood.eu\/et\/#website"},"primaryImageOfPage":{"@id":"https:\/\/koorwood.eu\/et\/toode\/sulearvuti-alus-standy\/#primaryimage"},"image":{"@id":"https:\/\/koorwood.eu\/et\/toode\/sulearvuti-alus-standy\/#primaryimage"},"thumbnailUrl":"https:\/\/koorwood.eu\/wp-content\/uploads\/2021\/05\/standy-sulearvuti-alus-laptopi-alus-laptop-stand-koorwood.png","datePublished":"2021-05-10T10:15:27+00:00","dateModified":"2022-02-08T10:53:07+00:00","description":"Puidust alus s\u00fclearvutile v\u00f5i tahvelarvutile ja klaviatuurile. Tagab, et vaataksid ekraani \u00f5ige nurga alt ja aitab korrektset poosi hoida.","breadcrumb":{"@id":"https:\/\/koorwood.eu\/et\/toode\/sulearvuti-alus-standy\/#breadcrumb"},"inLanguage":"et","potentialAction":[{"@type":"ReadAction","target":["https:\/\/koorwood.eu\/et\/toode\/sulearvuti-alus-standy\/"]}]},{"@type":"ImageObject","inLanguage":"et","@id":"https:\/\/koorwood.eu\/et\/toode\/sulearvuti-alus-standy\/#primaryimage","url":"https:\/\/koorwood.eu\/wp-content\/uploads\/2021\/05\/standy-sulearvuti-alus-laptopi-alus-laptop-stand-koorwood.png","contentUrl":"https:\/\/koorwood.eu\/wp-content\/uploads\/2021\/05\/standy-sulearvuti-alus-laptopi-alus-laptop-stand-koorwood.png","width":700,"height":700,"caption":"STANDY on praktiline alus sinu s\u00fclearvutile v\u00f5i tahvelarvutile ja klaviatuurile"},{"@type":"BreadcrumbList","@id":"https:\/\/koorwood.eu\/et\/toode\/sulearvuti-alus-standy\/#breadcrumb","itemListElement":[{"@type":"ListItem","position":1,"name":"Home","item":"https:\/\/koorwood.eu\/et\/"},{"@type":"ListItem","position":2,"name":"Shop","item":"https:\/\/koorwood.eu\/et\/shop\/"},{"@type":"ListItem","position":3,"name":"S\u00fclearvuti alus STANDY"}]},{"@type":"WebSite","@id":"https:\/\/koorwood.eu\/et\/#website","url":"https:\/\/koorwood.eu\/et\/","name":"KOOR wood","description":"a bit of nature at your side","publisher":{"@id":"https:\/\/koorwood.eu\/et\/#organization"},"potentialAction":[{"@type":"SearchAction","target":{"@type":"EntryPoint","urlTemplate":"https:\/\/koorwood.eu\/et\/?s={search_term_string}"},"query-input":{"@type":"PropertyValueSpecification","valueRequired":true,"valueName":"search_term_string"}}],"inLanguage":"et"},{"@type":"Organization","@id":"https:\/\/koorwood.eu\/et\/#organization","name":"KOOR wood","url":"https:\/\/koorwood.eu\/et\/","logo":{"@type":"ImageObject","inLanguage":"et","@id":"https:\/\/koorwood.eu\/et\/#\/schema\/logo\/image\/","url":"https:\/\/i1.wp.com\/koorwood.eu\/wp-content\/uploads\/2020\/03\/KOOR-wood-a-bit-of-nature-in-Your-pocket-logo-244x82-1.png?fit=244%2C82&ssl=1","contentUrl":"https:\/\/i1.wp.com\/koorwood.eu\/wp-content\/uploads\/2020\/03\/KOOR-wood-a-bit-of-nature-in-Your-pocket-logo-244x82-1.png?fit=244%2C82&ssl=1","width":244,"height":82,"caption":"KOOR wood"},"image":{"@id":"https:\/\/koorwood.eu\/et\/#\/schema\/logo\/image\/"},"sameAs":["https:\/\/www.facebook.com\/KOORwoodEesti\/","https:\/\/www.instagram.com\/koor_wood\/","https:\/\/ee.linkedin.com\/company\/koor-wood","https:\/\/www.pinterest.com\/koorwood\/","https:\/\/www.youtube.com\/channel\/UCHEstdKMn-jOYJYqhFRL_og"]}]}},"jetpack_sharing_enabled":true,"_links":{"self":[{"href":"https:\/\/koorwood.eu\/et\/wp-json\/wp\/v2\/product\/40097"}],"collection":[{"href":"https:\/\/koorwood.eu\/et\/wp-json\/wp\/v2\/product"}],"about":[{"href":"https:\/\/koorwood.eu\/et\/wp-json\/wp\/v2\/types\/product"}],"wp:featuredmedia":[{"embeddable":true,"href":"https:\/\/koorwood.eu\/et\/wp-json\/wp\/v2\/media\/41617"}],"wp:attachment":[{"href":"https:\/\/koorwood.eu\/et\/wp-json\/wp\/v2\/media?parent=40097"}],"wp:term":[{"taxonomy":"product_brand","embeddable":true,"href":"https:\/\/koorwood.eu\/et\/wp-json\/wp\/v2\/product_brand?post=40097"},{"taxonomy":"product_cat","embeddable":true,"href":"https:\/\/koorwood.eu\/et\/wp-json\/wp\/v2\/product_cat?post=40097"},{"taxonomy":"product_tag","embeddable":true,"href":"https:\/\/koorwood.eu\/et\/wp-json\/wp\/v2\/product_tag?post=40097"}],"curies":[{"name":"wp","href":"https:\/\/api.w.org\/{rel}","templated":true}]}}