{"id":40291,"date":"2021-05-14T11:02:56","date_gmt":"2021-05-14T11:02:58","guid":{"rendered":"https:\/\/koorwood.eu\/?post_type=product&#038;p=40291"},"modified":"2022-02-08T12:50:51","modified_gmt":"2022-02-08T10:50:51","slug":"markmik-b6-suurpuu","status":"publish","type":"product","link":"https:\/\/koorwood.eu\/et\/toode\/markmik-b6-suurpuu\/","title":{"rendered":"M\u00e4rkmik B6 t\u00fchjade lehtedega JOTTY &#8211; Suur Puu"},"content":{"rendered":"<div class=\"wp-block-woobuilder-tpl relative\">\r\n<div class=\"relative woobuilder-tpl\" style=\"grid-template-columns: repeat(12, 1fr); padding: 5px;\" data-tablet-css=\"padding-left:1em;padding-right:1em;\" data-mobile-css=\"padding-left:1em;padding-right:1em;\">\r\n<div class=\"wp-block-caxton-grid relative\">\r\n<div class=\"absolute absolute--fill\">\r\n<div class=\"absolute absolute--fill\" style=\";background-image: linear-gradient( ); opacity: 1;\">\r\n<p>At KOOR wood,\u00a0 notebooks are made using \u201cliving hinge\u201d method out of the highest quality birch plywood. It is precisely engineered and specially treated to guarantee longevity. The cover gets final sanding and finishing by hand. Jotty has a small corner pocket on the inside of the front cover where you can keep loose pages, post-its, or business cards. There is an elastic pen holder on the right side of the notebook, which holds your favorite pen right by the notebook.<\/p>\r\n<p>From June 2017 we\u2019ve been using recycled paper as our main paper! When you run out of paper, you can easily swap it out.<\/p>\r\n<\/div>\r\n<\/div>\r\n<div class=\"relative caxton-columns caxton-grid-block\" style=\"grid-template-columns: repeat(12, 1fr); padding: 0;\" data-tablet-css=\"padding-left:em;padding-right:em;\" data-mobile-css=\"padding-left:em;padding-right:em;\"><div class=\"wp-block-caxton-section relative\" style=\"grid-area: span 1\/span 6;\">\r\n<div class=\"relative caxton-section-block\" style=\"padding: 5px;\" data-mobile-css=\"padding-left:1em;padding-right:1em;\" data-tablet-css=\"padding-left:1em;padding-right:1em;\"><\/div>\r\n<\/div>\r\n\r\n<div class=\"wp-block-caxton-section relative\" style=\"grid-area: span 1\/span 6;\">\r\n<div class=\"absolute absolute--fill\">\r\n<div class=\"absolute absolute--fill cover bg-center\" style=\";background-image: linear-gradient( );\">\u00a0<\/div>\r\n<div class=\"absolute absolute--fill\" style=\";background-image: linear-gradient( ); opacity: 1;\">\u00a0<\/div>\r\n<\/div>\r\n<div class=\"relative caxton-section-block\" style=\"padding: 5px;\" data-mobile-css=\"padding-left:1em;padding-right:1em;\" data-tablet-css=\"padding-left:1em;padding-right:1em;\">\r\n\r\n\r\n\r\n\r\n\r\n<\/div>\r\n<\/div><\/div>\r\n<\/div><div class=\"wp-block-woobuilder-long-description\">\r\n<div>&#13;\n<p>\u00a0<\/p>&#13;<\/div>\r\n<\/div><p><!-- \/wp:woobuilder\/tpl --><\/p>\n<p><!-- wp:woobuilder\/tabs {\"desc\":\"\",\"font\":\"\",\"font_size\":\"16\",\"text_color\":\"\"} \/--><\/p>","protected":false},"excerpt":{"rendered":"<p>Meie Suure Puu disainiga m\u00e4rkmik on piiratud ajaks taas m\u00fc\u00fcgil! Saad valida P\u00e4hklipruuni ja P\u00e4ikesekollase viimisltuse vahel.<\/p>\n<p>&#8212;<\/p>\n<p>Kas oled kunagi paberit ja pliiatsit k\u00e4tte v\u00f5ttes tundnud, kuidas loovus l\u00e4bi su keha voolab? Haara meie puidust m\u00e4rkmik, Jotty, ja omale meelep\u00e4rane kirjapulk, mine loodusesse v\u00f5i t\u00f5mba diivanile kerra ja lase ideedel lennata.<\/p>\n<p>Teler ja telefon v\u00f5ivad oodata &#8211; loomingulised m\u00f5tted aga mitte! KOOR m\u00e4rkmik on m\u00f5eldud nendele inimestele, kes endiselt v\u00e4\u00e4rtustavad analoogmaailma &#8211; k\u00e4sitsi joonistamist ja kirjutamist.<\/p>\n","protected":false},"featured_media":42152,"template":"","meta":{"_acf_changed":false,"_exactmetrics_skip_tracking":false,"_exactmetrics_sitenote_active":false,"_exactmetrics_sitenote_note":"","_exactmetrics_sitenote_category":0,"jetpack_post_was_ever_published":false,"jetpack_publicize_message":"","jetpack_publicize_feature_enabled":true,"jetpack_social_post_already_shared":true,"jetpack_social_options":{"image_generator_settings":{"template":"highway","enabled":false},"version":2}},"product_brand":[],"product_cat":[241],"product_tag":[258,260,265,262,266],"class_list":{"0":"post-40291","1":"product","2":"type-product","3":"status-publish","4":"has-post-thumbnail","6":"product_cat-aksessuaarid","7":"product_tag-aksessuaarid","8":"product_tag-graveering","9":"product_tag-koored","10":"product_tag-markmik","11":"product_tag-puutoo","13":"first","14":"instock","15":"taxable","16":"shipping-taxable","17":"purchasable","18":"product-type-simple"},"exclude_global_add_ons":false,"addons":[{"name":"KAANTE V\u00c4RV","type":"multiple_choice","position":0,"required":true,"title_format":"label","default":"","description_enable":false,"description":"","placeholder_enable":false,"placeholder":"","display":"images","restrictions_type":"any_text","adjust_price":false,"price":"","price_type":"flat_fee","restrictions":false,"min":"0","max":"0","options":[{"label":"P\u00e4ikesekollane","price":"","price_type":"flat_fee","image":40348,"visibility":true},{"label":"P\u00e4hklipruun","price":"","price_type":"flat_fee","image":40342,"visibility":true}]},{"name":"Kommentaarid tellimuse kohta \u2013 valikuline","type":"custom_text","position":1,"required":false,"title_format":"label","default":"","description_enable":false,"description":"","placeholder_enable":false,"placeholder":"","display":"select","restrictions_type":"any_text","adjust_price":false,"price":"100","price_type":"quantity_based","restrictions":false,"min":"0","max":"0","options":[]}],"jetpack_publicize_connections":[],"acf":[],"yoast_head":"<!-- This site is optimized with the Yoast SEO plugin v23.4 - https:\/\/yoast.com\/wordpress\/plugins\/seo\/ -->\n<title>M\u00e4rkmik B6 t\u00fchjade lehtedega JOTTY - Suur Puu | KOOR wood<\/title>\n<meta name=\"description\" content=\"Puidust m\u00e4rkmiku kaaned on tehtud k\u00f5ige k\u00f5rgema kvaliteediga kasevineerist. K\u00e4sitsi lihvitud ja viimistletud.\" \/>\n<meta name=\"robots\" content=\"index, follow, max-snippet:-1, max-image-preview:large, max-video-preview:-1\" \/>\n<link rel=\"canonical\" href=\"https:\/\/koorwood.eu\/et\/toode\/markmik-b6-suurpuu\/\" \/>\n<meta property=\"og:locale\" content=\"et_EE\" \/>\n<meta property=\"og:type\" content=\"article\" \/>\n<meta property=\"og:title\" content=\"M\u00e4rkmik B6 t\u00fchjade lehtedega JOTTY - Suur Puu | KOOR wood\" \/>\n<meta property=\"og:description\" content=\"Puidust m\u00e4rkmiku kaaned on tehtud k\u00f5ige k\u00f5rgema kvaliteediga kasevineerist. K\u00e4sitsi lihvitud ja viimistletud.\" \/>\n<meta property=\"og:url\" content=\"https:\/\/koorwood.eu\/et\/toode\/markmik-b6-suurpuu\/\" \/>\n<meta property=\"og:site_name\" content=\"KOOR wood\" \/>\n<meta property=\"article:publisher\" content=\"https:\/\/www.facebook.com\/KOORwoodEesti\/\" \/>\n<meta property=\"article:modified_time\" content=\"2022-02-08T10:50:51+00:00\" \/>\n<meta property=\"og:image\" content=\"https:\/\/i0.wp.com\/koorwood.eu\/wp-content\/uploads\/2021\/05\/wooden-notebook-birch-plywood-notebook-notebook-with-wooden-covers-puidust-kaantega-markmik-kasevineerist-markmik-graveeringuga-markmik-notebook-with-engraving-koorwood-custom-notebook.png?fit=700%2C700&ssl=1\" \/>\n\t<meta property=\"og:image:width\" content=\"700\" \/>\n\t<meta property=\"og:image:height\" content=\"700\" \/>\n\t<meta property=\"og:image:type\" content=\"image\/png\" \/>\n<meta name=\"twitter:card\" content=\"summary_large_image\" \/>\n<meta name=\"twitter:label1\" content=\"Est. reading time\" \/>\n\t<meta name=\"twitter:data1\" content=\"1 minut\" \/>\n<script type=\"application\/ld+json\" class=\"yoast-schema-graph\">{\"@context\":\"https:\/\/schema.org\",\"@graph\":[{\"@type\":\"WebPage\",\"@id\":\"https:\/\/koorwood.eu\/et\/toode\/markmik-b6-suurpuu\/\",\"url\":\"https:\/\/koorwood.eu\/et\/toode\/markmik-b6-suurpuu\/\",\"name\":\"M\u00e4rkmik B6 t\u00fchjade lehtedega JOTTY - Suur Puu | KOOR wood\",\"isPartOf\":{\"@id\":\"https:\/\/koorwood.eu\/et\/#website\"},\"primaryImageOfPage\":{\"@id\":\"https:\/\/koorwood.eu\/et\/toode\/markmik-b6-suurpuu\/#primaryimage\"},\"image\":{\"@id\":\"https:\/\/koorwood.eu\/et\/toode\/markmik-b6-suurpuu\/#primaryimage\"},\"thumbnailUrl\":\"https:\/\/koorwood.eu\/wp-content\/uploads\/2021\/05\/wooden-notebook-birch-plywood-notebook-notebook-with-wooden-covers-puidust-kaantega-markmik-kasevineerist-markmik-graveeringuga-markmik-notebook-with-engraving-koorwood-custom-notebook.png\",\"datePublished\":\"2021-05-14T11:02:58+00:00\",\"dateModified\":\"2022-02-08T10:50:51+00:00\",\"description\":\"Puidust m\u00e4rkmiku kaaned on tehtud k\u00f5ige k\u00f5rgema kvaliteediga kasevineerist. K\u00e4sitsi lihvitud ja viimistletud.\",\"breadcrumb\":{\"@id\":\"https:\/\/koorwood.eu\/et\/toode\/markmik-b6-suurpuu\/#breadcrumb\"},\"inLanguage\":\"et\",\"potentialAction\":[{\"@type\":\"ReadAction\",\"target\":[\"https:\/\/koorwood.eu\/et\/toode\/markmik-b6-suurpuu\/\"]}]},{\"@type\":\"ImageObject\",\"inLanguage\":\"et\",\"@id\":\"https:\/\/koorwood.eu\/et\/toode\/markmik-b6-suurpuu\/#primaryimage\",\"url\":\"https:\/\/koorwood.eu\/wp-content\/uploads\/2021\/05\/wooden-notebook-birch-plywood-notebook-notebook-with-wooden-covers-puidust-kaantega-markmik-kasevineerist-markmik-graveeringuga-markmik-notebook-with-engraving-koorwood-custom-notebook.png\",\"contentUrl\":\"https:\/\/koorwood.eu\/wp-content\/uploads\/2021\/05\/wooden-notebook-birch-plywood-notebook-notebook-with-wooden-covers-puidust-kaantega-markmik-kasevineerist-markmik-graveeringuga-markmik-notebook-with-engraving-koorwood-custom-notebook.png\",\"width\":700,\"height\":700,\"caption\":\"Jotty m\u00e4rkmiku kaaned on valmistatud k\u00f5rgema klassi kasevineerist, k\u00e4sitsi lihvitud ja viimistletud.\"},{\"@type\":\"BreadcrumbList\",\"@id\":\"https:\/\/koorwood.eu\/et\/toode\/markmik-b6-suurpuu\/#breadcrumb\",\"itemListElement\":[{\"@type\":\"ListItem\",\"position\":1,\"name\":\"Home\",\"item\":\"https:\/\/koorwood.eu\/et\/\"},{\"@type\":\"ListItem\",\"position\":2,\"name\":\"Shop\",\"item\":\"https:\/\/koorwood.eu\/et\/shop\/\"},{\"@type\":\"ListItem\",\"position\":3,\"name\":\"M\u00e4rkmik B6 t\u00fchjade lehtedega JOTTY &#8211; Suur Puu\"}]},{\"@type\":\"WebSite\",\"@id\":\"https:\/\/koorwood.eu\/et\/#website\",\"url\":\"https:\/\/koorwood.eu\/et\/\",\"name\":\"KOOR wood\",\"description\":\"a bit of nature at your side\",\"publisher\":{\"@id\":\"https:\/\/koorwood.eu\/et\/#organization\"},\"potentialAction\":[{\"@type\":\"SearchAction\",\"target\":{\"@type\":\"EntryPoint\",\"urlTemplate\":\"https:\/\/koorwood.eu\/et\/?s={search_term_string}\"},\"query-input\":{\"@type\":\"PropertyValueSpecification\",\"valueRequired\":true,\"valueName\":\"search_term_string\"}}],\"inLanguage\":\"et\"},{\"@type\":\"Organization\",\"@id\":\"https:\/\/koorwood.eu\/et\/#organization\",\"name\":\"KOOR wood\",\"url\":\"https:\/\/koorwood.eu\/et\/\",\"logo\":{\"@type\":\"ImageObject\",\"inLanguage\":\"et\",\"@id\":\"https:\/\/koorwood.eu\/et\/#\/schema\/logo\/image\/\",\"url\":\"https:\/\/i1.wp.com\/koorwood.eu\/wp-content\/uploads\/2020\/03\/KOOR-wood-a-bit-of-nature-in-Your-pocket-logo-244x82-1.png?fit=244%2C82&ssl=1\",\"contentUrl\":\"https:\/\/i1.wp.com\/koorwood.eu\/wp-content\/uploads\/2020\/03\/KOOR-wood-a-bit-of-nature-in-Your-pocket-logo-244x82-1.png?fit=244%2C82&ssl=1\",\"width\":244,\"height\":82,\"caption\":\"KOOR wood\"},\"image\":{\"@id\":\"https:\/\/koorwood.eu\/et\/#\/schema\/logo\/image\/\"},\"sameAs\":[\"https:\/\/www.facebook.com\/KOORwoodEesti\/\",\"https:\/\/www.instagram.com\/koor_wood\/\",\"https:\/\/ee.linkedin.com\/company\/koor-wood\",\"https:\/\/www.pinterest.com\/koorwood\/\",\"https:\/\/www.youtube.com\/channel\/UCHEstdKMn-jOYJYqhFRL_og\"]}]}<\/script>\n<!-- \/ Yoast SEO plugin. -->","yoast_head_json":{"title":"M\u00e4rkmik B6 t\u00fchjade lehtedega JOTTY - Suur Puu | KOOR wood","description":"Puidust m\u00e4rkmiku kaaned on tehtud k\u00f5ige k\u00f5rgema kvaliteediga kasevineerist. K\u00e4sitsi lihvitud ja viimistletud.","robots":{"index":"index","follow":"follow","max-snippet":"max-snippet:-1","max-image-preview":"max-image-preview:large","max-video-preview":"max-video-preview:-1"},"canonical":"https:\/\/koorwood.eu\/et\/toode\/markmik-b6-suurpuu\/","og_locale":"et_EE","og_type":"article","og_title":"M\u00e4rkmik B6 t\u00fchjade lehtedega JOTTY - Suur Puu | KOOR wood","og_description":"Puidust m\u00e4rkmiku kaaned on tehtud k\u00f5ige k\u00f5rgema kvaliteediga kasevineerist. K\u00e4sitsi lihvitud ja viimistletud.","og_url":"https:\/\/koorwood.eu\/et\/toode\/markmik-b6-suurpuu\/","og_site_name":"KOOR wood","article_publisher":"https:\/\/www.facebook.com\/KOORwoodEesti\/","article_modified_time":"2022-02-08T10:50:51+00:00","og_image":[{"width":700,"height":700,"url":"https:\/\/i0.wp.com\/koorwood.eu\/wp-content\/uploads\/2021\/05\/wooden-notebook-birch-plywood-notebook-notebook-with-wooden-covers-puidust-kaantega-markmik-kasevineerist-markmik-graveeringuga-markmik-notebook-with-engraving-koorwood-custom-notebook.png?fit=700%2C700&ssl=1","type":"image\/png"}],"twitter_card":"summary_large_image","twitter_misc":{"Est. reading time":"1 minut"},"schema":{"@context":"https:\/\/schema.org","@graph":[{"@type":"WebPage","@id":"https:\/\/koorwood.eu\/et\/toode\/markmik-b6-suurpuu\/","url":"https:\/\/koorwood.eu\/et\/toode\/markmik-b6-suurpuu\/","name":"M\u00e4rkmik B6 t\u00fchjade lehtedega JOTTY - Suur Puu | KOOR wood","isPartOf":{"@id":"https:\/\/koorwood.eu\/et\/#website"},"primaryImageOfPage":{"@id":"https:\/\/koorwood.eu\/et\/toode\/markmik-b6-suurpuu\/#primaryimage"},"image":{"@id":"https:\/\/koorwood.eu\/et\/toode\/markmik-b6-suurpuu\/#primaryimage"},"thumbnailUrl":"https:\/\/koorwood.eu\/wp-content\/uploads\/2021\/05\/wooden-notebook-birch-plywood-notebook-notebook-with-wooden-covers-puidust-kaantega-markmik-kasevineerist-markmik-graveeringuga-markmik-notebook-with-engraving-koorwood-custom-notebook.png","datePublished":"2021-05-14T11:02:58+00:00","dateModified":"2022-02-08T10:50:51+00:00","description":"Puidust m\u00e4rkmiku kaaned on tehtud k\u00f5ige k\u00f5rgema kvaliteediga kasevineerist. K\u00e4sitsi lihvitud ja viimistletud.","breadcrumb":{"@id":"https:\/\/koorwood.eu\/et\/toode\/markmik-b6-suurpuu\/#breadcrumb"},"inLanguage":"et","potentialAction":[{"@type":"ReadAction","target":["https:\/\/koorwood.eu\/et\/toode\/markmik-b6-suurpuu\/"]}]},{"@type":"ImageObject","inLanguage":"et","@id":"https:\/\/koorwood.eu\/et\/toode\/markmik-b6-suurpuu\/#primaryimage","url":"https:\/\/koorwood.eu\/wp-content\/uploads\/2021\/05\/wooden-notebook-birch-plywood-notebook-notebook-with-wooden-covers-puidust-kaantega-markmik-kasevineerist-markmik-graveeringuga-markmik-notebook-with-engraving-koorwood-custom-notebook.png","contentUrl":"https:\/\/koorwood.eu\/wp-content\/uploads\/2021\/05\/wooden-notebook-birch-plywood-notebook-notebook-with-wooden-covers-puidust-kaantega-markmik-kasevineerist-markmik-graveeringuga-markmik-notebook-with-engraving-koorwood-custom-notebook.png","width":700,"height":700,"caption":"Jotty m\u00e4rkmiku kaaned on valmistatud k\u00f5rgema klassi kasevineerist, k\u00e4sitsi lihvitud ja viimistletud."},{"@type":"BreadcrumbList","@id":"https:\/\/koorwood.eu\/et\/toode\/markmik-b6-suurpuu\/#breadcrumb","itemListElement":[{"@type":"ListItem","position":1,"name":"Home","item":"https:\/\/koorwood.eu\/et\/"},{"@type":"ListItem","position":2,"name":"Shop","item":"https:\/\/koorwood.eu\/et\/shop\/"},{"@type":"ListItem","position":3,"name":"M\u00e4rkmik B6 t\u00fchjade lehtedega JOTTY &#8211; Suur Puu"}]},{"@type":"WebSite","@id":"https:\/\/koorwood.eu\/et\/#website","url":"https:\/\/koorwood.eu\/et\/","name":"KOOR wood","description":"a bit of nature at your side","publisher":{"@id":"https:\/\/koorwood.eu\/et\/#organization"},"potentialAction":[{"@type":"SearchAction","target":{"@type":"EntryPoint","urlTemplate":"https:\/\/koorwood.eu\/et\/?s={search_term_string}"},"query-input":{"@type":"PropertyValueSpecification","valueRequired":true,"valueName":"search_term_string"}}],"inLanguage":"et"},{"@type":"Organization","@id":"https:\/\/koorwood.eu\/et\/#organization","name":"KOOR wood","url":"https:\/\/koorwood.eu\/et\/","logo":{"@type":"ImageObject","inLanguage":"et","@id":"https:\/\/koorwood.eu\/et\/#\/schema\/logo\/image\/","url":"https:\/\/i1.wp.com\/koorwood.eu\/wp-content\/uploads\/2020\/03\/KOOR-wood-a-bit-of-nature-in-Your-pocket-logo-244x82-1.png?fit=244%2C82&ssl=1","contentUrl":"https:\/\/i1.wp.com\/koorwood.eu\/wp-content\/uploads\/2020\/03\/KOOR-wood-a-bit-of-nature-in-Your-pocket-logo-244x82-1.png?fit=244%2C82&ssl=1","width":244,"height":82,"caption":"KOOR wood"},"image":{"@id":"https:\/\/koorwood.eu\/et\/#\/schema\/logo\/image\/"},"sameAs":["https:\/\/www.facebook.com\/KOORwoodEesti\/","https:\/\/www.instagram.com\/koor_wood\/","https:\/\/ee.linkedin.com\/company\/koor-wood","https:\/\/www.pinterest.com\/koorwood\/","https:\/\/www.youtube.com\/channel\/UCHEstdKMn-jOYJYqhFRL_og"]}]}},"jetpack_sharing_enabled":true,"_links":{"self":[{"href":"https:\/\/koorwood.eu\/et\/wp-json\/wp\/v2\/product\/40291"}],"collection":[{"href":"https:\/\/koorwood.eu\/et\/wp-json\/wp\/v2\/product"}],"about":[{"href":"https:\/\/koorwood.eu\/et\/wp-json\/wp\/v2\/types\/product"}],"wp:featuredmedia":[{"embeddable":true,"href":"https:\/\/koorwood.eu\/et\/wp-json\/wp\/v2\/media\/42152"}],"wp:attachment":[{"href":"https:\/\/koorwood.eu\/et\/wp-json\/wp\/v2\/media?parent=40291"}],"wp:term":[{"taxonomy":"product_brand","embeddable":true,"href":"https:\/\/koorwood.eu\/et\/wp-json\/wp\/v2\/product_brand?post=40291"},{"taxonomy":"product_cat","embeddable":true,"href":"https:\/\/koorwood.eu\/et\/wp-json\/wp\/v2\/product_cat?post=40291"},{"taxonomy":"product_tag","embeddable":true,"href":"https:\/\/koorwood.eu\/et\/wp-json\/wp\/v2\/product_tag?post=40291"}],"curies":[{"name":"wp","href":"https:\/\/api.w.org\/{rel}","templated":true}]}}