{"id":40485,"date":"2021-05-18T15:01:45","date_gmt":"2021-05-24T13:46:02","guid":{"rendered":"https:\/\/koorwood.eu\/?post_type=product&#038;p=40485"},"modified":"2022-02-08T12:50:02","modified_gmt":"2022-02-08T10:50:02","slug":"rongaskaaned-bindy","status":"publish","type":"product","link":"https:\/\/koorwood.eu\/et\/toode\/rongaskaaned-bindy\/","title":{"rendered":"R\u00f5ngaskaaned BINDY"},"content":{"rendered":"<p>KOOR woodi kahe r\u00f5ngaga r\u00f5ngaskaaned on valmistatud k\u00f5rgema kvaliteediga kasevineerist. Bindy kaaned t\u00f6\u00f6tavad &#8220;elava hinge&#8221; meetodil, kujundus on hoolega l\u00e4bim\u00f5eldud ja materjali on pikaealisuse tagamiseks spetsiaalselt t\u00f6\u00f6deldud. Kaaned on k\u00e4sitsi lihvitud ja viimistletud.<\/p>\n<p>Bindy r\u00f5ngaskaaned on kena ja viisakas alternatiiv kontoritarvete kauplustes saadaolevatele r\u00f5ngaskaantele, mis on sageli valmistatud plastikust.<\/p>\n<p>&nbsp;<\/p>\n","protected":false},"excerpt":{"rendered":"<p>KOOR woodi kahe r\u00f5ngaga r\u00f5ngaskaaned on valmistatud k\u00f5rgema kvaliteediga kasevineerist. Bindy kaaned t\u00f6\u00f6tavad &#8220;elava hinge&#8221; meetodil, kujundus on hoolega l\u00e4bim\u00f5eldud [&hellip;]<\/p>\n","protected":false},"featured_media":40478,"template":"","meta":{"_acf_changed":false,"_exactmetrics_skip_tracking":false,"_exactmetrics_sitenote_active":false,"_exactmetrics_sitenote_note":"","_exactmetrics_sitenote_category":0,"jetpack_post_was_ever_published":false,"jetpack_publicize_message":"","jetpack_publicize_feature_enabled":true,"jetpack_social_post_already_shared":true,"jetpack_social_options":{"image_generator_settings":{"template":"highway","enabled":false},"version":2}},"product_brand":[],"product_cat":[270],"product_tag":[],"class_list":{"0":"post-40485","1":"product","2":"type-product","3":"status-publish","4":"has-post-thumbnail","6":"product_cat-kirjatarbed","8":"first","9":"instock","10":"taxable","11":"shipping-taxable","12":"purchasable","13":"product-type-variable"},"exclude_global_add_ons":false,"addons":[{"name":"V\u00c4RV","type":"multiple_choice","position":0,"required":true,"title_format":"label","default":"","description_enable":false,"description":"","placeholder_enable":false,"placeholder":"","display":"images","restrictions_type":"any_text","adjust_price":false,"price":"","price_type":"flat_fee","restrictions":false,"min":"0","max":"0","options":[{"label":"Valge","price":"","price_type":"flat_fee","image":40352,"visibility":true},{"label":"Punane Smaragd","price":"","price_type":"flat_fee","image":40344,"visibility":true},{"label":"Mururoheline","price":"","price_type":"flat_fee","image":40350,"visibility":true},{"label":"Rukkilillesinine","price":"","price_type":"flat_fee","image":40336,"visibility":true},{"label":"P\u00e4ikesekollane","price":"","price_type":"flat_fee","image":40348,"visibility":true},{"label":"Mandariinioran\u017e","price":"","price_type":"flat_fee","image":40346,"visibility":true},{"label":"P\u00e4hklipruun","price":"","price_type":"flat_fee","image":40342,"visibility":true},{"label":"Rosinapruun","price":"","price_type":"flat_fee","image":40340,"visibility":true},{"label":"Kohvipruun","price":"","price_type":"flat_fee","image":40354,"visibility":true},{"label":"Must","price":"","price_type":"flat_fee","image":40338,"visibility":true}]},{"name":"V\u00c4LJAL\u00d5IGE KAANEL","type":"multiple_choice","position":1,"required":true,"title_format":"label","default":"","description_enable":false,"description":"","placeholder_enable":false,"placeholder":"","display":"images","restrictions_type":"any_text","adjust_price":false,"price":"","price_type":"flat_fee","restrictions":false,"min":"0","max":"0","options":[{"label":"P\u00f5hjat\u00e4he v\u00e4ljal\u00f5ige","price":"","price_type":"flat_fee","image":41479,"visibility":true},{"label":"Ilma P\u00f5hjat\u00e4he v\u00e4ljal\u00f5iketa","price":"","price_type":"flat_fee","image":41477,"visibility":true}]},{"name":"Lisa graveeritav tekst - valikuline","type":"custom_text","position":2,"required":false,"title_format":"label","default":"","description_enable":false,"description":"","placeholder_enable":false,"placeholder":"","display":"select","restrictions_type":"any_text","adjust_price":true,"price":"3","price_type":"flat_fee","restrictions":true,"min":"0","max":"200","options":[]},{"name":"Graveeringu font - valikuline","type":"multiple_choice","position":3,"required":false,"title_format":"label","default":"","description_enable":false,"description":"","placeholder_enable":false,"placeholder":"","display":"images","restrictions_type":"any_text","adjust_price":false,"price":"","price_type":"flat_fee","restrictions":false,"min":"0","max":"0","options":[{"label":"Arvo","price":"","price_type":"flat_fee","image":40330,"visibility":true},{"label":"Quicksand","price":"","price_type":"flat_fee","image":40326,"visibility":true},{"label":"Alex brush","price":"","price_type":"flat_fee","image":40328,"visibility":true},{"label":"Six Caps","price":"","price_type":"flat_fee","image":40332,"visibility":true},{"label":"Helvetica","price":"","price_type":"flat_fee","image":40334,"visibility":true}]},{"name":"Lisa logo v\u00f5i pilt - valikuline (mitte foto)","type":"file_upload","position":4,"required":false,"title_format":"label","default":"","description_enable":false,"description":"","placeholder_enable":false,"placeholder":"","display":"select","restrictions_type":"any_text","adjust_price":true,"price":"5","price_type":"flat_fee","restrictions":false,"min":"0","max":"0","options":[]},{"name":"Graveeringu asukoht - valikuline","type":"multiple_choice","position":5,"required":false,"title_format":"label","default":"","description_enable":false,"description":"","placeholder_enable":false,"placeholder":"","display":"images","restrictions_type":"any_text","adjust_price":false,"price":"","price_type":"flat_fee","restrictions":false,"min":"0","max":"0","options":[{"label":"Esikaanel, kaane keskel","price":"","price_type":"flat_fee","image":41522,"visibility":true},{"label":"Esikaanel, all paremas servas","price":"","price_type":"flat_fee","image":41520,"visibility":true},{"label":"Esikaanel, all vasakus servas","price":"","price_type":"flat_fee","image":41516,"visibility":true},{"label":"Esikaanel, all keskel","price":"","price_type":"flat_fee","image":41518,"visibility":true},{"label":"Sisekaane nurgal","price":"","price_type":"flat_fee","image":41514,"visibility":true}]},{"name":"Kommentaarid tellimuse v\u00f5i kujunduse kohta \u2013 valikuline","type":"custom_text","position":6,"required":false,"title_format":"label","default":"","description_enable":false,"description":"","placeholder_enable":false,"placeholder":"","display":"select","restrictions_type":"any_text","adjust_price":false,"price":"100","price_type":"quantity_based","restrictions":false,"min":"0","max":"0","options":[]}],"jetpack_publicize_connections":[],"acf":[],"yoast_head":"<!-- This site is optimized with the Yoast SEO plugin v23.4 - https:\/\/yoast.com\/wordpress\/plugins\/seo\/ -->\n<title>Puidust r\u00f5ngaskaaned<\/title>\n<meta name=\"description\" content=\"Bindy r\u00f5ngaskaaned on kena ja viisakas alternatiiv kontoritarvete kauplustes saadaolevatele r\u00f5ngaskaantele, mis on sageli valmistatud plastikust.\" \/>\n<meta name=\"robots\" content=\"index, follow, max-snippet:-1, max-image-preview:large, max-video-preview:-1\" \/>\n<link rel=\"canonical\" href=\"https:\/\/koorwood.eu\/et\/toode\/rongaskaaned-bindy\/\" \/>\n<meta property=\"og:locale\" content=\"et_EE\" \/>\n<meta property=\"og:type\" content=\"article\" \/>\n<meta property=\"og:title\" content=\"Puidust r\u00f5ngaskaaned\" \/>\n<meta property=\"og:description\" content=\"Bindy r\u00f5ngaskaaned on kena ja viisakas alternatiiv kontoritarvete kauplustes saadaolevatele r\u00f5ngaskaantele, mis on sageli valmistatud plastikust.\" \/>\n<meta property=\"og:url\" content=\"https:\/\/koorwood.eu\/et\/toode\/rongaskaaned-bindy\/\" \/>\n<meta property=\"og:site_name\" content=\"KOOR wood\" \/>\n<meta property=\"article:publisher\" content=\"https:\/\/www.facebook.com\/KOORwoodEesti\/\" \/>\n<meta property=\"article:modified_time\" content=\"2022-02-08T10:50:02+00:00\" \/>\n<meta property=\"og:image\" content=\"https:\/\/i0.wp.com\/koorwood.eu\/wp-content\/uploads\/2021\/05\/binder-bindy-rongaskaaned-kaust-kaaned-covers-plywood-koorwood.png?fit=700%2C700&ssl=1\" \/>\n\t<meta property=\"og:image:width\" content=\"700\" \/>\n\t<meta property=\"og:image:height\" content=\"700\" \/>\n\t<meta property=\"og:image:type\" content=\"image\/png\" \/>\n<meta name=\"twitter:card\" content=\"summary_large_image\" \/>\n<meta name=\"twitter:label1\" content=\"Est. reading time\" \/>\n\t<meta name=\"twitter:data1\" content=\"1 minut\" \/>\n<script type=\"application\/ld+json\" class=\"yoast-schema-graph\">{\"@context\":\"https:\/\/schema.org\",\"@graph\":[{\"@type\":\"WebPage\",\"@id\":\"https:\/\/koorwood.eu\/et\/toode\/rongaskaaned-bindy\/\",\"url\":\"https:\/\/koorwood.eu\/et\/toode\/rongaskaaned-bindy\/\",\"name\":\"Puidust r\u00f5ngaskaaned\",\"isPartOf\":{\"@id\":\"https:\/\/koorwood.eu\/et\/#website\"},\"primaryImageOfPage\":{\"@id\":\"https:\/\/koorwood.eu\/et\/toode\/rongaskaaned-bindy\/#primaryimage\"},\"image\":{\"@id\":\"https:\/\/koorwood.eu\/et\/toode\/rongaskaaned-bindy\/#primaryimage\"},\"thumbnailUrl\":\"https:\/\/koorwood.eu\/wp-content\/uploads\/2021\/05\/binder-bindy-rongaskaaned-kaust-kaaned-covers-plywood-koorwood.png\",\"datePublished\":\"2021-05-24T13:46:02+00:00\",\"dateModified\":\"2022-02-08T10:50:02+00:00\",\"description\":\"Bindy r\u00f5ngaskaaned on kena ja viisakas alternatiiv kontoritarvete kauplustes saadaolevatele r\u00f5ngaskaantele, mis on sageli valmistatud plastikust.\",\"breadcrumb\":{\"@id\":\"https:\/\/koorwood.eu\/et\/toode\/rongaskaaned-bindy\/#breadcrumb\"},\"inLanguage\":\"et\",\"potentialAction\":[{\"@type\":\"ReadAction\",\"target\":[\"https:\/\/koorwood.eu\/et\/toode\/rongaskaaned-bindy\/\"]}]},{\"@type\":\"ImageObject\",\"inLanguage\":\"et\",\"@id\":\"https:\/\/koorwood.eu\/et\/toode\/rongaskaaned-bindy\/#primaryimage\",\"url\":\"https:\/\/koorwood.eu\/wp-content\/uploads\/2021\/05\/binder-bindy-rongaskaaned-kaust-kaaned-covers-plywood-koorwood.png\",\"contentUrl\":\"https:\/\/koorwood.eu\/wp-content\/uploads\/2021\/05\/binder-bindy-rongaskaaned-kaust-kaaned-covers-plywood-koorwood.png\",\"width\":700,\"height\":700,\"caption\":\"Bindy r\u00f5ngaskaaned on valmistatud k\u00f5rgema kvaliteediga kasevineerist k\u00e4sitsi lihvitud ja viimistletud\"},{\"@type\":\"BreadcrumbList\",\"@id\":\"https:\/\/koorwood.eu\/et\/toode\/rongaskaaned-bindy\/#breadcrumb\",\"itemListElement\":[{\"@type\":\"ListItem\",\"position\":1,\"name\":\"Home\",\"item\":\"https:\/\/koorwood.eu\/et\/\"},{\"@type\":\"ListItem\",\"position\":2,\"name\":\"Shop\",\"item\":\"https:\/\/koorwood.eu\/et\/shop\/\"},{\"@type\":\"ListItem\",\"position\":3,\"name\":\"R\u00f5ngaskaaned BINDY\"}]},{\"@type\":\"WebSite\",\"@id\":\"https:\/\/koorwood.eu\/et\/#website\",\"url\":\"https:\/\/koorwood.eu\/et\/\",\"name\":\"KOOR wood\",\"description\":\"a bit of nature at your side\",\"publisher\":{\"@id\":\"https:\/\/koorwood.eu\/et\/#organization\"},\"potentialAction\":[{\"@type\":\"SearchAction\",\"target\":{\"@type\":\"EntryPoint\",\"urlTemplate\":\"https:\/\/koorwood.eu\/et\/?s={search_term_string}\"},\"query-input\":{\"@type\":\"PropertyValueSpecification\",\"valueRequired\":true,\"valueName\":\"search_term_string\"}}],\"inLanguage\":\"et\"},{\"@type\":\"Organization\",\"@id\":\"https:\/\/koorwood.eu\/et\/#organization\",\"name\":\"KOOR wood\",\"url\":\"https:\/\/koorwood.eu\/et\/\",\"logo\":{\"@type\":\"ImageObject\",\"inLanguage\":\"et\",\"@id\":\"https:\/\/koorwood.eu\/et\/#\/schema\/logo\/image\/\",\"url\":\"https:\/\/i1.wp.com\/koorwood.eu\/wp-content\/uploads\/2020\/03\/KOOR-wood-a-bit-of-nature-in-Your-pocket-logo-244x82-1.png?fit=244%2C82&ssl=1\",\"contentUrl\":\"https:\/\/i1.wp.com\/koorwood.eu\/wp-content\/uploads\/2020\/03\/KOOR-wood-a-bit-of-nature-in-Your-pocket-logo-244x82-1.png?fit=244%2C82&ssl=1\",\"width\":244,\"height\":82,\"caption\":\"KOOR wood\"},\"image\":{\"@id\":\"https:\/\/koorwood.eu\/et\/#\/schema\/logo\/image\/\"},\"sameAs\":[\"https:\/\/www.facebook.com\/KOORwoodEesti\/\",\"https:\/\/www.instagram.com\/koor_wood\/\",\"https:\/\/ee.linkedin.com\/company\/koor-wood\",\"https:\/\/www.pinterest.com\/koorwood\/\",\"https:\/\/www.youtube.com\/channel\/UCHEstdKMn-jOYJYqhFRL_og\"]}]}<\/script>\n<!-- \/ Yoast SEO plugin. -->","yoast_head_json":{"title":"Puidust r\u00f5ngaskaaned","description":"Bindy r\u00f5ngaskaaned on kena ja viisakas alternatiiv kontoritarvete kauplustes saadaolevatele r\u00f5ngaskaantele, mis on sageli valmistatud plastikust.","robots":{"index":"index","follow":"follow","max-snippet":"max-snippet:-1","max-image-preview":"max-image-preview:large","max-video-preview":"max-video-preview:-1"},"canonical":"https:\/\/koorwood.eu\/et\/toode\/rongaskaaned-bindy\/","og_locale":"et_EE","og_type":"article","og_title":"Puidust r\u00f5ngaskaaned","og_description":"Bindy r\u00f5ngaskaaned on kena ja viisakas alternatiiv kontoritarvete kauplustes saadaolevatele r\u00f5ngaskaantele, mis on sageli valmistatud plastikust.","og_url":"https:\/\/koorwood.eu\/et\/toode\/rongaskaaned-bindy\/","og_site_name":"KOOR wood","article_publisher":"https:\/\/www.facebook.com\/KOORwoodEesti\/","article_modified_time":"2022-02-08T10:50:02+00:00","og_image":[{"width":700,"height":700,"url":"https:\/\/i0.wp.com\/koorwood.eu\/wp-content\/uploads\/2021\/05\/binder-bindy-rongaskaaned-kaust-kaaned-covers-plywood-koorwood.png?fit=700%2C700&ssl=1","type":"image\/png"}],"twitter_card":"summary_large_image","twitter_misc":{"Est. reading time":"1 minut"},"schema":{"@context":"https:\/\/schema.org","@graph":[{"@type":"WebPage","@id":"https:\/\/koorwood.eu\/et\/toode\/rongaskaaned-bindy\/","url":"https:\/\/koorwood.eu\/et\/toode\/rongaskaaned-bindy\/","name":"Puidust r\u00f5ngaskaaned","isPartOf":{"@id":"https:\/\/koorwood.eu\/et\/#website"},"primaryImageOfPage":{"@id":"https:\/\/koorwood.eu\/et\/toode\/rongaskaaned-bindy\/#primaryimage"},"image":{"@id":"https:\/\/koorwood.eu\/et\/toode\/rongaskaaned-bindy\/#primaryimage"},"thumbnailUrl":"https:\/\/koorwood.eu\/wp-content\/uploads\/2021\/05\/binder-bindy-rongaskaaned-kaust-kaaned-covers-plywood-koorwood.png","datePublished":"2021-05-24T13:46:02+00:00","dateModified":"2022-02-08T10:50:02+00:00","description":"Bindy r\u00f5ngaskaaned on kena ja viisakas alternatiiv kontoritarvete kauplustes saadaolevatele r\u00f5ngaskaantele, mis on sageli valmistatud plastikust.","breadcrumb":{"@id":"https:\/\/koorwood.eu\/et\/toode\/rongaskaaned-bindy\/#breadcrumb"},"inLanguage":"et","potentialAction":[{"@type":"ReadAction","target":["https:\/\/koorwood.eu\/et\/toode\/rongaskaaned-bindy\/"]}]},{"@type":"ImageObject","inLanguage":"et","@id":"https:\/\/koorwood.eu\/et\/toode\/rongaskaaned-bindy\/#primaryimage","url":"https:\/\/koorwood.eu\/wp-content\/uploads\/2021\/05\/binder-bindy-rongaskaaned-kaust-kaaned-covers-plywood-koorwood.png","contentUrl":"https:\/\/koorwood.eu\/wp-content\/uploads\/2021\/05\/binder-bindy-rongaskaaned-kaust-kaaned-covers-plywood-koorwood.png","width":700,"height":700,"caption":"Bindy r\u00f5ngaskaaned on valmistatud k\u00f5rgema kvaliteediga kasevineerist k\u00e4sitsi lihvitud ja viimistletud"},{"@type":"BreadcrumbList","@id":"https:\/\/koorwood.eu\/et\/toode\/rongaskaaned-bindy\/#breadcrumb","itemListElement":[{"@type":"ListItem","position":1,"name":"Home","item":"https:\/\/koorwood.eu\/et\/"},{"@type":"ListItem","position":2,"name":"Shop","item":"https:\/\/koorwood.eu\/et\/shop\/"},{"@type":"ListItem","position":3,"name":"R\u00f5ngaskaaned BINDY"}]},{"@type":"WebSite","@id":"https:\/\/koorwood.eu\/et\/#website","url":"https:\/\/koorwood.eu\/et\/","name":"KOOR wood","description":"a bit of nature at your side","publisher":{"@id":"https:\/\/koorwood.eu\/et\/#organization"},"potentialAction":[{"@type":"SearchAction","target":{"@type":"EntryPoint","urlTemplate":"https:\/\/koorwood.eu\/et\/?s={search_term_string}"},"query-input":{"@type":"PropertyValueSpecification","valueRequired":true,"valueName":"search_term_string"}}],"inLanguage":"et"},{"@type":"Organization","@id":"https:\/\/koorwood.eu\/et\/#organization","name":"KOOR wood","url":"https:\/\/koorwood.eu\/et\/","logo":{"@type":"ImageObject","inLanguage":"et","@id":"https:\/\/koorwood.eu\/et\/#\/schema\/logo\/image\/","url":"https:\/\/i1.wp.com\/koorwood.eu\/wp-content\/uploads\/2020\/03\/KOOR-wood-a-bit-of-nature-in-Your-pocket-logo-244x82-1.png?fit=244%2C82&ssl=1","contentUrl":"https:\/\/i1.wp.com\/koorwood.eu\/wp-content\/uploads\/2020\/03\/KOOR-wood-a-bit-of-nature-in-Your-pocket-logo-244x82-1.png?fit=244%2C82&ssl=1","width":244,"height":82,"caption":"KOOR wood"},"image":{"@id":"https:\/\/koorwood.eu\/et\/#\/schema\/logo\/image\/"},"sameAs":["https:\/\/www.facebook.com\/KOORwoodEesti\/","https:\/\/www.instagram.com\/koor_wood\/","https:\/\/ee.linkedin.com\/company\/koor-wood","https:\/\/www.pinterest.com\/koorwood\/","https:\/\/www.youtube.com\/channel\/UCHEstdKMn-jOYJYqhFRL_og"]}]}},"jetpack_sharing_enabled":true,"_links":{"self":[{"href":"https:\/\/koorwood.eu\/et\/wp-json\/wp\/v2\/product\/40485"}],"collection":[{"href":"https:\/\/koorwood.eu\/et\/wp-json\/wp\/v2\/product"}],"about":[{"href":"https:\/\/koorwood.eu\/et\/wp-json\/wp\/v2\/types\/product"}],"wp:featuredmedia":[{"embeddable":true,"href":"https:\/\/koorwood.eu\/et\/wp-json\/wp\/v2\/media\/40478"}],"wp:attachment":[{"href":"https:\/\/koorwood.eu\/et\/wp-json\/wp\/v2\/media?parent=40485"}],"wp:term":[{"taxonomy":"product_brand","embeddable":true,"href":"https:\/\/koorwood.eu\/et\/wp-json\/wp\/v2\/product_brand?post=40485"},{"taxonomy":"product_cat","embeddable":true,"href":"https:\/\/koorwood.eu\/et\/wp-json\/wp\/v2\/product_cat?post=40485"},{"taxonomy":"product_tag","embeddable":true,"href":"https:\/\/koorwood.eu\/et\/wp-json\/wp\/v2\/product_tag?post=40485"}],"curies":[{"name":"wp","href":"https:\/\/api.w.org\/{rel}","templated":true}]}}