{"id":41495,"date":"2021-05-26T13:06:49","date_gmt":"2021-05-26T10:06:50","guid":{"rendered":"https:\/\/koorwood.eu\/?post_type=product&#038;p=41495"},"modified":"2022-02-08T11:30:43","modified_gmt":"2022-02-08T09:30:43","slug":"kalendermarkmik-nadalaplaneerija-jotty","status":"publish","type":"product","link":"https:\/\/koorwood.eu\/et\/toode\/kalendermarkmik-nadalaplaneerija-jotty\/","title":{"rendered":"Kalenderm\u00e4rkmik n\u00e4dalaplaneerija JOTTY"},"content":{"rendered":"<p>KOOR wood m\u00e4rkmiku kaaned t\u00f6\u00f6tavad \u201celava hinge\u201d meetodil ja on valmistatud k\u00f5rgema kvaliteediga kasevineerist. Kujundus on hoolega l\u00e4bim\u00f5eldud ja materjali on pikaealisuse tagamiseks spetsiaalselt t\u00f6\u00f6deldud. Kaaned on k\u00e4sitsi lihvitud ja viimistletud. Esikaane sisek\u00fcljel on nurk, kuhu vahele saad pista lahtiseid lehti, m\u00e4rkmepabereid v\u00f5i visiitkaarte. M\u00e4rkmiku paremal k\u00fcljel on elastsest kummipaelast pliiatsihoidja, mis Sinu meelep\u00e4rast kirjapulka ilusti m\u00e4rkmiku juures hoiab. A4 formaadis m\u00e4rkmikul on neid lausa kaks!<\/p>\n<p>Alates 2017. aasta juunist kasutame paberina \u00fcmbert\u00f6\u00f6deldud paberit. Kui m\u00e4rkmik on t\u00e4is soditud, on v\u00e4ga lihtne paber v\u00e4lja vahetada!<\/p>\n<h3>Eritellimus:<\/h3>\n<ol>\n<li>Vali m\u00e4rkmiku formaat<\/li>\n<li>Vali meelep\u00e4rane kaante v\u00e4rv<\/li>\n<li>Vali grveeritav pilt v\u00f5i logo (graveeringu suurus ei tohiks olla suurem kui 1\/4 kaane suurusest)<\/li>\n<li>Vali kogus<\/li>\n<li>Kinnita tellimus<\/li>\n<\/ol>\n<p>M\u00e4rkmikud on saadaval ka <a href=\"https:\/\/koorwood.eu\/et\/toode\/markmik-tuhjade-lehtedega-jotty\/\">t\u00fchjade<\/a> ja <a href=\"https:\/\/koorwood.eu\/et\/toode\/markmik-jotty-jooneline\/\">jooneliste<\/a> lehtedega.<\/p>\n","protected":false},"excerpt":{"rendered":"<p>Kas oled kunagi paberit ja pliiatsit k\u00e4tte v\u00f5ttes tundnud, kuidas loovus l\u00e4bi su keha voolab? Haara meie puidust m\u00e4rkmik, Jotty, ja omale meelep\u00e4rane kirjapulk, mine loodusesse v\u00f5i t\u00f5mba diivanile kerra ja lase ideedel lennata. Teler ja telefon v\u00f5ivad oodata &#8211; loomingulised m\u00f5tted aga mitte!<\/p>\n<p>KOOR m\u00e4rkmik on m\u00f5eldud nendele inimestele, kes endiselt v\u00e4\u00e4rtustavad analoogmaailma &#8211; k\u00e4sitsi joonistamist ja kirjutamist.<\/p>\n<p>Jotty m\u00e4rkmiku sisuks on saadaval n\u00e4dalaplaneerija, t\u00fchjade v\u00f5i jooneliste lehtedega m\u00e4rkmik.<\/p>\n","protected":false},"featured_media":40812,"template":"","meta":{"_acf_changed":false,"_exactmetrics_skip_tracking":false,"_exactmetrics_sitenote_active":false,"_exactmetrics_sitenote_note":"","_exactmetrics_sitenote_category":0,"jetpack_post_was_ever_published":false,"jetpack_publicize_message":"","jetpack_publicize_feature_enabled":true,"jetpack_social_post_already_shared":true,"jetpack_social_options":{"image_generator_settings":{"template":"highway","enabled":false},"version":2}},"product_brand":[],"product_cat":[270],"product_tag":[],"class_list":{"0":"post-41495","1":"product","2":"type-product","3":"status-publish","4":"has-post-thumbnail","6":"product_cat-kirjatarbed","8":"first","9":"instock","10":"taxable","11":"shipping-taxable","12":"purchasable","13":"product-type-variable"},"exclude_global_add_ons":false,"addons":[{"name":"KAANTE V\u00c4RV","type":"multiple_choice","position":0,"required":true,"title_format":"label","default":"","description_enable":false,"description":"","placeholder_enable":false,"placeholder":"","display":"images","restrictions_type":"any_text","adjust_price":false,"price":"","price_type":"flat_fee","restrictions":false,"min":"0","max":"0","options":[{"label":"Valge","price":"","price_type":"flat_fee","image":40352,"visibility":true},{"label":"Punane Smaragd","price":"","price_type":"flat_fee","image":40344,"visibility":true},{"label":"Mururoheline","price":"","price_type":"flat_fee","image":40350,"visibility":true},{"label":"Rukkilillesinine","price":"","price_type":"flat_fee","image":40336,"visibility":true},{"label":"P\u00e4ikesekollane","price":"","price_type":"flat_fee","image":40348,"visibility":true},{"label":"Mandariinioran\u017e","price":"","price_type":"flat_fee","image":40346,"visibility":true},{"label":"P\u00e4hklipruun","price":"","price_type":"flat_fee","image":40342,"visibility":true},{"label":"Rosinapruun","price":"","price_type":"flat_fee","image":41477,"visibility":true},{"label":"Kohvirpuun","price":"","price_type":"flat_fee","image":40354,"visibility":true},{"label":"Must","price":"","price_type":"flat_fee","image":40338,"visibility":true}]},{"name":"V\u00c4LJAL\u00d5IGE KAANEL","type":"multiple_choice","position":1,"required":true,"title_format":"label","default":"","description_enable":false,"description":"","placeholder_enable":false,"placeholder":"","display":"images","restrictions_type":"any_text","adjust_price":false,"price":"","price_type":"flat_fee","restrictions":false,"min":"0","max":"0","options":[{"label":"P\u00f5hjat\u00e4he v\u00e4ljal\u00f5ige","price":"","price_type":"flat_fee","image":41479,"visibility":true},{"label":"Ilma P\u00f5hjat\u00e4he v\u00e4ljal\u00f5iketa","price":"","price_type":"flat_fee","image":41477,"visibility":true}]},{"name":"Lisa graveeritav tekst - valikuline","type":"custom_text","position":2,"required":false,"title_format":"label","default":"","description_enable":false,"description":"","placeholder_enable":false,"placeholder":"","display":"select","restrictions_type":"any_text","adjust_price":true,"price":"3","price_type":"flat_fee","restrictions":true,"min":"0","max":"200","options":[]},{"name":"Graveeringu font - valikuline","type":"multiple_choice","position":3,"required":false,"title_format":"label","default":"","description_enable":false,"description":"","placeholder_enable":false,"placeholder":"","display":"images","restrictions_type":"any_text","adjust_price":false,"price":"","price_type":"flat_fee","restrictions":false,"min":"0","max":"0","options":[{"label":"Arvo","price":"","price_type":"flat_fee","image":40330,"visibility":true},{"label":"Quicksand","price":"","price_type":"flat_fee","image":40326,"visibility":true},{"label":"Alex brush","price":"","price_type":"flat_fee","image":40328,"visibility":true},{"label":"Six Caps","price":"","price_type":"flat_fee","image":40332,"visibility":true},{"label":"Helvetica","price":"","price_type":"flat_fee","image":40334,"visibility":true}]},{"name":"Lisa logo v\u00f5i pilt - valikuline (mitte foto)","type":"file_upload","position":4,"required":false,"title_format":"label","default":"","description_enable":false,"description":"","placeholder_enable":false,"placeholder":"","display":"select","restrictions_type":"any_text","adjust_price":true,"price":"5","price_type":"flat_fee","restrictions":false,"min":"0","max":"0","options":[]},{"name":"Graveeringu asukoht","type":"multiple_choice","position":5,"required":false,"title_format":"label","default":"","description_enable":false,"description":"","placeholder_enable":false,"placeholder":"","display":"images","restrictions_type":"any_text","adjust_price":false,"price":"","price_type":"flat_fee","restrictions":false,"min":"0","max":"0","options":[{"label":"Esikaanel, kaane keskel","price":"","price_type":"flat_fee","image":40519,"visibility":true},{"label":"Esikaanel, all paremas servas","price":"","price_type":"flat_fee","image":40529,"visibility":true},{"label":"Esikaanel, all vasakus servas","price":"","price_type":"flat_fee","image":40525,"visibility":true},{"label":"Esikaanel, all keskel","price":"","price_type":"flat_fee","image":40527,"visibility":true},{"label":"Sisekaane nurgal","price":"","price_type":"flat_fee","image":41471,"visibility":true}]},{"name":"Kommentaarid tellimuse v\u00f5i kujunduse kohta \u2013 valikuline","type":"custom_text","position":6,"required":false,"title_format":"label","default":"","description_enable":false,"description":"","placeholder_enable":false,"placeholder":"","display":"select","restrictions_type":"any_text","adjust_price":false,"price":"100","price_type":"quantity_based","restrictions":false,"min":"0","max":"0","options":[]}],"jetpack_publicize_connections":[],"acf":[],"yoast_head":"<!-- This site is optimized with the Yoast SEO plugin v23.4 - https:\/\/yoast.com\/wordpress\/plugins\/seo\/ -->\n<title>Puidust kaantega m\u00e4rkmik | N\u00e4dalaplaneerija | KOOR wood<\/title>\n<meta name=\"description\" content=\"M\u00e4rkmiku kaaned on valmistatud k\u00f5rgema klassi kasevineerist, k\u00e4sitsi lihvitud ja viimistletud. Vali endale sobiv viimistlus ja graveering.\" \/>\n<meta name=\"robots\" content=\"index, follow, max-snippet:-1, max-image-preview:large, max-video-preview:-1\" \/>\n<link rel=\"canonical\" href=\"https:\/\/koorwood.eu\/et\/toode\/kalendermarkmik-nadalaplaneerija-jotty\/\" \/>\n<meta property=\"og:locale\" content=\"et_EE\" \/>\n<meta property=\"og:type\" content=\"article\" \/>\n<meta property=\"og:title\" content=\"Puidust kaantega m\u00e4rkmik | N\u00e4dalaplaneerija | KOOR wood\" \/>\n<meta property=\"og:description\" content=\"M\u00e4rkmiku kaaned on valmistatud k\u00f5rgema klassi kasevineerist, k\u00e4sitsi lihvitud ja viimistletud. Vali endale sobiv viimistlus ja graveering.\" \/>\n<meta property=\"og:url\" content=\"https:\/\/koorwood.eu\/et\/toode\/kalendermarkmik-nadalaplaneerija-jotty\/\" \/>\n<meta property=\"og:site_name\" content=\"KOOR wood\" \/>\n<meta property=\"article:publisher\" content=\"https:\/\/www.facebook.com\/KOORwoodEesti\/\" \/>\n<meta property=\"article:modified_time\" content=\"2022-02-08T09:30:43+00:00\" \/>\n<meta property=\"og:image\" content=\"https:\/\/i0.wp.com\/koorwood.eu\/wp-content\/uploads\/2021\/05\/b6-markmik-b6-notebook-weekly-planner-nadalaplaneerija-puidust-kaantega-markmik-graveeringuga-markmik-engraved-engraving-wooden-covers-koorwood.png?fit=700%2C700&ssl=1\" \/>\n\t<meta property=\"og:image:width\" content=\"700\" \/>\n\t<meta property=\"og:image:height\" content=\"700\" \/>\n\t<meta property=\"og:image:type\" content=\"image\/png\" \/>\n<meta name=\"twitter:card\" content=\"summary_large_image\" \/>\n<meta name=\"twitter:label1\" content=\"Est. reading time\" \/>\n\t<meta name=\"twitter:data1\" content=\"1 minut\" \/>\n<script type=\"application\/ld+json\" class=\"yoast-schema-graph\">{\"@context\":\"https:\/\/schema.org\",\"@graph\":[{\"@type\":\"WebPage\",\"@id\":\"https:\/\/koorwood.eu\/et\/toode\/kalendermarkmik-nadalaplaneerija-jotty\/\",\"url\":\"https:\/\/koorwood.eu\/et\/toode\/kalendermarkmik-nadalaplaneerija-jotty\/\",\"name\":\"Puidust kaantega m\u00e4rkmik | N\u00e4dalaplaneerija | KOOR wood\",\"isPartOf\":{\"@id\":\"https:\/\/koorwood.eu\/et\/#website\"},\"primaryImageOfPage\":{\"@id\":\"https:\/\/koorwood.eu\/et\/toode\/kalendermarkmik-nadalaplaneerija-jotty\/#primaryimage\"},\"image\":{\"@id\":\"https:\/\/koorwood.eu\/et\/toode\/kalendermarkmik-nadalaplaneerija-jotty\/#primaryimage\"},\"thumbnailUrl\":\"https:\/\/koorwood.eu\/wp-content\/uploads\/2021\/05\/b6-markmik-b6-notebook-weekly-planner-nadalaplaneerija-puidust-kaantega-markmik-graveeringuga-markmik-engraved-engraving-wooden-covers-koorwood.png\",\"datePublished\":\"2021-05-26T10:06:50+00:00\",\"dateModified\":\"2022-02-08T09:30:43+00:00\",\"description\":\"M\u00e4rkmiku kaaned on valmistatud k\u00f5rgema klassi kasevineerist, k\u00e4sitsi lihvitud ja viimistletud. Vali endale sobiv viimistlus ja graveering.\",\"breadcrumb\":{\"@id\":\"https:\/\/koorwood.eu\/et\/toode\/kalendermarkmik-nadalaplaneerija-jotty\/#breadcrumb\"},\"inLanguage\":\"et\",\"potentialAction\":[{\"@type\":\"ReadAction\",\"target\":[\"https:\/\/koorwood.eu\/et\/toode\/kalendermarkmik-nadalaplaneerija-jotty\/\"]}]},{\"@type\":\"ImageObject\",\"inLanguage\":\"et\",\"@id\":\"https:\/\/koorwood.eu\/et\/toode\/kalendermarkmik-nadalaplaneerija-jotty\/#primaryimage\",\"url\":\"https:\/\/koorwood.eu\/wp-content\/uploads\/2021\/05\/b6-markmik-b6-notebook-weekly-planner-nadalaplaneerija-puidust-kaantega-markmik-graveeringuga-markmik-engraved-engraving-wooden-covers-koorwood.png\",\"contentUrl\":\"https:\/\/koorwood.eu\/wp-content\/uploads\/2021\/05\/b6-markmik-b6-notebook-weekly-planner-nadalaplaneerija-puidust-kaantega-markmik-graveeringuga-markmik-engraved-engraving-wooden-covers-koorwood.png\",\"width\":700,\"height\":700,\"caption\":\"Puidust kaantega m\u00e4rkmik JOTTY\"},{\"@type\":\"BreadcrumbList\",\"@id\":\"https:\/\/koorwood.eu\/et\/toode\/kalendermarkmik-nadalaplaneerija-jotty\/#breadcrumb\",\"itemListElement\":[{\"@type\":\"ListItem\",\"position\":1,\"name\":\"Home\",\"item\":\"https:\/\/koorwood.eu\/et\/\"},{\"@type\":\"ListItem\",\"position\":2,\"name\":\"Shop\",\"item\":\"https:\/\/koorwood.eu\/et\/shop\/\"},{\"@type\":\"ListItem\",\"position\":3,\"name\":\"Kalenderm\u00e4rkmik n\u00e4dalaplaneerija JOTTY\"}]},{\"@type\":\"WebSite\",\"@id\":\"https:\/\/koorwood.eu\/et\/#website\",\"url\":\"https:\/\/koorwood.eu\/et\/\",\"name\":\"KOOR wood\",\"description\":\"a bit of nature at your side\",\"publisher\":{\"@id\":\"https:\/\/koorwood.eu\/et\/#organization\"},\"potentialAction\":[{\"@type\":\"SearchAction\",\"target\":{\"@type\":\"EntryPoint\",\"urlTemplate\":\"https:\/\/koorwood.eu\/et\/?s={search_term_string}\"},\"query-input\":{\"@type\":\"PropertyValueSpecification\",\"valueRequired\":true,\"valueName\":\"search_term_string\"}}],\"inLanguage\":\"et\"},{\"@type\":\"Organization\",\"@id\":\"https:\/\/koorwood.eu\/et\/#organization\",\"name\":\"KOOR wood\",\"url\":\"https:\/\/koorwood.eu\/et\/\",\"logo\":{\"@type\":\"ImageObject\",\"inLanguage\":\"et\",\"@id\":\"https:\/\/koorwood.eu\/et\/#\/schema\/logo\/image\/\",\"url\":\"https:\/\/i1.wp.com\/koorwood.eu\/wp-content\/uploads\/2020\/03\/KOOR-wood-a-bit-of-nature-in-Your-pocket-logo-244x82-1.png?fit=244%2C82&ssl=1\",\"contentUrl\":\"https:\/\/i1.wp.com\/koorwood.eu\/wp-content\/uploads\/2020\/03\/KOOR-wood-a-bit-of-nature-in-Your-pocket-logo-244x82-1.png?fit=244%2C82&ssl=1\",\"width\":244,\"height\":82,\"caption\":\"KOOR wood\"},\"image\":{\"@id\":\"https:\/\/koorwood.eu\/et\/#\/schema\/logo\/image\/\"},\"sameAs\":[\"https:\/\/www.facebook.com\/KOORwoodEesti\/\",\"https:\/\/www.instagram.com\/koor_wood\/\",\"https:\/\/ee.linkedin.com\/company\/koor-wood\",\"https:\/\/www.pinterest.com\/koorwood\/\",\"https:\/\/www.youtube.com\/channel\/UCHEstdKMn-jOYJYqhFRL_og\"]}]}<\/script>\n<!-- \/ Yoast SEO plugin. -->","yoast_head_json":{"title":"Puidust kaantega m\u00e4rkmik | N\u00e4dalaplaneerija | KOOR wood","description":"M\u00e4rkmiku kaaned on valmistatud k\u00f5rgema klassi kasevineerist, k\u00e4sitsi lihvitud ja viimistletud. Vali endale sobiv viimistlus ja graveering.","robots":{"index":"index","follow":"follow","max-snippet":"max-snippet:-1","max-image-preview":"max-image-preview:large","max-video-preview":"max-video-preview:-1"},"canonical":"https:\/\/koorwood.eu\/et\/toode\/kalendermarkmik-nadalaplaneerija-jotty\/","og_locale":"et_EE","og_type":"article","og_title":"Puidust kaantega m\u00e4rkmik | N\u00e4dalaplaneerija | KOOR wood","og_description":"M\u00e4rkmiku kaaned on valmistatud k\u00f5rgema klassi kasevineerist, k\u00e4sitsi lihvitud ja viimistletud. Vali endale sobiv viimistlus ja graveering.","og_url":"https:\/\/koorwood.eu\/et\/toode\/kalendermarkmik-nadalaplaneerija-jotty\/","og_site_name":"KOOR wood","article_publisher":"https:\/\/www.facebook.com\/KOORwoodEesti\/","article_modified_time":"2022-02-08T09:30:43+00:00","og_image":[{"width":700,"height":700,"url":"https:\/\/i0.wp.com\/koorwood.eu\/wp-content\/uploads\/2021\/05\/b6-markmik-b6-notebook-weekly-planner-nadalaplaneerija-puidust-kaantega-markmik-graveeringuga-markmik-engraved-engraving-wooden-covers-koorwood.png?fit=700%2C700&ssl=1","type":"image\/png"}],"twitter_card":"summary_large_image","twitter_misc":{"Est. reading time":"1 minut"},"schema":{"@context":"https:\/\/schema.org","@graph":[{"@type":"WebPage","@id":"https:\/\/koorwood.eu\/et\/toode\/kalendermarkmik-nadalaplaneerija-jotty\/","url":"https:\/\/koorwood.eu\/et\/toode\/kalendermarkmik-nadalaplaneerija-jotty\/","name":"Puidust kaantega m\u00e4rkmik | N\u00e4dalaplaneerija | KOOR wood","isPartOf":{"@id":"https:\/\/koorwood.eu\/et\/#website"},"primaryImageOfPage":{"@id":"https:\/\/koorwood.eu\/et\/toode\/kalendermarkmik-nadalaplaneerija-jotty\/#primaryimage"},"image":{"@id":"https:\/\/koorwood.eu\/et\/toode\/kalendermarkmik-nadalaplaneerija-jotty\/#primaryimage"},"thumbnailUrl":"https:\/\/koorwood.eu\/wp-content\/uploads\/2021\/05\/b6-markmik-b6-notebook-weekly-planner-nadalaplaneerija-puidust-kaantega-markmik-graveeringuga-markmik-engraved-engraving-wooden-covers-koorwood.png","datePublished":"2021-05-26T10:06:50+00:00","dateModified":"2022-02-08T09:30:43+00:00","description":"M\u00e4rkmiku kaaned on valmistatud k\u00f5rgema klassi kasevineerist, k\u00e4sitsi lihvitud ja viimistletud. Vali endale sobiv viimistlus ja graveering.","breadcrumb":{"@id":"https:\/\/koorwood.eu\/et\/toode\/kalendermarkmik-nadalaplaneerija-jotty\/#breadcrumb"},"inLanguage":"et","potentialAction":[{"@type":"ReadAction","target":["https:\/\/koorwood.eu\/et\/toode\/kalendermarkmik-nadalaplaneerija-jotty\/"]}]},{"@type":"ImageObject","inLanguage":"et","@id":"https:\/\/koorwood.eu\/et\/toode\/kalendermarkmik-nadalaplaneerija-jotty\/#primaryimage","url":"https:\/\/koorwood.eu\/wp-content\/uploads\/2021\/05\/b6-markmik-b6-notebook-weekly-planner-nadalaplaneerija-puidust-kaantega-markmik-graveeringuga-markmik-engraved-engraving-wooden-covers-koorwood.png","contentUrl":"https:\/\/koorwood.eu\/wp-content\/uploads\/2021\/05\/b6-markmik-b6-notebook-weekly-planner-nadalaplaneerija-puidust-kaantega-markmik-graveeringuga-markmik-engraved-engraving-wooden-covers-koorwood.png","width":700,"height":700,"caption":"Puidust kaantega m\u00e4rkmik JOTTY"},{"@type":"BreadcrumbList","@id":"https:\/\/koorwood.eu\/et\/toode\/kalendermarkmik-nadalaplaneerija-jotty\/#breadcrumb","itemListElement":[{"@type":"ListItem","position":1,"name":"Home","item":"https:\/\/koorwood.eu\/et\/"},{"@type":"ListItem","position":2,"name":"Shop","item":"https:\/\/koorwood.eu\/et\/shop\/"},{"@type":"ListItem","position":3,"name":"Kalenderm\u00e4rkmik n\u00e4dalaplaneerija JOTTY"}]},{"@type":"WebSite","@id":"https:\/\/koorwood.eu\/et\/#website","url":"https:\/\/koorwood.eu\/et\/","name":"KOOR wood","description":"a bit of nature at your side","publisher":{"@id":"https:\/\/koorwood.eu\/et\/#organization"},"potentialAction":[{"@type":"SearchAction","target":{"@type":"EntryPoint","urlTemplate":"https:\/\/koorwood.eu\/et\/?s={search_term_string}"},"query-input":{"@type":"PropertyValueSpecification","valueRequired":true,"valueName":"search_term_string"}}],"inLanguage":"et"},{"@type":"Organization","@id":"https:\/\/koorwood.eu\/et\/#organization","name":"KOOR wood","url":"https:\/\/koorwood.eu\/et\/","logo":{"@type":"ImageObject","inLanguage":"et","@id":"https:\/\/koorwood.eu\/et\/#\/schema\/logo\/image\/","url":"https:\/\/i1.wp.com\/koorwood.eu\/wp-content\/uploads\/2020\/03\/KOOR-wood-a-bit-of-nature-in-Your-pocket-logo-244x82-1.png?fit=244%2C82&ssl=1","contentUrl":"https:\/\/i1.wp.com\/koorwood.eu\/wp-content\/uploads\/2020\/03\/KOOR-wood-a-bit-of-nature-in-Your-pocket-logo-244x82-1.png?fit=244%2C82&ssl=1","width":244,"height":82,"caption":"KOOR wood"},"image":{"@id":"https:\/\/koorwood.eu\/et\/#\/schema\/logo\/image\/"},"sameAs":["https:\/\/www.facebook.com\/KOORwoodEesti\/","https:\/\/www.instagram.com\/koor_wood\/","https:\/\/ee.linkedin.com\/company\/koor-wood","https:\/\/www.pinterest.com\/koorwood\/","https:\/\/www.youtube.com\/channel\/UCHEstdKMn-jOYJYqhFRL_og"]}]}},"jetpack_sharing_enabled":true,"_links":{"self":[{"href":"https:\/\/koorwood.eu\/et\/wp-json\/wp\/v2\/product\/41495"}],"collection":[{"href":"https:\/\/koorwood.eu\/et\/wp-json\/wp\/v2\/product"}],"about":[{"href":"https:\/\/koorwood.eu\/et\/wp-json\/wp\/v2\/types\/product"}],"wp:featuredmedia":[{"embeddable":true,"href":"https:\/\/koorwood.eu\/et\/wp-json\/wp\/v2\/media\/40812"}],"wp:attachment":[{"href":"https:\/\/koorwood.eu\/et\/wp-json\/wp\/v2\/media?parent=41495"}],"wp:term":[{"taxonomy":"product_brand","embeddable":true,"href":"https:\/\/koorwood.eu\/et\/wp-json\/wp\/v2\/product_brand?post=41495"},{"taxonomy":"product_cat","embeddable":true,"href":"https:\/\/koorwood.eu\/et\/wp-json\/wp\/v2\/product_cat?post=41495"},{"taxonomy":"product_tag","embeddable":true,"href":"https:\/\/koorwood.eu\/et\/wp-json\/wp\/v2\/product_tag?post=41495"}],"curies":[{"name":"wp","href":"https:\/\/api.w.org\/{rel}","templated":true}]}}