{"id":45742,"date":"2024-04-18T15:15:48","date_gmt":"2024-04-18T12:15:48","guid":{"rendered":"https:\/\/koorwood.eu\/?post_type=product&#038;p=45742"},"modified":"2024-05-01T00:13:22","modified_gmt":"2024-04-30T21:13:22","slug":"markmik-tuhjade-lehtedega-jotty-floral-monstera-copy","status":"publish","type":"product","link":"https:\/\/koorwood.eu\/et\/toode\/markmik-tuhjade-lehtedega-jotty-floral-monstera-copy\/","title":{"rendered":"M\u00e4rkmik t\u00fchjade lehtedega JOTTY &#8211; Floral Poppy"},"content":{"rendered":"<p>KOOR wood m\u00e4rkmiku kaaned t\u00f6\u00f6tavad \u201celava hinge\u201d meetodil ja on valmistatud k\u00f5rgema kvaliteediga kasevineerist. Kujundus on hoolega l\u00e4bim\u00f5eldud ja materjali on pikaealisuse tagamiseks spetsiaalselt t\u00f6\u00f6deldud. Kaaned on k\u00e4sitsi lihvitud ja viimistletud. Esikaane sisek\u00fcljel on nurk, kuhu vahele saad pista lahtiseid lehti, m\u00e4rkmepabereid v\u00f5i visiitkaarte. M\u00e4rkmiku paremal k\u00fcljel on elastsest kummipaelast pliiatsihoidja, mis Sinu meelep\u00e4rast kirjapulka ilusti m\u00e4rkmiku juures hoiab. A4 formaadis m\u00e4rkmikul on neid lausa kaks!<\/p>\n<p>Alates 2017. aasta juunist kasutame paberina \u00fcmbert\u00f6\u00f6deldud paberit. Kui m\u00e4rkmik on t\u00e4is soditud, on v\u00e4ga lihtne paber v\u00e4lja vahetada!<\/p>\n<h3>Floral eriseeria:\u00a0Inspireeritud looduse kevadisest t\u00e4rkamisest.<\/h3>\n<ol>\n<li>Vali m\u00e4rkmiku formaat<\/li>\n<li>Vali graveeringu tekst v\u00f5i logo<\/li>\n<li>Vali graveeringu asukoht<\/li>\n<li>Vali kogus<\/li>\n<li>Kinnita tellimus<\/li>\n<\/ol>\n<p>M\u00e4rkmikud on saadaval ka\u00a0<a href=\"https:\/\/koorwood.eu\/et\/toode\/kalendermarkmik-nadalaplaneerija-jotty\/\">n\u00e4dalaplaneerijaga<\/a>\u00a0ja\u00a0<a href=\"https:\/\/koorwood.eu\/et\/toode\/markmik-jotty-jooneline\/\">jooneliste lehtedega<\/a>.<\/p>\n","protected":false},"excerpt":{"rendered":"<p>Kas oled kunagi paberit ja pliiatsit k\u00e4tte v\u00f5ttes tundnud, kuidas loovus l\u00e4bi su keha voolab? Haara meie puidust m\u00e4rkmik, Jotty, ja omale meelep\u00e4rane kirjapulk, mine loodusesse v\u00f5i t\u00f5mba diivanile kerra ja lase ideedel lennata. Teler ja telefon v\u00f5ivad oodata &#8211; loomingulised m\u00f5tted aga mitte!<\/p>\n<p>KOOR m\u00e4rkmik on m\u00f5eldud nendele inimestele, kes endiselt v\u00e4\u00e4rtustavad analoogmaailma &#8211; k\u00e4sitsi joonistamist ja kirjutamist.<\/p>\n<h3>Floral eriseeria:\u00a0Inspireeritud looduse kevadisest t\u00e4rkamisest.<\/h3>\n","protected":false},"featured_media":45749,"template":"","meta":{"_acf_changed":false,"_exactmetrics_skip_tracking":false,"_exactmetrics_sitenote_active":false,"_exactmetrics_sitenote_note":"","_exactmetrics_sitenote_category":0,"jetpack_post_was_ever_published":false,"jetpack_publicize_message":"","jetpack_publicize_feature_enabled":true,"jetpack_social_post_already_shared":true,"jetpack_social_options":{"image_generator_settings":{"template":"highway","enabled":false},"version":2}},"product_brand":[],"product_cat":[241,268,270],"product_tag":[],"class_list":{"0":"post-45742","1":"product","2":"type-product","3":"status-publish","4":"has-post-thumbnail","6":"product_cat-aksessuaarid","7":"product_cat-ettevotte-kingitused","8":"product_cat-kirjatarbed","10":"first","11":"instock","12":"taxable","13":"shipping-taxable","14":"purchasable","15":"product-type-variable"},"exclude_global_add_ons":false,"addons":[{"name":"Lisa graveeritav tekst - valikuline","type":"custom_text","position":0,"required":false,"title_format":"label","default":"","description_enable":false,"description":"","placeholder_enable":false,"placeholder":"","display":"select","restrictions_type":"any_text","adjust_price":true,"price":"3","price_type":"flat_fee","restrictions":true,"min":"0","max":"200","options":[],"id":1713454709},{"name":"Graveeringu font - valikuline","type":"multiple_choice","position":1,"required":false,"title_format":"label","default":"","description_enable":false,"description":"","placeholder_enable":false,"placeholder":"","display":"images","restrictions_type":"any_text","adjust_price":false,"price":"","price_type":"flat_fee","restrictions":false,"min":"0","max":"0","options":[{"label":"Arvo","price":"","price_type":"flat_fee","image":40330,"visibility":true},{"label":"Quicksand","price":"","price_type":"flat_fee","image":40326,"visibility":true},{"label":"Alex brush","price":"","price_type":"flat_fee","image":40328,"visibility":true},{"label":"Six Caps","price":"","price_type":"flat_fee","image":40332,"visibility":true},{"label":"Helvetica","price":"","price_type":"flat_fee","image":40334,"visibility":true}],"id":1713454710},{"name":"Lisa logo v\u00f5i pilt - valikuline (mitte foto)","type":"file_upload","position":2,"required":false,"title_format":"label","default":"","description_enable":false,"description":"","placeholder_enable":false,"placeholder":"","display":"select","restrictions_type":"any_text","adjust_price":true,"price":"5","price_type":"flat_fee","restrictions":false,"min":"0","max":"0","options":[],"id":1713454711},{"name":"Graveeringu asukoht","type":"multiple_choice","position":3,"required":false,"title_format":"label","default":"","description_enable":false,"description":"","placeholder_enable":false,"placeholder":"","display":"images","restrictions_type":"any_text","adjust_price":false,"price":"","price_type":"flat_fee","restrictions":false,"min":"0","max":"0","options":[{"label":"Esikaanel, kaane keskel","price":"","price_type":"flat_fee","image":40519,"visibility":true},{"label":"Esikaanel, all paremas servas","price":"","price_type":"flat_fee","image":40529,"visibility":true},{"label":"Esikaanel, all vasakus servas","price":"","price_type":"flat_fee","image":40525,"visibility":true},{"label":"Esikaanel, all keskel","price":"","price_type":"flat_fee","image":40527,"visibility":true},{"label":"Sisekaane nurgal","price":"","price_type":"flat_fee","image":41471,"visibility":true}],"id":1713454712},{"name":"Kommentaarid tellimuse v\u00f5i kujunduse kohta \u2013 valikuline","type":"custom_text","position":4,"required":false,"title_format":"label","default":"","description_enable":false,"description":"","placeholder_enable":false,"placeholder":"","display":"select","restrictions_type":"any_text","adjust_price":false,"price":"100","price_type":"quantity_based","restrictions":false,"min":"0","max":"0","options":[],"id":1713454713}],"jetpack_publicize_connections":[],"acf":[],"yoast_head":"<!-- This site is optimized with the Yoast SEO plugin v23.4 - https:\/\/yoast.com\/wordpress\/plugins\/seo\/ -->\n<title>Kasevineerist kaantega m\u00e4rkmik | Vali oma graveering | KOOR wood<\/title>\n<meta name=\"description\" content=\"KOOR wood toodab puidust m\u00e4rkmikuid. Kasutame FSC sertifitseeritud vineeri ja taaskasutus paberit. Tooded on valmistatud Eestis!\" \/>\n<meta name=\"robots\" content=\"index, follow, max-snippet:-1, max-image-preview:large, max-video-preview:-1\" \/>\n<link rel=\"canonical\" href=\"https:\/\/koorwood.eu\/et\/toode\/markmik-tuhjade-lehtedega-jotty-floral-monstera-copy\/\" \/>\n<meta property=\"og:locale\" content=\"et_EE\" \/>\n<meta property=\"og:type\" content=\"article\" \/>\n<meta property=\"og:title\" content=\"Kasevineerist kaantega m\u00e4rkmik | Vali oma graveering | KOOR wood\" \/>\n<meta property=\"og:description\" content=\"KOOR wood toodab puidust m\u00e4rkmikuid. Kasutame FSC sertifitseeritud vineeri ja taaskasutus paberit. Tooded on valmistatud Eestis!\" \/>\n<meta property=\"og:url\" content=\"https:\/\/koorwood.eu\/et\/toode\/markmik-tuhjade-lehtedega-jotty-floral-monstera-copy\/\" \/>\n<meta property=\"og:site_name\" content=\"KOOR wood\" \/>\n<meta property=\"article:publisher\" content=\"https:\/\/www.facebook.com\/KOORwoodEesti\/\" \/>\n<meta property=\"article:modified_time\" content=\"2024-04-30T21:13:22+00:00\" \/>\n<meta property=\"og:image\" content=\"https:\/\/koorwood.eu\/wp-content\/uploads\/2024\/04\/puit-markmik-Moon-B6.jpeg\" \/>\n\t<meta property=\"og:image:width\" content=\"2000\" \/>\n\t<meta property=\"og:image:height\" content=\"1335\" \/>\n\t<meta property=\"og:image:type\" content=\"image\/jpeg\" \/>\n<meta name=\"twitter:card\" content=\"summary_large_image\" \/>\n<meta name=\"twitter:label1\" content=\"Est. reading time\" \/>\n\t<meta name=\"twitter:data1\" content=\"1 minut\" \/>\n<script type=\"application\/ld+json\" class=\"yoast-schema-graph\">{\"@context\":\"https:\/\/schema.org\",\"@graph\":[{\"@type\":\"WebPage\",\"@id\":\"https:\/\/koorwood.eu\/et\/toode\/markmik-tuhjade-lehtedega-jotty-floral-monstera-copy\/\",\"url\":\"https:\/\/koorwood.eu\/et\/toode\/markmik-tuhjade-lehtedega-jotty-floral-monstera-copy\/\",\"name\":\"Kasevineerist kaantega m\u00e4rkmik | Vali oma graveering | KOOR wood\",\"isPartOf\":{\"@id\":\"https:\/\/koorwood.eu\/et\/#website\"},\"primaryImageOfPage\":{\"@id\":\"https:\/\/koorwood.eu\/et\/toode\/markmik-tuhjade-lehtedega-jotty-floral-monstera-copy\/#primaryimage\"},\"image\":{\"@id\":\"https:\/\/koorwood.eu\/et\/toode\/markmik-tuhjade-lehtedega-jotty-floral-monstera-copy\/#primaryimage\"},\"thumbnailUrl\":\"https:\/\/koorwood.eu\/wp-content\/uploads\/2024\/04\/puit-markmik-Moon-B6.jpeg\",\"datePublished\":\"2024-04-18T12:15:48+00:00\",\"dateModified\":\"2024-04-30T21:13:22+00:00\",\"description\":\"KOOR wood toodab puidust m\u00e4rkmikuid. Kasutame FSC sertifitseeritud vineeri ja taaskasutus paberit. Tooded on valmistatud Eestis!\",\"breadcrumb\":{\"@id\":\"https:\/\/koorwood.eu\/et\/toode\/markmik-tuhjade-lehtedega-jotty-floral-monstera-copy\/#breadcrumb\"},\"inLanguage\":\"et\",\"potentialAction\":[{\"@type\":\"ReadAction\",\"target\":[\"https:\/\/koorwood.eu\/et\/toode\/markmik-tuhjade-lehtedega-jotty-floral-monstera-copy\/\"]}]},{\"@type\":\"ImageObject\",\"inLanguage\":\"et\",\"@id\":\"https:\/\/koorwood.eu\/et\/toode\/markmik-tuhjade-lehtedega-jotty-floral-monstera-copy\/#primaryimage\",\"url\":\"https:\/\/koorwood.eu\/wp-content\/uploads\/2024\/04\/puit-markmik-Moon-B6.jpeg\",\"contentUrl\":\"https:\/\/koorwood.eu\/wp-content\/uploads\/2024\/04\/puit-markmik-Moon-B6.jpeg\",\"width\":1200,\"height\":801},{\"@type\":\"BreadcrumbList\",\"@id\":\"https:\/\/koorwood.eu\/et\/toode\/markmik-tuhjade-lehtedega-jotty-floral-monstera-copy\/#breadcrumb\",\"itemListElement\":[{\"@type\":\"ListItem\",\"position\":1,\"name\":\"Home\",\"item\":\"https:\/\/koorwood.eu\/et\/\"},{\"@type\":\"ListItem\",\"position\":2,\"name\":\"Shop\",\"item\":\"https:\/\/koorwood.eu\/et\/shop\/\"},{\"@type\":\"ListItem\",\"position\":3,\"name\":\"M\u00e4rkmik t\u00fchjade lehtedega JOTTY &#8211; Floral Poppy\"}]},{\"@type\":\"WebSite\",\"@id\":\"https:\/\/koorwood.eu\/et\/#website\",\"url\":\"https:\/\/koorwood.eu\/et\/\",\"name\":\"KOOR wood\",\"description\":\"a bit of nature at your side\",\"publisher\":{\"@id\":\"https:\/\/koorwood.eu\/et\/#organization\"},\"potentialAction\":[{\"@type\":\"SearchAction\",\"target\":{\"@type\":\"EntryPoint\",\"urlTemplate\":\"https:\/\/koorwood.eu\/et\/?s={search_term_string}\"},\"query-input\":{\"@type\":\"PropertyValueSpecification\",\"valueRequired\":true,\"valueName\":\"search_term_string\"}}],\"inLanguage\":\"et\"},{\"@type\":\"Organization\",\"@id\":\"https:\/\/koorwood.eu\/et\/#organization\",\"name\":\"KOOR wood\",\"url\":\"https:\/\/koorwood.eu\/et\/\",\"logo\":{\"@type\":\"ImageObject\",\"inLanguage\":\"et\",\"@id\":\"https:\/\/koorwood.eu\/et\/#\/schema\/logo\/image\/\",\"url\":\"https:\/\/i1.wp.com\/koorwood.eu\/wp-content\/uploads\/2020\/03\/KOOR-wood-a-bit-of-nature-in-Your-pocket-logo-244x82-1.png?fit=244%2C82&ssl=1\",\"contentUrl\":\"https:\/\/i1.wp.com\/koorwood.eu\/wp-content\/uploads\/2020\/03\/KOOR-wood-a-bit-of-nature-in-Your-pocket-logo-244x82-1.png?fit=244%2C82&ssl=1\",\"width\":244,\"height\":82,\"caption\":\"KOOR wood\"},\"image\":{\"@id\":\"https:\/\/koorwood.eu\/et\/#\/schema\/logo\/image\/\"},\"sameAs\":[\"https:\/\/www.facebook.com\/KOORwoodEesti\/\",\"https:\/\/www.instagram.com\/koor_wood\/\",\"https:\/\/ee.linkedin.com\/company\/koor-wood\",\"https:\/\/www.pinterest.com\/koorwood\/\",\"https:\/\/www.youtube.com\/channel\/UCHEstdKMn-jOYJYqhFRL_og\"]}]}<\/script>\n<!-- \/ Yoast SEO plugin. -->","yoast_head_json":{"title":"Kasevineerist kaantega m\u00e4rkmik | Vali oma graveering | KOOR wood","description":"KOOR wood toodab puidust m\u00e4rkmikuid. Kasutame FSC sertifitseeritud vineeri ja taaskasutus paberit. Tooded on valmistatud Eestis!","robots":{"index":"index","follow":"follow","max-snippet":"max-snippet:-1","max-image-preview":"max-image-preview:large","max-video-preview":"max-video-preview:-1"},"canonical":"https:\/\/koorwood.eu\/et\/toode\/markmik-tuhjade-lehtedega-jotty-floral-monstera-copy\/","og_locale":"et_EE","og_type":"article","og_title":"Kasevineerist kaantega m\u00e4rkmik | Vali oma graveering | KOOR wood","og_description":"KOOR wood toodab puidust m\u00e4rkmikuid. Kasutame FSC sertifitseeritud vineeri ja taaskasutus paberit. Tooded on valmistatud Eestis!","og_url":"https:\/\/koorwood.eu\/et\/toode\/markmik-tuhjade-lehtedega-jotty-floral-monstera-copy\/","og_site_name":"KOOR wood","article_publisher":"https:\/\/www.facebook.com\/KOORwoodEesti\/","article_modified_time":"2024-04-30T21:13:22+00:00","og_image":[{"width":2000,"height":1335,"url":"https:\/\/koorwood.eu\/wp-content\/uploads\/2024\/04\/puit-markmik-Moon-B6.jpeg","type":"image\/jpeg"}],"twitter_card":"summary_large_image","twitter_misc":{"Est. reading time":"1 minut"},"schema":{"@context":"https:\/\/schema.org","@graph":[{"@type":"WebPage","@id":"https:\/\/koorwood.eu\/et\/toode\/markmik-tuhjade-lehtedega-jotty-floral-monstera-copy\/","url":"https:\/\/koorwood.eu\/et\/toode\/markmik-tuhjade-lehtedega-jotty-floral-monstera-copy\/","name":"Kasevineerist kaantega m\u00e4rkmik | Vali oma graveering | KOOR wood","isPartOf":{"@id":"https:\/\/koorwood.eu\/et\/#website"},"primaryImageOfPage":{"@id":"https:\/\/koorwood.eu\/et\/toode\/markmik-tuhjade-lehtedega-jotty-floral-monstera-copy\/#primaryimage"},"image":{"@id":"https:\/\/koorwood.eu\/et\/toode\/markmik-tuhjade-lehtedega-jotty-floral-monstera-copy\/#primaryimage"},"thumbnailUrl":"https:\/\/koorwood.eu\/wp-content\/uploads\/2024\/04\/puit-markmik-Moon-B6.jpeg","datePublished":"2024-04-18T12:15:48+00:00","dateModified":"2024-04-30T21:13:22+00:00","description":"KOOR wood toodab puidust m\u00e4rkmikuid. Kasutame FSC sertifitseeritud vineeri ja taaskasutus paberit. Tooded on valmistatud Eestis!","breadcrumb":{"@id":"https:\/\/koorwood.eu\/et\/toode\/markmik-tuhjade-lehtedega-jotty-floral-monstera-copy\/#breadcrumb"},"inLanguage":"et","potentialAction":[{"@type":"ReadAction","target":["https:\/\/koorwood.eu\/et\/toode\/markmik-tuhjade-lehtedega-jotty-floral-monstera-copy\/"]}]},{"@type":"ImageObject","inLanguage":"et","@id":"https:\/\/koorwood.eu\/et\/toode\/markmik-tuhjade-lehtedega-jotty-floral-monstera-copy\/#primaryimage","url":"https:\/\/koorwood.eu\/wp-content\/uploads\/2024\/04\/puit-markmik-Moon-B6.jpeg","contentUrl":"https:\/\/koorwood.eu\/wp-content\/uploads\/2024\/04\/puit-markmik-Moon-B6.jpeg","width":1200,"height":801},{"@type":"BreadcrumbList","@id":"https:\/\/koorwood.eu\/et\/toode\/markmik-tuhjade-lehtedega-jotty-floral-monstera-copy\/#breadcrumb","itemListElement":[{"@type":"ListItem","position":1,"name":"Home","item":"https:\/\/koorwood.eu\/et\/"},{"@type":"ListItem","position":2,"name":"Shop","item":"https:\/\/koorwood.eu\/et\/shop\/"},{"@type":"ListItem","position":3,"name":"M\u00e4rkmik t\u00fchjade lehtedega JOTTY &#8211; Floral Poppy"}]},{"@type":"WebSite","@id":"https:\/\/koorwood.eu\/et\/#website","url":"https:\/\/koorwood.eu\/et\/","name":"KOOR wood","description":"a bit of nature at your side","publisher":{"@id":"https:\/\/koorwood.eu\/et\/#organization"},"potentialAction":[{"@type":"SearchAction","target":{"@type":"EntryPoint","urlTemplate":"https:\/\/koorwood.eu\/et\/?s={search_term_string}"},"query-input":{"@type":"PropertyValueSpecification","valueRequired":true,"valueName":"search_term_string"}}],"inLanguage":"et"},{"@type":"Organization","@id":"https:\/\/koorwood.eu\/et\/#organization","name":"KOOR wood","url":"https:\/\/koorwood.eu\/et\/","logo":{"@type":"ImageObject","inLanguage":"et","@id":"https:\/\/koorwood.eu\/et\/#\/schema\/logo\/image\/","url":"https:\/\/i1.wp.com\/koorwood.eu\/wp-content\/uploads\/2020\/03\/KOOR-wood-a-bit-of-nature-in-Your-pocket-logo-244x82-1.png?fit=244%2C82&ssl=1","contentUrl":"https:\/\/i1.wp.com\/koorwood.eu\/wp-content\/uploads\/2020\/03\/KOOR-wood-a-bit-of-nature-in-Your-pocket-logo-244x82-1.png?fit=244%2C82&ssl=1","width":244,"height":82,"caption":"KOOR wood"},"image":{"@id":"https:\/\/koorwood.eu\/et\/#\/schema\/logo\/image\/"},"sameAs":["https:\/\/www.facebook.com\/KOORwoodEesti\/","https:\/\/www.instagram.com\/koor_wood\/","https:\/\/ee.linkedin.com\/company\/koor-wood","https:\/\/www.pinterest.com\/koorwood\/","https:\/\/www.youtube.com\/channel\/UCHEstdKMn-jOYJYqhFRL_og"]}]}},"jetpack_sharing_enabled":true,"_links":{"self":[{"href":"https:\/\/koorwood.eu\/et\/wp-json\/wp\/v2\/product\/45742"}],"collection":[{"href":"https:\/\/koorwood.eu\/et\/wp-json\/wp\/v2\/product"}],"about":[{"href":"https:\/\/koorwood.eu\/et\/wp-json\/wp\/v2\/types\/product"}],"wp:featuredmedia":[{"embeddable":true,"href":"https:\/\/koorwood.eu\/et\/wp-json\/wp\/v2\/media\/45749"}],"wp:attachment":[{"href":"https:\/\/koorwood.eu\/et\/wp-json\/wp\/v2\/media?parent=45742"}],"wp:term":[{"taxonomy":"product_brand","embeddable":true,"href":"https:\/\/koorwood.eu\/et\/wp-json\/wp\/v2\/product_brand?post=45742"},{"taxonomy":"product_cat","embeddable":true,"href":"https:\/\/koorwood.eu\/et\/wp-json\/wp\/v2\/product_cat?post=45742"},{"taxonomy":"product_tag","embeddable":true,"href":"https:\/\/koorwood.eu\/et\/wp-json\/wp\/v2\/product_tag?post=45742"}],"curies":[{"name":"wp","href":"https:\/\/api.w.org\/{rel}","templated":true}]}}